{"id":208,"date":"2025-12-01T10:56:58","date_gmt":"2025-12-01T10:56:58","guid":{"rendered":"https:\/\/flyone.sk\/?page_id=208"},"modified":"2025-12-12T15:31:23","modified_gmt":"2025-12-12T13:31:23","slug":"fotografie-videa","status":"publish","type":"page","link":"https:\/\/flyone.sk\/de\/fotografie-videa\/","title":{"rendered":"Fotografie a vide\u00e1"},"content":{"rendered":"<section class=\"bde-section-208-100 bde-section\">\n  \n  \n\t\n\n\n\n<div class=\"section-container\"><h1 class=\"bde-heading-208-101 bde-heading\">\nBoeing 737 Flugsimulator Cockpit Fotos und Videos\n<\/h1><div class=\"bde-gallery-208-103 bde-gallery\">\n\n\n\n\n\n\n\n\n\n\n\n\n\n<div class=\"ee-gallery ee-gallery--isotope ee-gallery--justified ee-gallery--single ee-gallery--lightbox ee-gallery-- ee-gallery--caption- ee-gallery--caption-none ee-gallery--ratio\">\n                  \n      <a class=\"ee-gallery-item ee-gallery-item--image ee-gallery-item--single\" href=\"https:\/\/flyone.sk\/wp-content\/uploads\/2025\/12\/fofo_rs1.jpeg.webp\"  data-sub-html=\"<span><\/span>\" data-category=\"1\"                  data-lg-size=\"302-403\"\n\n      >\n        <figure class=\"ee-gallery-item-figure\">\n                        <img decoding=\"async\" class=\"breakdance-image-object\" src=\"https:\/\/flyone.sk\/wp-content\/uploads\/2025\/12\/fofo_rs1.jpeg.webp\" width=\"302\" height=\"403\" srcset=\"https:\/\/flyone.sk\/wp-content\/uploads\/2025\/12\/fofo_rs1.jpeg.webp 302w, https:\/\/flyone.sk\/wp-content\/uploads\/2025\/12\/fofo_rs1.jpeg-225x300.webp 225w\" sizes=\"auto, (max-width: 302px) 100vw, 302px\" loading=\"lazy\">\n          \n                  <\/figure>\n      <\/a>\n\n                \n      <a class=\"ee-gallery-item ee-gallery-item--image ee-gallery-item--single\" href=\"https:\/\/flyone.sk\/wp-content\/uploads\/2025\/12\/IMG_20250111_182507.jpeg.webp\"  data-sub-html=\"<span><\/span>\" data-category=\"1\"                  data-lg-size=\"1679-1124\"\n\n      >\n        <figure class=\"ee-gallery-item-figure\">\n                        <img decoding=\"async\" class=\"breakdance-image-object\" src=\"https:\/\/flyone.sk\/wp-content\/uploads\/2025\/12\/IMG_20250111_182507.jpeg-1024x686.webp\" width=\"1024\" height=\"686\" srcset=\"https:\/\/flyone.sk\/wp-content\/uploads\/2025\/12\/IMG_20250111_182507.jpeg.webp 1679w, https:\/\/flyone.sk\/wp-content\/uploads\/2025\/12\/IMG_20250111_182507.jpeg-300x201.webp 300w, https:\/\/flyone.sk\/wp-content\/uploads\/2025\/12\/IMG_20250111_182507.jpeg-1024x686.webp 1024w, https:\/\/flyone.sk\/wp-content\/uploads\/2025\/12\/IMG_20250111_182507.jpeg-768x514.webp 768w, https:\/\/flyone.sk\/wp-content\/uploads\/2025\/12\/IMG_20250111_182507.jpeg-1536x1028.webp 1536w\" sizes=\"auto, (max-width: 1679px) 100vw, 1679px\" loading=\"lazy\">\n          \n                  <\/figure>\n      <\/a>\n\n                \n      <a class=\"ee-gallery-item ee-gallery-item--image ee-gallery-item--single\" href=\"https:\/\/flyone.sk\/wp-content\/uploads\/2025\/12\/IMG_20250111_191857.jpeg.webp\"  data-sub-html=\"<span><\/span>\" data-category=\"1\"                  data-lg-size=\"280-402\"\n\n      >\n        <figure class=\"ee-gallery-item-figure\">\n                        <img decoding=\"async\" class=\"breakdance-image-object\" src=\"https:\/\/flyone.sk\/wp-content\/uploads\/2025\/12\/IMG_20250111_191857.jpeg.webp\" width=\"280\" height=\"402\" srcset=\"https:\/\/flyone.sk\/wp-content\/uploads\/2025\/12\/IMG_20250111_191857.jpeg.webp 280w, https:\/\/flyone.sk\/wp-content\/uploads\/2025\/12\/IMG_20250111_191857.jpeg-209x300.webp 209w\" sizes=\"auto, (max-width: 280px) 100vw, 280px\" loading=\"lazy\">\n          \n                  <\/figure>\n      <\/a>\n\n                \n      <a class=\"ee-gallery-item ee-gallery-item--image ee-gallery-item--single\" href=\"https:\/\/flyone.sk\/wp-content\/uploads\/2025\/12\/IMG_20250111_195044.jpeg.webp\"  data-sub-html=\"<span><\/span>\" data-category=\"1\"                  data-lg-size=\"1679-1132\"\n\n      >\n        <figure class=\"ee-gallery-item-figure\">\n                        <img decoding=\"async\" class=\"breakdance-image-object\" src=\"https:\/\/flyone.sk\/wp-content\/uploads\/2025\/12\/IMG_20250111_195044.jpeg-1024x690.webp\" width=\"1024\" height=\"690\" srcset=\"https:\/\/flyone.sk\/wp-content\/uploads\/2025\/12\/IMG_20250111_195044.jpeg.webp 1679w, https:\/\/flyone.sk\/wp-content\/uploads\/2025\/12\/IMG_20250111_195044.jpeg-300x202.webp 300w, https:\/\/flyone.sk\/wp-content\/uploads\/2025\/12\/IMG_20250111_195044.jpeg-1024x690.webp 1024w, https:\/\/flyone.sk\/wp-content\/uploads\/2025\/12\/IMG_20250111_195044.jpeg-768x518.webp 768w, https:\/\/flyone.sk\/wp-content\/uploads\/2025\/12\/IMG_20250111_195044.jpeg-1536x1036.webp 1536w\" sizes=\"auto, (max-width: 1679px) 100vw, 1679px\" loading=\"lazy\">\n          \n                  <\/figure>\n      <\/a>\n\n                \n      <a class=\"ee-gallery-item ee-gallery-item--image ee-gallery-item--single\" href=\"https:\/\/flyone.sk\/wp-content\/uploads\/2025\/12\/IMG_20250111_182645.jpeg.webp\"  data-sub-html=\"<span><\/span>\" data-category=\"1\"                  data-lg-size=\"289-434\"\n\n      >\n        <figure class=\"ee-gallery-item-figure\">\n                        <img decoding=\"async\" class=\"breakdance-image-object\" src=\"https:\/\/flyone.sk\/wp-content\/uploads\/2025\/12\/IMG_20250111_182645.jpeg.webp\" width=\"289\" height=\"434\" srcset=\"https:\/\/flyone.sk\/wp-content\/uploads\/2025\/12\/IMG_20250111_182645.jpeg.webp 289w, https:\/\/flyone.sk\/wp-content\/uploads\/2025\/12\/IMG_20250111_182645.jpeg-200x300.webp 200w\" sizes=\"auto, (max-width: 289px) 100vw, 289px\" loading=\"lazy\">\n          \n                  <\/figure>\n      <\/a>\n\n                \n      <a class=\"ee-gallery-item ee-gallery-item--image ee-gallery-item--single\" href=\"https:\/\/flyone.sk\/wp-content\/uploads\/2025\/12\/HDR_0629_1.jpg.webp\"  data-sub-html=\"<span><\/span>\" data-category=\"1\"                  data-lg-size=\"289-434\"\n\n      >\n        <figure class=\"ee-gallery-item-figure\">\n                        <img decoding=\"async\" class=\"breakdance-image-object\" src=\"https:\/\/flyone.sk\/wp-content\/uploads\/2025\/12\/HDR_0629_1.jpg.webp\" width=\"289\" height=\"434\" srcset=\"https:\/\/flyone.sk\/wp-content\/uploads\/2025\/12\/HDR_0629_1.jpg.webp 289w, https:\/\/flyone.sk\/wp-content\/uploads\/2025\/12\/HDR_0629_1.jpg-200x300.webp 200w\" sizes=\"auto, (max-width: 289px) 100vw, 289px\" loading=\"lazy\">\n          \n                  <\/figure>\n      <\/a>\n\n                \n      <a class=\"ee-gallery-item ee-gallery-item--image ee-gallery-item--single\" href=\"https:\/\/flyone.sk\/wp-content\/uploads\/2025\/12\/IMG_20250111_192044.jpg.webp\"  data-sub-html=\"<span><\/span>\" data-category=\"1\"                  data-lg-size=\"482-362\"\n\n      >\n        <figure class=\"ee-gallery-item-figure\">\n                        <img decoding=\"async\" class=\"breakdance-image-object\" src=\"https:\/\/flyone.sk\/wp-content\/uploads\/2025\/12\/IMG_20250111_192044.jpg.webp\" width=\"482\" height=\"362\" srcset=\"https:\/\/flyone.sk\/wp-content\/uploads\/2025\/12\/IMG_20250111_192044.jpg.webp 482w, https:\/\/flyone.sk\/wp-content\/uploads\/2025\/12\/IMG_20250111_192044.jpg-300x225.webp 300w\" sizes=\"auto, (max-width: 482px) 100vw, 482px\" loading=\"lazy\">\n          \n                  <\/figure>\n      <\/a>\n\n                \n      <a class=\"ee-gallery-item ee-gallery-item--image ee-gallery-item--single\" href=\"https:\/\/flyone.sk\/wp-content\/uploads\/2025\/12\/HDR_0662.jpg.webp\"  data-sub-html=\"<span><\/span>\" data-category=\"1\"                  data-lg-size=\"289-434\"\n\n      >\n        <figure class=\"ee-gallery-item-figure\">\n                        <img decoding=\"async\" class=\"breakdance-image-object\" src=\"https:\/\/flyone.sk\/wp-content\/uploads\/2025\/12\/HDR_0662.jpg.webp\" width=\"289\" height=\"434\" srcset=\"https:\/\/flyone.sk\/wp-content\/uploads\/2025\/12\/HDR_0662.jpg.webp 289w, https:\/\/flyone.sk\/wp-content\/uploads\/2025\/12\/HDR_0662.jpg-200x300.webp 200w\" sizes=\"auto, (max-width: 289px) 100vw, 289px\" loading=\"lazy\">\n          \n                  <\/figure>\n      <\/a>\n\n                \n      <a class=\"ee-gallery-item ee-gallery-item--image ee-gallery-item--single\" href=\"https:\/\/flyone.sk\/wp-content\/uploads\/2025\/12\/IMG_0811.jpeg.webp\"  data-sub-html=\"<span><\/span>\" data-category=\"1\"                  data-lg-size=\"541-362\"\n\n      >\n        <figure class=\"ee-gallery-item-figure\">\n                        <img decoding=\"async\" class=\"breakdance-image-object\" src=\"https:\/\/flyone.sk\/wp-content\/uploads\/2025\/12\/IMG_0811.jpeg.webp\" width=\"541\" height=\"362\" srcset=\"https:\/\/flyone.sk\/wp-content\/uploads\/2025\/12\/IMG_0811.jpeg.webp 541w, https:\/\/flyone.sk\/wp-content\/uploads\/2025\/12\/IMG_0811.jpeg-300x201.webp 300w\" sizes=\"auto, (max-width: 541px) 100vw, 541px\" loading=\"lazy\">\n          \n                  <\/figure>\n      <\/a>\n\n                \n      <a class=\"ee-gallery-item ee-gallery-item--image ee-gallery-item--single\" href=\"https:\/\/flyone.sk\/wp-content\/uploads\/2025\/12\/DSCF6481.jpg\"  data-sub-html=\"<span><\/span>\" data-category=\"1\"                  data-lg-size=\"1560-1040\"\n\n      >\n        <figure class=\"ee-gallery-item-figure\">\n                        <img decoding=\"async\" class=\"breakdance-image-object\" src=\"https:\/\/flyone.sk\/wp-content\/uploads\/2025\/12\/DSCF6481-1024x683.jpg\" width=\"1024\" height=\"683\" srcset=\"https:\/\/flyone.sk\/wp-content\/uploads\/2025\/12\/DSCF6481.jpg 1560w, https:\/\/flyone.sk\/wp-content\/uploads\/2025\/12\/DSCF6481-300x200.jpg 300w, https:\/\/flyone.sk\/wp-content\/uploads\/2025\/12\/DSCF6481-1024x683.jpg 1024w, https:\/\/flyone.sk\/wp-content\/uploads\/2025\/12\/DSCF6481-768x512.jpg 768w, https:\/\/flyone.sk\/wp-content\/uploads\/2025\/12\/DSCF6481-1536x1024.jpg 1536w, https:\/\/flyone.sk\/wp-content\/uploads\/2025\/12\/DSCF6481-60x40.jpg 60w, https:\/\/flyone.sk\/wp-content\/uploads\/2025\/12\/DSCF6481-600x400.jpg 600w\" sizes=\"auto, (max-width: 1560px) 100vw, 1560px\" loading=\"lazy\">\n          \n                  <\/figure>\n      <\/a>\n\n                \n      <a class=\"ee-gallery-item ee-gallery-item--image ee-gallery-item--single\" href=\"https:\/\/flyone.sk\/wp-content\/uploads\/2025\/12\/DSCF6845.jpg\"  data-sub-html=\"<span><\/span>\" data-category=\"1\"                  data-lg-size=\"1560-1040\"\n\n      >\n        <figure class=\"ee-gallery-item-figure\">\n                        <img decoding=\"async\" class=\"breakdance-image-object\" src=\"https:\/\/flyone.sk\/wp-content\/uploads\/2025\/12\/DSCF6845-1024x683.jpg\" width=\"1024\" height=\"683\" srcset=\"https:\/\/flyone.sk\/wp-content\/uploads\/2025\/12\/DSCF6845.jpg 1560w, https:\/\/flyone.sk\/wp-content\/uploads\/2025\/12\/DSCF6845-300x200.jpg 300w, https:\/\/flyone.sk\/wp-content\/uploads\/2025\/12\/DSCF6845-1024x683.jpg 1024w, https:\/\/flyone.sk\/wp-content\/uploads\/2025\/12\/DSCF6845-768x512.jpg 768w, https:\/\/flyone.sk\/wp-content\/uploads\/2025\/12\/DSCF6845-1536x1024.jpg 1536w, https:\/\/flyone.sk\/wp-content\/uploads\/2025\/12\/DSCF6845-60x40.jpg 60w, https:\/\/flyone.sk\/wp-content\/uploads\/2025\/12\/DSCF6845-600x400.jpg 600w\" sizes=\"auto, (max-width: 1560px) 100vw, 1560px\" loading=\"lazy\">\n          \n                  <\/figure>\n      <\/a>\n\n                \n      <a class=\"ee-gallery-item ee-gallery-item--image ee-gallery-item--single\" href=\"https:\/\/flyone.sk\/wp-content\/uploads\/2025\/12\/DSCF6973.jpg\"  data-sub-html=\"<span><\/span>\" data-category=\"1\"                  data-lg-size=\"1560-1040\"\n\n      >\n        <figure class=\"ee-gallery-item-figure\">\n                        <img decoding=\"async\" class=\"breakdance-image-object\" src=\"https:\/\/flyone.sk\/wp-content\/uploads\/2025\/12\/DSCF6973-1024x683.jpg\" width=\"1024\" height=\"683\" srcset=\"https:\/\/flyone.sk\/wp-content\/uploads\/2025\/12\/DSCF6973.jpg 1560w, https:\/\/flyone.sk\/wp-content\/uploads\/2025\/12\/DSCF6973-300x200.jpg 300w, https:\/\/flyone.sk\/wp-content\/uploads\/2025\/12\/DSCF6973-1024x683.jpg 1024w, https:\/\/flyone.sk\/wp-content\/uploads\/2025\/12\/DSCF6973-768x512.jpg 768w, https:\/\/flyone.sk\/wp-content\/uploads\/2025\/12\/DSCF6973-1536x1024.jpg 1536w, https:\/\/flyone.sk\/wp-content\/uploads\/2025\/12\/DSCF6973-60x40.jpg 60w, https:\/\/flyone.sk\/wp-content\/uploads\/2025\/12\/DSCF6973-600x400.jpg 600w\" sizes=\"auto, (max-width: 1560px) 100vw, 1560px\" loading=\"lazy\">\n          \n                  <\/figure>\n      <\/a>\n\n                \n      <a class=\"ee-gallery-item ee-gallery-item--image ee-gallery-item--single\" href=\"https:\/\/flyone.sk\/wp-content\/uploads\/2025\/12\/DSCF7090.jpg\"  data-sub-html=\"<span><\/span>\" data-category=\"1\"                  data-lg-size=\"1560-1040\"\n\n      >\n        <figure class=\"ee-gallery-item-figure\">\n                        <img decoding=\"async\" class=\"breakdance-image-object\" src=\"https:\/\/flyone.sk\/wp-content\/uploads\/2025\/12\/DSCF7090-1024x683.jpg\" width=\"1024\" height=\"683\" srcset=\"https:\/\/flyone.sk\/wp-content\/uploads\/2025\/12\/DSCF7090.jpg 1560w, https:\/\/flyone.sk\/wp-content\/uploads\/2025\/12\/DSCF7090-300x200.jpg 300w, https:\/\/flyone.sk\/wp-content\/uploads\/2025\/12\/DSCF7090-1024x683.jpg 1024w, https:\/\/flyone.sk\/wp-content\/uploads\/2025\/12\/DSCF7090-768x512.jpg 768w, https:\/\/flyone.sk\/wp-content\/uploads\/2025\/12\/DSCF7090-1536x1024.jpg 1536w, https:\/\/flyone.sk\/wp-content\/uploads\/2025\/12\/DSCF7090-60x40.jpg 60w, https:\/\/flyone.sk\/wp-content\/uploads\/2025\/12\/DSCF7090-600x400.jpg 600w\" sizes=\"auto, (max-width: 1560px) 100vw, 1560px\" loading=\"lazy\">\n          \n                  <\/figure>\n      <\/a>\n\n                \n      <a class=\"ee-gallery-item ee-gallery-item--image ee-gallery-item--single\" href=\"https:\/\/flyone.sk\/wp-content\/uploads\/2025\/12\/DSCF7119.jpg\"  data-sub-html=\"<span><\/span>\" data-category=\"1\"                  data-lg-size=\"1560-1040\"\n\n      >\n        <figure class=\"ee-gallery-item-figure\">\n                        <img decoding=\"async\" class=\"breakdance-image-object\" src=\"https:\/\/flyone.sk\/wp-content\/uploads\/2025\/12\/DSCF7119-1024x683.jpg\" width=\"1024\" height=\"683\" srcset=\"https:\/\/flyone.sk\/wp-content\/uploads\/2025\/12\/DSCF7119.jpg 1560w, https:\/\/flyone.sk\/wp-content\/uploads\/2025\/12\/DSCF7119-300x200.jpg 300w, https:\/\/flyone.sk\/wp-content\/uploads\/2025\/12\/DSCF7119-1024x683.jpg 1024w, https:\/\/flyone.sk\/wp-content\/uploads\/2025\/12\/DSCF7119-768x512.jpg 768w, https:\/\/flyone.sk\/wp-content\/uploads\/2025\/12\/DSCF7119-1536x1024.jpg 1536w, https:\/\/flyone.sk\/wp-content\/uploads\/2025\/12\/DSCF7119-60x40.jpg 60w, https:\/\/flyone.sk\/wp-content\/uploads\/2025\/12\/DSCF7119-600x400.jpg 600w\" sizes=\"auto, (max-width: 1560px) 100vw, 1560px\" loading=\"lazy\">\n          \n                  <\/figure>\n      <\/a>\n\n                \n      <a class=\"ee-gallery-item ee-gallery-item--image ee-gallery-item--single\" href=\"https:\/\/flyone.sk\/wp-content\/uploads\/2025\/12\/DSCF7724.jpg\"  data-sub-html=\"<span><\/span>\" data-category=\"1\"                  data-lg-size=\"1560-1040\"\n\n      >\n        <figure class=\"ee-gallery-item-figure\">\n                        <img decoding=\"async\" class=\"breakdance-image-object\" src=\"https:\/\/flyone.sk\/wp-content\/uploads\/2025\/12\/DSCF7724-1024x683.jpg\" width=\"1024\" height=\"683\" srcset=\"https:\/\/flyone.sk\/wp-content\/uploads\/2025\/12\/DSCF7724.jpg 1560w, https:\/\/flyone.sk\/wp-content\/uploads\/2025\/12\/DSCF7724-300x200.jpg 300w, https:\/\/flyone.sk\/wp-content\/uploads\/2025\/12\/DSCF7724-1024x683.jpg 1024w, https:\/\/flyone.sk\/wp-content\/uploads\/2025\/12\/DSCF7724-768x512.jpg 768w, https:\/\/flyone.sk\/wp-content\/uploads\/2025\/12\/DSCF7724-1536x1024.jpg 1536w, https:\/\/flyone.sk\/wp-content\/uploads\/2025\/12\/DSCF7724-60x40.jpg 60w, https:\/\/flyone.sk\/wp-content\/uploads\/2025\/12\/DSCF7724-600x400.jpg 600w\" sizes=\"auto, (max-width: 1560px) 100vw, 1560px\" loading=\"lazy\">\n          \n                  <\/figure>\n      <\/a>\n\n                \n      <a class=\"ee-gallery-item ee-gallery-item--image ee-gallery-item--single\" href=\"https:\/\/flyone.sk\/wp-content\/uploads\/2025\/12\/DSCF7195-1.jpg\"  data-sub-html=\"<span><\/span>\" data-category=\"1\"                  data-lg-size=\"1560-1040\"\n\n      >\n        <figure class=\"ee-gallery-item-figure\">\n                        <img decoding=\"async\" class=\"breakdance-image-object\" src=\"https:\/\/flyone.sk\/wp-content\/uploads\/2025\/12\/DSCF7195-1-1024x683.jpg\" width=\"1024\" height=\"683\" srcset=\"https:\/\/flyone.sk\/wp-content\/uploads\/2025\/12\/DSCF7195-1.jpg 1560w, https:\/\/flyone.sk\/wp-content\/uploads\/2025\/12\/DSCF7195-1-300x200.jpg 300w, https:\/\/flyone.sk\/wp-content\/uploads\/2025\/12\/DSCF7195-1-1024x683.jpg 1024w, https:\/\/flyone.sk\/wp-content\/uploads\/2025\/12\/DSCF7195-1-768x512.jpg 768w, https:\/\/flyone.sk\/wp-content\/uploads\/2025\/12\/DSCF7195-1-1536x1024.jpg 1536w, https:\/\/flyone.sk\/wp-content\/uploads\/2025\/12\/DSCF7195-1-60x40.jpg 60w, https:\/\/flyone.sk\/wp-content\/uploads\/2025\/12\/DSCF7195-1-600x400.jpg 600w\" sizes=\"auto, (max-width: 1560px) 100vw, 1560px\" loading=\"lazy\">\n          \n                  <\/figure>\n      <\/a>\n\n                \n      <a class=\"ee-gallery-item ee-gallery-item--image ee-gallery-item--single\" href=\"https:\/\/flyone.sk\/wp-content\/uploads\/2025\/12\/DSCF7119-e1765546269941.jpg\"  data-sub-html=\"<span><\/span>\" data-category=\"1\"                  data-lg-size=\"1040-1560\"\n\n      >\n        <figure class=\"ee-gallery-item-figure\">\n                        <img decoding=\"async\" class=\"breakdance-image-object\" src=\"https:\/\/flyone.sk\/wp-content\/uploads\/2025\/12\/DSCF7119-e1765546269941-683x1024.jpg\" width=\"683\" height=\"1024\" srcset=\"https:\/\/flyone.sk\/wp-content\/uploads\/2025\/12\/DSCF7119-e1765546269941.jpg 1040w, https:\/\/flyone.sk\/wp-content\/uploads\/2025\/12\/DSCF7119-e1765546269941-200x300.jpg 200w, https:\/\/flyone.sk\/wp-content\/uploads\/2025\/12\/DSCF7119-e1765546269941-683x1024.jpg 683w, https:\/\/flyone.sk\/wp-content\/uploads\/2025\/12\/DSCF7119-e1765546269941-768x1152.jpg 768w, https:\/\/flyone.sk\/wp-content\/uploads\/2025\/12\/DSCF7119-e1765546269941-1024x1536.jpg 1024w, https:\/\/flyone.sk\/wp-content\/uploads\/2025\/12\/DSCF7119-e1765546269941-60x90.jpg 60w, https:\/\/flyone.sk\/wp-content\/uploads\/2025\/12\/DSCF7119-e1765546269941-600x900.jpg 600w\" sizes=\"auto, (max-width: 1040px) 100vw, 1040px\" loading=\"lazy\">\n          \n                  <\/figure>\n      <\/a>\n\n      \n      <div class=\"ee-gallery-gutter\"><\/div>\n  <\/div>\n\n\n\n<\/div><\/div>\n<\/section>","protected":false},"excerpt":{"rendered":"<p>Boeing 737 Flugsimulator Cockpit Fotos und Videos<\/p>","protected":false},"author":1,"featured_media":0,"parent":0,"menu_order":0,"comment_status":"closed","ping_status":"closed","template":"","meta":{"_breakdance_hide_in_design_set":false,"_breakdance_tags":"","footnotes":""},"class_list":["post-208","page","type-page","status-publish","hentry"],"yoast_head":"<!-- This site is optimized with the Yoast SEO plugin v26.6 - https:\/\/yoast.com\/wordpress\/plugins\/seo\/ -->\n<title>Leteck\u00fd simul\u00e1tor \u2013 Fotografie a vide\u00e1<\/title>\n<meta name=\"description\" content=\"Prezrite si fotky a vide\u00e1 zo simul\u00e1tora a z\u00edskajte predstavu o nezabudnute\u013enom z\u00e1\u017eitku pre v\u00e1s alebo ako dar\u010dek.\" \/>\n<meta name=\"robots\" content=\"index, follow, max-snippet:-1, max-image-preview:large, max-video-preview:-1\" \/>\n<link rel=\"canonical\" href=\"https:\/\/flyone.sk\/de\/fotografie-videa\/\" \/>\n<meta property=\"og:locale\" content=\"de_DE\" \/>\n<meta property=\"og:type\" content=\"article\" \/>\n<meta property=\"og:title\" content=\"Leteck\u00fd simul\u00e1tor \u2013 Fotografie a vide\u00e1\" \/>\n<meta property=\"og:description\" content=\"Prezrite si fotky a vide\u00e1 zo simul\u00e1tora a z\u00edskajte predstavu o nezabudnute\u013enom z\u00e1\u017eitku pre v\u00e1s alebo ako dar\u010dek.\" \/>\n<meta property=\"og:url\" content=\"https:\/\/flyone.sk\/de\/fotografie-videa\/\" \/>\n<meta property=\"og:site_name\" content=\"Leteck\u00fd simul\u00e1tor\" \/>\n<meta property=\"article:modified_time\" content=\"2025-12-12T13:31:23+00:00\" \/>\n<meta name=\"twitter:card\" content=\"summary_large_image\" \/>\n<script type=\"application\/ld+json\" class=\"yoast-schema-graph\">{\"@context\":\"https:\/\/schema.org\",\"@graph\":[{\"@type\":\"WebPage\",\"@id\":\"https:\/\/flyone.sk\/fotografie-videa\/\",\"url\":\"https:\/\/flyone.sk\/fotografie-videa\/\",\"name\":\"Leteck\u00fd simul\u00e1tor \u2013 Fotografie a vide\u00e1\",\"isPartOf\":{\"@id\":\"https:\/\/flyone.sk\/#website\"},\"datePublished\":\"2025-12-01T10:56:58+00:00\",\"dateModified\":\"2025-12-12T13:31:23+00:00\",\"description\":\"Prezrite si fotky a vide\u00e1 zo simul\u00e1tora a z\u00edskajte predstavu o nezabudnute\u013enom z\u00e1\u017eitku pre v\u00e1s alebo ako dar\u010dek.\",\"breadcrumb\":{\"@id\":\"https:\/\/flyone.sk\/fotografie-videa\/#breadcrumb\"},\"inLanguage\":\"de\",\"potentialAction\":[{\"@type\":\"ReadAction\",\"target\":[\"https:\/\/flyone.sk\/fotografie-videa\/\"]}]},{\"@type\":\"BreadcrumbList\",\"@id\":\"https:\/\/flyone.sk\/fotografie-videa\/#breadcrumb\",\"itemListElement\":[{\"@type\":\"ListItem\",\"position\":1,\"name\":\"Home\",\"item\":\"https:\/\/flyone.sk\/\"},{\"@type\":\"ListItem\",\"position\":2,\"name\":\"Fotografie a vide\u00e1\"}]},{\"@type\":\"WebSite\",\"@id\":\"https:\/\/flyone.sk\/#website\",\"url\":\"https:\/\/flyone.sk\/\",\"name\":\"Simulator letenja\",\"description\":\"\",\"publisher\":{\"@id\":\"https:\/\/flyone.sk\/#organization\"},\"potentialAction\":[{\"@type\":\"SearchAction\",\"target\":{\"@type\":\"EntryPoint\",\"urlTemplate\":\"https:\/\/flyone.sk\/?s={search_term_string}\"},\"query-input\":{\"@type\":\"PropertyValueSpecification\",\"valueRequired\":true,\"valueName\":\"search_term_string\"}}],\"inLanguage\":\"de\"},{\"@type\":\"Organization\",\"@id\":\"https:\/\/flyone.sk\/#organization\",\"name\":\"Simulator letenja\",\"url\":\"https:\/\/flyone.sk\/\",\"logo\":{\"@type\":\"ImageObject\",\"inLanguage\":\"de\",\"@id\":\"https:\/\/flyone.sk\/#\/schema\/logo\/image\/\",\"url\":\"https:\/\/flyone.sk\/wp-content\/uploads\/2025\/12\/fs1-logo-black.svg\",\"contentUrl\":\"https:\/\/flyone.sk\/wp-content\/uploads\/2025\/12\/fs1-logo-black.svg\",\"width\":96,\"height\":55,\"caption\":\"Simulator letenja\"},\"image\":{\"@id\":\"https:\/\/flyone.sk\/#\/schema\/logo\/image\/\"}}]}<\/script>\n<!-- \/ Yoast SEO plugin. -->","yoast_head_json":{"title":"Leteck\u00fd simul\u00e1tor \u2013 Fotografie a vide\u00e1","description":"Prezrite si fotky a vide\u00e1 zo simul\u00e1tora a z\u00edskajte predstavu o nezabudnute\u013enom z\u00e1\u017eitku pre v\u00e1s alebo ako dar\u010dek.","robots":{"index":"index","follow":"follow","max-snippet":"max-snippet:-1","max-image-preview":"max-image-preview:large","max-video-preview":"max-video-preview:-1"},"canonical":"https:\/\/flyone.sk\/de\/fotografie-videa\/","og_locale":"de_DE","og_type":"article","og_title":"Leteck\u00fd simul\u00e1tor \u2013 Fotografie a vide\u00e1","og_description":"Prezrite si fotky a vide\u00e1 zo simul\u00e1tora a z\u00edskajte predstavu o nezabudnute\u013enom z\u00e1\u017eitku pre v\u00e1s alebo ako dar\u010dek.","og_url":"https:\/\/flyone.sk\/de\/fotografie-videa\/","og_site_name":"Leteck\u00fd simul\u00e1tor","article_modified_time":"2025-12-12T13:31:23+00:00","twitter_card":"summary_large_image","schema":{"@context":"https:\/\/schema.org","@graph":[{"@type":"WebPage","@id":"https:\/\/flyone.sk\/fotografie-videa\/","url":"https:\/\/flyone.sk\/fotografie-videa\/","name":"Leteck\u00fd simul\u00e1tor \u2013 Fotografie a vide\u00e1","isPartOf":{"@id":"https:\/\/flyone.sk\/#website"},"datePublished":"2025-12-01T10:56:58+00:00","dateModified":"2025-12-12T13:31:23+00:00","description":"Prezrite si fotky a vide\u00e1 zo simul\u00e1tora a z\u00edskajte predstavu o nezabudnute\u013enom z\u00e1\u017eitku pre v\u00e1s alebo ako dar\u010dek.","breadcrumb":{"@id":"https:\/\/flyone.sk\/fotografie-videa\/#breadcrumb"},"inLanguage":"de","potentialAction":[{"@type":"ReadAction","target":["https:\/\/flyone.sk\/fotografie-videa\/"]}]},{"@type":"BreadcrumbList","@id":"https:\/\/flyone.sk\/fotografie-videa\/#breadcrumb","itemListElement":[{"@type":"ListItem","position":1,"name":"Home","item":"https:\/\/flyone.sk\/"},{"@type":"ListItem","position":2,"name":"Fotografie a vide\u00e1"}]},{"@type":"WebSite","@id":"https:\/\/flyone.sk\/#website","url":"https:\/\/flyone.sk\/","name":"Simulator letenja","description":"","publisher":{"@id":"https:\/\/flyone.sk\/#organization"},"potentialAction":[{"@type":"SearchAction","target":{"@type":"EntryPoint","urlTemplate":"https:\/\/flyone.sk\/?s={search_term_string}"},"query-input":{"@type":"PropertyValueSpecification","valueRequired":true,"valueName":"search_term_string"}}],"inLanguage":"de"},{"@type":"Organization","@id":"https:\/\/flyone.sk\/#organization","name":"Simulator letenja","url":"https:\/\/flyone.sk\/","logo":{"@type":"ImageObject","inLanguage":"de","@id":"https:\/\/flyone.sk\/#\/schema\/logo\/image\/","url":"https:\/\/flyone.sk\/wp-content\/uploads\/2025\/12\/fs1-logo-black.svg","contentUrl":"https:\/\/flyone.sk\/wp-content\/uploads\/2025\/12\/fs1-logo-black.svg","width":96,"height":55,"caption":"Simulator letenja"},"image":{"@id":"https:\/\/flyone.sk\/#\/schema\/logo\/image\/"}}]}},"_links":{"self":[{"href":"https:\/\/flyone.sk\/de\/wp-json\/wp\/v2\/pages\/208","targetHints":{"allow":["GET"]}}],"collection":[{"href":"https:\/\/flyone.sk\/de\/wp-json\/wp\/v2\/pages"}],"about":[{"href":"https:\/\/flyone.sk\/de\/wp-json\/wp\/v2\/types\/page"}],"author":[{"embeddable":true,"href":"https:\/\/flyone.sk\/de\/wp-json\/wp\/v2\/users\/1"}],"replies":[{"embeddable":true,"href":"https:\/\/flyone.sk\/de\/wp-json\/wp\/v2\/comments?post=208"}],"version-history":[{"count":8,"href":"https:\/\/flyone.sk\/de\/wp-json\/wp\/v2\/pages\/208\/revisions"}],"predecessor-version":[{"id":638,"href":"https:\/\/flyone.sk\/de\/wp-json\/wp\/v2\/pages\/208\/revisions\/638"}],"wp:attachment":[{"href":"https:\/\/flyone.sk\/de\/wp-json\/wp\/v2\/media?parent=208"}],"curies":[{"name":"wp","href":"https:\/\/api.w.org\/{rel}","templated":true}]}}