{"id":253,"date":"2025-12-01T11:43:43","date_gmt":"2025-12-01T11:43:43","guid":{"rendered":"https:\/\/flyone.sk\/?page_id=253"},"modified":"2025-12-08T11:16:32","modified_gmt":"2025-12-08T09:16:32","slug":"recenzie","status":"publish","type":"page","link":"https:\/\/flyone.sk\/de\/recenzie\/","title":{"rendered":"Bewertungen"},"content":{"rendered":"<section class=\"bde-section-253-100 bde-section\">\n  \n  \n\t\n\n\n\n<div class=\"section-container\"><h1 class=\"bde-heading-253-101 bde-heading\">\nBewertungen von Fl\u00fcgen in Boeing 737 Simulator\n<\/h1><div class=\"bde-rich-text-253-102 bde-rich-text breakdance-rich-text-styles\">\n<p>Teilen Sie mit uns Ihre Eindr\u00fccke vom Flug in unserem Simulator. Ihre Gef\u00fchle, Schwierigkeiten und<br \/>\u00dcberraschende Momente sind f\u00fcr uns sehr vorteilhaft und k\u00f6nnen uns auch inspirieren<br \/>Andere Anf\u00e4ngerpiloten.<\/p>\n<\/div><\/div>\n<\/section><section class=\"bde-section-253-104 bde-section\">\n  \n  \n\t\n\n\n\n<div class=\"section-container\"><h2 class=\"bde-heading-253-105 bde-heading\">\nGoogle-Rezensionen-Bereich\n<\/h2><\/div>\n<\/section>","protected":false},"excerpt":{"rendered":"<p>Recenzie z letov v simul\u00e1tore Boeing 737 Pode\u013ete sa s nami o va\u0161e dojmy z letu v na\u0161om simul\u00e1tore. Va\u0161e pocity, \u0165a\u017ekosti aprekvapiv\u00e9 momenty s\u00fa pre n\u00e1s ve\u013emi pr\u00ednosn\u00e9 a m\u00f4\u017eu taktie\u017e pom\u00f4c\u0165 in\u0161pirova\u0165in\u00fdch za\u010d\u00ednaj\u00facich pilotov. Google reviews section<\/p>","protected":false},"author":1,"featured_media":0,"parent":0,"menu_order":0,"comment_status":"closed","ping_status":"closed","template":"","meta":{"_breakdance_hide_in_design_set":false,"_breakdance_tags":"","footnotes":""},"class_list":["post-253","page","type-page","status-publish","hentry"],"yoast_head":"<!-- This site is optimized with the Yoast SEO plugin v26.6 - https:\/\/yoast.com\/wordpress\/plugins\/seo\/ -->\n<title>Leteck\u00fd simul\u00e1tor \u2013 Recenzie z\u00e1kazn\u00edkov<\/title>\n<meta name=\"description\" content=\"Pre\u010d\u00edtajte si sk\u00fasenosti na\u0161ich z\u00e1kazn\u00edkov a presved\u010dte sa, pre\u010do sme jednotkou v leteckej simul\u00e1cii.\" \/>\n<meta name=\"robots\" content=\"index, follow, max-snippet:-1, max-image-preview:large, max-video-preview:-1\" \/>\n<link rel=\"canonical\" href=\"https:\/\/flyone.sk\/de\/recenzie\/\" \/>\n<meta property=\"og:locale\" content=\"de_DE\" \/>\n<meta property=\"og:type\" content=\"article\" \/>\n<meta property=\"og:title\" content=\"Leteck\u00fd simul\u00e1tor \u2013 Recenzie z\u00e1kazn\u00edkov\" \/>\n<meta property=\"og:description\" content=\"Pre\u010d\u00edtajte si sk\u00fasenosti na\u0161ich z\u00e1kazn\u00edkov a presved\u010dte sa, pre\u010do sme jednotkou v leteckej simul\u00e1cii.\" \/>\n<meta property=\"og:url\" content=\"https:\/\/flyone.sk\/de\/recenzie\/\" \/>\n<meta property=\"og:site_name\" content=\"Leteck\u00fd simul\u00e1tor\" \/>\n<meta property=\"article:modified_time\" content=\"2025-12-08T09:16:32+00:00\" \/>\n<meta name=\"twitter:card\" content=\"summary_large_image\" \/>\n<script type=\"application\/ld+json\" class=\"yoast-schema-graph\">{\"@context\":\"https:\/\/schema.org\",\"@graph\":[{\"@type\":\"WebPage\",\"@id\":\"https:\/\/flyone.sk\/recenzie\/\",\"url\":\"https:\/\/flyone.sk\/recenzie\/\",\"name\":\"Leteck\u00fd simul\u00e1tor \u2013 Recenzie z\u00e1kazn\u00edkov\",\"isPartOf\":{\"@id\":\"https:\/\/flyone.sk\/#website\"},\"datePublished\":\"2025-12-01T11:43:43+00:00\",\"dateModified\":\"2025-12-08T09:16:32+00:00\",\"description\":\"Pre\u010d\u00edtajte si sk\u00fasenosti na\u0161ich z\u00e1kazn\u00edkov a presved\u010dte sa, pre\u010do sme jednotkou v leteckej simul\u00e1cii.\",\"breadcrumb\":{\"@id\":\"https:\/\/flyone.sk\/recenzie\/#breadcrumb\"},\"inLanguage\":\"de\",\"potentialAction\":[{\"@type\":\"ReadAction\",\"target\":[\"https:\/\/flyone.sk\/recenzie\/\"]}]},{\"@type\":\"BreadcrumbList\",\"@id\":\"https:\/\/flyone.sk\/recenzie\/#breadcrumb\",\"itemListElement\":[{\"@type\":\"ListItem\",\"position\":1,\"name\":\"Home\",\"item\":\"https:\/\/flyone.sk\/\"},{\"@type\":\"ListItem\",\"position\":2,\"name\":\"Recenzie\"}]},{\"@type\":\"WebSite\",\"@id\":\"https:\/\/flyone.sk\/#website\",\"url\":\"https:\/\/flyone.sk\/\",\"name\":\"Simulator letenja\",\"description\":\"\",\"publisher\":{\"@id\":\"https:\/\/flyone.sk\/#organization\"},\"potentialAction\":[{\"@type\":\"SearchAction\",\"target\":{\"@type\":\"EntryPoint\",\"urlTemplate\":\"https:\/\/flyone.sk\/?s={search_term_string}\"},\"query-input\":{\"@type\":\"PropertyValueSpecification\",\"valueRequired\":true,\"valueName\":\"search_term_string\"}}],\"inLanguage\":\"de\"},{\"@type\":\"Organization\",\"@id\":\"https:\/\/flyone.sk\/#organization\",\"name\":\"Simulator letenja\",\"url\":\"https:\/\/flyone.sk\/\",\"logo\":{\"@type\":\"ImageObject\",\"inLanguage\":\"de\",\"@id\":\"https:\/\/flyone.sk\/#\/schema\/logo\/image\/\",\"url\":\"https:\/\/flyone.sk\/wp-content\/uploads\/2025\/12\/fs1-logo-black.svg\",\"contentUrl\":\"https:\/\/flyone.sk\/wp-content\/uploads\/2025\/12\/fs1-logo-black.svg\",\"width\":96,\"height\":55,\"caption\":\"Simulator letenja\"},\"image\":{\"@id\":\"https:\/\/flyone.sk\/#\/schema\/logo\/image\/\"}}]}<\/script>\n<!-- \/ Yoast SEO plugin. -->","yoast_head_json":{"title":"Leteck\u00fd simul\u00e1tor \u2013 Recenzie z\u00e1kazn\u00edkov","description":"Pre\u010d\u00edtajte si sk\u00fasenosti na\u0161ich z\u00e1kazn\u00edkov a presved\u010dte sa, pre\u010do sme jednotkou v leteckej simul\u00e1cii.","robots":{"index":"index","follow":"follow","max-snippet":"max-snippet:-1","max-image-preview":"max-image-preview:large","max-video-preview":"max-video-preview:-1"},"canonical":"https:\/\/flyone.sk\/de\/recenzie\/","og_locale":"de_DE","og_type":"article","og_title":"Leteck\u00fd simul\u00e1tor \u2013 Recenzie z\u00e1kazn\u00edkov","og_description":"Pre\u010d\u00edtajte si sk\u00fasenosti na\u0161ich z\u00e1kazn\u00edkov a presved\u010dte sa, pre\u010do sme jednotkou v leteckej simul\u00e1cii.","og_url":"https:\/\/flyone.sk\/de\/recenzie\/","og_site_name":"Leteck\u00fd simul\u00e1tor","article_modified_time":"2025-12-08T09:16:32+00:00","twitter_card":"summary_large_image","schema":{"@context":"https:\/\/schema.org","@graph":[{"@type":"WebPage","@id":"https:\/\/flyone.sk\/recenzie\/","url":"https:\/\/flyone.sk\/recenzie\/","name":"Leteck\u00fd simul\u00e1tor \u2013 Recenzie z\u00e1kazn\u00edkov","isPartOf":{"@id":"https:\/\/flyone.sk\/#website"},"datePublished":"2025-12-01T11:43:43+00:00","dateModified":"2025-12-08T09:16:32+00:00","description":"Pre\u010d\u00edtajte si sk\u00fasenosti na\u0161ich z\u00e1kazn\u00edkov a presved\u010dte sa, pre\u010do sme jednotkou v leteckej simul\u00e1cii.","breadcrumb":{"@id":"https:\/\/flyone.sk\/recenzie\/#breadcrumb"},"inLanguage":"de","potentialAction":[{"@type":"ReadAction","target":["https:\/\/flyone.sk\/recenzie\/"]}]},{"@type":"BreadcrumbList","@id":"https:\/\/flyone.sk\/recenzie\/#breadcrumb","itemListElement":[{"@type":"ListItem","position":1,"name":"Home","item":"https:\/\/flyone.sk\/"},{"@type":"ListItem","position":2,"name":"Recenzie"}]},{"@type":"WebSite","@id":"https:\/\/flyone.sk\/#website","url":"https:\/\/flyone.sk\/","name":"Simulator letenja","description":"","publisher":{"@id":"https:\/\/flyone.sk\/#organization"},"potentialAction":[{"@type":"SearchAction","target":{"@type":"EntryPoint","urlTemplate":"https:\/\/flyone.sk\/?s={search_term_string}"},"query-input":{"@type":"PropertyValueSpecification","valueRequired":true,"valueName":"search_term_string"}}],"inLanguage":"de"},{"@type":"Organization","@id":"https:\/\/flyone.sk\/#organization","name":"Simulator letenja","url":"https:\/\/flyone.sk\/","logo":{"@type":"ImageObject","inLanguage":"de","@id":"https:\/\/flyone.sk\/#\/schema\/logo\/image\/","url":"https:\/\/flyone.sk\/wp-content\/uploads\/2025\/12\/fs1-logo-black.svg","contentUrl":"https:\/\/flyone.sk\/wp-content\/uploads\/2025\/12\/fs1-logo-black.svg","width":96,"height":55,"caption":"Simulator letenja"},"image":{"@id":"https:\/\/flyone.sk\/#\/schema\/logo\/image\/"}}]}},"_links":{"self":[{"href":"https:\/\/flyone.sk\/de\/wp-json\/wp\/v2\/pages\/253","targetHints":{"allow":["GET"]}}],"collection":[{"href":"https:\/\/flyone.sk\/de\/wp-json\/wp\/v2\/pages"}],"about":[{"href":"https:\/\/flyone.sk\/de\/wp-json\/wp\/v2\/types\/page"}],"author":[{"embeddable":true,"href":"https:\/\/flyone.sk\/de\/wp-json\/wp\/v2\/users\/1"}],"replies":[{"embeddable":true,"href":"https:\/\/flyone.sk\/de\/wp-json\/wp\/v2\/comments?post=253"}],"version-history":[{"count":5,"href":"https:\/\/flyone.sk\/de\/wp-json\/wp\/v2\/pages\/253\/revisions"}],"predecessor-version":[{"id":584,"href":"https:\/\/flyone.sk\/de\/wp-json\/wp\/v2\/pages\/253\/revisions\/584"}],"wp:attachment":[{"href":"https:\/\/flyone.sk\/de\/wp-json\/wp\/v2\/media?parent=253"}],"curies":[{"name":"wp","href":"https:\/\/api.w.org\/{rel}","templated":true}]}}