{"id":258,"date":"2025-12-01T11:47:07","date_gmt":"2025-12-01T11:47:07","guid":{"rendered":"https:\/\/flyone.sk\/?page_id=258"},"modified":"2026-01-07T15:45:55","modified_gmt":"2026-01-07T14:45:55","slug":"nas-tim","status":"publish","type":"page","link":"https:\/\/flyone.sk\/de\/nas-tim\/","title":{"rendered":"Unser Team"},"content":{"rendered":"<section class=\"bde-section-258-100 bde-section\">\n  \n  \n\t\n\n\n\n<div class=\"section-container\"><h1 class=\"bde-heading-258-101 bde-heading\">\nWillkommen!<br>Unser Team<br>Flugsimulator Nr. 1<br>\n<\/h1><div class=\"bde-rich-text-258-102 bde-rich-text breakdance-rich-text-styles\">\n<p>Wir sind Piloten! Wir wissen, wann, wo und unter welchen Bedingungen das Fliegen am interessantesten ist.<br \/>Um unser Wissen und unsere Erfahrung mit Ihnen zu teilen, haben wir den Boeing 737 Flugsimulator gestartet.<br \/>Alle unsere G\u00e4ste werden sich wie echte Piloten f\u00fchlen!<\/p>\n<\/div><\/div>\n<\/section><section class=\"bde-section-258-103 bde-section\">\n  \n  \n\t\n\n\n\n<div class=\"section-container\"><div class=\"bde-columns-258-104 bde-columns\"><div class=\"bde-column-258-105 bde-column\">\n  \n  \n\t\n\n\n\n<img decoding=\"async\" class=\"bde-image2-258-107 bde-image2\" src=\"https:\/\/flyone.sk\/wp-content\/uploads\/2025\/12\/bosko.jpg.webp\" loading=\"lazy\" srcset=\"https:\/\/flyone.sk\/wp-content\/uploads\/2025\/12\/bosko.jpg.webp 400w, https:\/\/flyone.sk\/wp-content\/uploads\/2025\/12\/bosko.jpg-226x300.webp 226w\" sizes=\"(max-width: 400px) 100vw, 400px\">\n<\/div><div class=\"bde-column-258-106 bde-column\">\n  \n  \n\t\n\n\n\n<h2 class=\"bde-heading-258-109 bde-heading\">\nMatth\u00e4us\n<\/h2><div class=\"bde-text-258-136 bde-text\">\nLehrer\n<\/div><div class=\"bde-rich-text-258-111 bde-rich-text breakdance-rich-text-styles\">\n<p>Ich bin Maschinenbaustudent und schlie\u00dfe derzeit den theoretischen Teil der ATPL-Ausbildung ab. Der Lufttransport ist meine lebenslange Leidenschaft, die - wie zu erwarten - als Kind auf meinem ersten Flug begann und ich bin entschlossen, ihn in meine berufliche Laufbahn umzuwandeln. Neben meinem Studium baue ich st\u00e4ndig meine Luftfahrt-Kenntnisse und F\u00e4higkeiten aus. Lange Zeit \u00fcberlegte ich mir sorgf\u00e4ltig, ob ich eine milit\u00e4rische oder eine zivile Luftroute einschlagen sollte, aber am Ende habe ich mich f\u00fcr die zivile entschieden - und nicht, weil ich die sch\u00f6nen Uniformen von kommerziellen Piloten m\u00f6chte, wie Sie vielleicht denken. \ud83d\ude04<\/p><p>Mein Ziel ist es, meine Leidenschaft f\u00fcr das Durchfliegen des Boeing 737-Simulators zu teilen, bei dem technische Genauigkeit mit einem unvergesslichen Luftfahrtabenteuer kombiniert wird. Es freut mich immer, wenn ich Ihre Fragen beantworten und Ihnen etwas Neues \u00fcber die Luftfahrt beibringen kann.<\/p>\n<\/div>\n<\/div><\/div><div class=\"bde-columns-258-112 bde-columns\"><div class=\"bde-column-258-113 bde-column\">\n  \n  \n\t\n\n\n\n<img decoding=\"async\" class=\"bde-image2-258-114 bde-image2\" src=\"https:\/\/flyone.sk\/wp-content\/uploads\/2026\/01\/Raphael-1.jpg\" loading=\"lazy\" srcset=\"https:\/\/flyone.sk\/wp-content\/uploads\/2026\/01\/Raphael-1.jpg 900w, https:\/\/flyone.sk\/wp-content\/uploads\/2026\/01\/Raphael-1-225x300.jpg 225w, https:\/\/flyone.sk\/wp-content\/uploads\/2026\/01\/Raphael-1-768x1024.jpg 768w, https:\/\/flyone.sk\/wp-content\/uploads\/2026\/01\/Raphael-1-60x80.jpg 60w, https:\/\/flyone.sk\/wp-content\/uploads\/2026\/01\/Raphael-1-600x800.jpg 600w\" sizes=\"(max-width: 900px) 100vw, 900px\">\n<\/div><div class=\"bde-column-258-115 bde-column\">\n  \n  \n\t\n\n\n\n<h2 class=\"bde-heading-258-116 bde-heading\">\nRaphael \n<\/h2><div class=\"bde-text-258-137 bde-text\">\nLehrer\n<\/div><div class=\"bde-rich-text-258-117 bde-rich-text breakdance-rich-text-styles\">\n<p>Seit meiner Kindheit bin ich leidenschaftlich in die Luftfahrt verliebt, und der Traum, Berufspilot zu werden, hat mich immer wieder bewegt. Einen Privatpilotenschein bringt mich diesem Ziel einen Schritt n\u00e4her und h\u00e4lt mich jeden Tag motiviert.<br \/>In Ihrer Freizeit finden Sie mich h\u00f6chstwahrscheinlich am Flughafen in Bratislava oder Wien, wo ich Starts und Landungen von Flugzeugen ansehe. Als Amerikaner, der Slowakisch, Ungarisch und Englisch spricht, verbinde ich mich gerne mit Menschen aus verschiedenen Kulturen, die die gleiche Begeisterung f\u00fcr das Fliegen haben - und ich freue mich sehr darauf, Sie im Flugsimulator Nr. 1 begr\u00fc\u00dfen zu k\u00f6nnen.<br \/>Die Luftfahrt ist einfach ein Teil dessen, was ich bin, und der Airbus A380 wird f\u00fcr immer das beliebteste Flugzeug f\u00fcr mich bleiben.<\/p>\n<\/div>\n<\/div><\/div><div class=\"bde-columns-258-118 bde-columns\"><div class=\"bde-column-258-119 bde-column\">\n  \n  \n\t\n\n\n\n<img decoding=\"async\" class=\"bde-image2-258-120 bde-image2\" src=\"https:\/\/flyone.sk\/wp-content\/uploads\/2026\/01\/Martina-1.jpeg\" loading=\"lazy\" srcset=\"https:\/\/flyone.sk\/wp-content\/uploads\/2026\/01\/Martina-1.jpeg 960w, https:\/\/flyone.sk\/wp-content\/uploads\/2026\/01\/Martina-1-300x300.jpeg 300w, https:\/\/flyone.sk\/wp-content\/uploads\/2026\/01\/Martina-1-150x150.jpeg 150w, https:\/\/flyone.sk\/wp-content\/uploads\/2026\/01\/Martina-1-768x768.jpeg 768w, https:\/\/flyone.sk\/wp-content\/uploads\/2026\/01\/Martina-1-60x60.jpeg 60w, https:\/\/flyone.sk\/wp-content\/uploads\/2026\/01\/Martina-1-600x600.jpeg 600w\" sizes=\"(max-width: 960px) 100vw, 960px\">\n<\/div><div class=\"bde-column-258-121 bde-column\">\n  \n  \n\t\n\n\n\n<h2 class=\"bde-heading-258-122 bde-heading\">\nMehlschwalbe\n<\/h2><div class=\"bde-text-258-138 bde-text\">\nSocial Media Manager\n<\/div><div class=\"bde-rich-text-258-123 bde-rich-text breakdance-rich-text-styles\">\n<p>Ich arbeite seit 10 Jahren im Marketing. Ich habe Know-how und Erfahrung in einer Marketingagentur, in der Vereinigung digitaler Marketingagenturen und als Freelancer gesammelt, wo ich mit vielen Kunden aus verschiedenen Branchen zusammengearbeitet habe. Ich mag Kommunikation, audiovisuelle Kreation, kreative Ideen, Verbinden von Texten mit Visuals und neuen Erfahrungen, die mir diese Arbeit bringt.<\/p><p>Ich freue mich sehr auf die neue Herausforderung f\u00fcr Flight Simulator # 1, die es mir erm\u00f6glicht, in die Welt der Luftfahrt einzutauchen. Als begeisterter Reisender fliege ich gerne um die Welt, aber ein gew\u00f6hnlicher Sterblicher kommt nicht nur ins Cockpit. Es ist gro\u00dfartig, dass auch in Bratislava solch eine einzigartige Form der Erfahrung erh\u00e4ltlich ist. Ich freue mich auf alle Momente im Simulator, die ich in sozialen Netzwerken und in den Medien dokumentieren und kommunizieren werde.<\/p>\n<\/div>\n<\/div><\/div><\/div>\n<\/section>","protected":false},"excerpt":{"rendered":"<p>Vitajte!N\u00e1\u0161 t\u00edmFlight simulator #1 Sme piloti! Vieme kedy, kde a za ak\u00fdch podmienok je lietanie najzauj\u00edmavej\u0161ie.Aby sme sa s vami podelili o na\u0161e znalosti a sk\u00fasenosti, spustili sme leteck\u00fd simul\u00e1tor Boeing 737.V\u0161etci na\u0161i hostia sa bud\u00fa c\u00edti\u0165 ako skuto\u010dn\u00ed piloti! Mat\u00fa\u0161 In\u0161truktor Som \u0161tudent strojn\u00e9ho in\u017einierstva a moment\u00e1lne dokon\u010dujem teoretick\u00fa \u010das\u0165 v\u00fdcviku ATPL. Leteck\u00e1 doprava [&hellip;]<\/p>\n","protected":false},"author":1,"featured_media":0,"parent":0,"menu_order":0,"comment_status":"closed","ping_status":"closed","template":"","meta":{"_breakdance_hide_in_design_set":false,"_breakdance_tags":"","footnotes":""},"class_list":["post-258","page","type-page","status-publish","hentry"],"yoast_head":"<!-- This site is optimized with the Yoast SEO plugin v26.6 - https:\/\/yoast.com\/wordpress\/plugins\/seo\/ -->\n<title>Leteck\u00fd simul\u00e1tor \u2013 N\u00e1\u0161 t\u00edm<\/title>\n<meta name=\"description\" content=\"Spoznajte n\u00e1\u0161 profesion\u00e1lny t\u00edm in\u0161truktorov a \u0161pecialistov, ktor\u00ed v\u00e1m zabezpe\u010dia nezabudnute\u013en\u00fd z\u00e1\u017eitok.\" \/>\n<meta name=\"robots\" content=\"index, follow, max-snippet:-1, max-image-preview:large, max-video-preview:-1\" \/>\n<link rel=\"canonical\" href=\"https:\/\/flyone.sk\/de\/nas-tim\/\" \/>\n<meta property=\"og:locale\" content=\"de_DE\" \/>\n<meta property=\"og:type\" content=\"article\" \/>\n<meta property=\"og:title\" content=\"Leteck\u00fd simul\u00e1tor \u2013 N\u00e1\u0161 t\u00edm\" \/>\n<meta property=\"og:description\" content=\"Spoznajte n\u00e1\u0161 profesion\u00e1lny t\u00edm in\u0161truktorov a \u0161pecialistov, ktor\u00ed v\u00e1m zabezpe\u010dia nezabudnute\u013en\u00fd z\u00e1\u017eitok.\" \/>\n<meta property=\"og:url\" content=\"https:\/\/flyone.sk\/de\/nas-tim\/\" \/>\n<meta property=\"og:site_name\" content=\"Leteck\u00fd simul\u00e1tor\" \/>\n<meta property=\"article:modified_time\" content=\"2026-01-07T14:45:55+00:00\" \/>\n<meta name=\"twitter:card\" content=\"summary_large_image\" \/>\n<script type=\"application\/ld+json\" class=\"yoast-schema-graph\">{\"@context\":\"https:\/\/schema.org\",\"@graph\":[{\"@type\":\"WebPage\",\"@id\":\"https:\/\/flyone.sk\/nas-tim\/\",\"url\":\"https:\/\/flyone.sk\/nas-tim\/\",\"name\":\"Leteck\u00fd simul\u00e1tor \u2013 N\u00e1\u0161 t\u00edm\",\"isPartOf\":{\"@id\":\"https:\/\/flyone.sk\/#website\"},\"datePublished\":\"2025-12-01T11:47:07+00:00\",\"dateModified\":\"2026-01-07T14:45:55+00:00\",\"description\":\"Spoznajte n\u00e1\u0161 profesion\u00e1lny t\u00edm in\u0161truktorov a \u0161pecialistov, ktor\u00ed v\u00e1m zabezpe\u010dia nezabudnute\u013en\u00fd z\u00e1\u017eitok.\",\"breadcrumb\":{\"@id\":\"https:\/\/flyone.sk\/nas-tim\/#breadcrumb\"},\"inLanguage\":\"de\",\"potentialAction\":[{\"@type\":\"ReadAction\",\"target\":[\"https:\/\/flyone.sk\/nas-tim\/\"]}]},{\"@type\":\"BreadcrumbList\",\"@id\":\"https:\/\/flyone.sk\/nas-tim\/#breadcrumb\",\"itemListElement\":[{\"@type\":\"ListItem\",\"position\":1,\"name\":\"Home\",\"item\":\"https:\/\/flyone.sk\/\"},{\"@type\":\"ListItem\",\"position\":2,\"name\":\"N\u00e1\u0161 t\u00edm\"}]},{\"@type\":\"WebSite\",\"@id\":\"https:\/\/flyone.sk\/#website\",\"url\":\"https:\/\/flyone.sk\/\",\"name\":\"Simulator letenja\",\"description\":\"\",\"publisher\":{\"@id\":\"https:\/\/flyone.sk\/#organization\"},\"potentialAction\":[{\"@type\":\"SearchAction\",\"target\":{\"@type\":\"EntryPoint\",\"urlTemplate\":\"https:\/\/flyone.sk\/?s={search_term_string}\"},\"query-input\":{\"@type\":\"PropertyValueSpecification\",\"valueRequired\":true,\"valueName\":\"search_term_string\"}}],\"inLanguage\":\"de\"},{\"@type\":\"Organization\",\"@id\":\"https:\/\/flyone.sk\/#organization\",\"name\":\"Simulator letenja\",\"url\":\"https:\/\/flyone.sk\/\",\"logo\":{\"@type\":\"ImageObject\",\"inLanguage\":\"de\",\"@id\":\"https:\/\/flyone.sk\/#\/schema\/logo\/image\/\",\"url\":\"https:\/\/flyone.sk\/wp-content\/uploads\/2025\/12\/fs1-logo-black.svg\",\"contentUrl\":\"https:\/\/flyone.sk\/wp-content\/uploads\/2025\/12\/fs1-logo-black.svg\",\"width\":96,\"height\":55,\"caption\":\"Simulator letenja\"},\"image\":{\"@id\":\"https:\/\/flyone.sk\/#\/schema\/logo\/image\/\"}}]}<\/script>\n<!-- \/ Yoast SEO plugin. -->","yoast_head_json":{"title":"Leteck\u00fd simul\u00e1tor \u2013 N\u00e1\u0161 t\u00edm","description":"Spoznajte n\u00e1\u0161 profesion\u00e1lny t\u00edm in\u0161truktorov a \u0161pecialistov, ktor\u00ed v\u00e1m zabezpe\u010dia nezabudnute\u013en\u00fd z\u00e1\u017eitok.","robots":{"index":"index","follow":"follow","max-snippet":"max-snippet:-1","max-image-preview":"max-image-preview:large","max-video-preview":"max-video-preview:-1"},"canonical":"https:\/\/flyone.sk\/de\/nas-tim\/","og_locale":"de_DE","og_type":"article","og_title":"Leteck\u00fd simul\u00e1tor \u2013 N\u00e1\u0161 t\u00edm","og_description":"Spoznajte n\u00e1\u0161 profesion\u00e1lny t\u00edm in\u0161truktorov a \u0161pecialistov, ktor\u00ed v\u00e1m zabezpe\u010dia nezabudnute\u013en\u00fd z\u00e1\u017eitok.","og_url":"https:\/\/flyone.sk\/de\/nas-tim\/","og_site_name":"Leteck\u00fd simul\u00e1tor","article_modified_time":"2026-01-07T14:45:55+00:00","twitter_card":"summary_large_image","schema":{"@context":"https:\/\/schema.org","@graph":[{"@type":"WebPage","@id":"https:\/\/flyone.sk\/nas-tim\/","url":"https:\/\/flyone.sk\/nas-tim\/","name":"Leteck\u00fd simul\u00e1tor \u2013 N\u00e1\u0161 t\u00edm","isPartOf":{"@id":"https:\/\/flyone.sk\/#website"},"datePublished":"2025-12-01T11:47:07+00:00","dateModified":"2026-01-07T14:45:55+00:00","description":"Spoznajte n\u00e1\u0161 profesion\u00e1lny t\u00edm in\u0161truktorov a \u0161pecialistov, ktor\u00ed v\u00e1m zabezpe\u010dia nezabudnute\u013en\u00fd z\u00e1\u017eitok.","breadcrumb":{"@id":"https:\/\/flyone.sk\/nas-tim\/#breadcrumb"},"inLanguage":"de","potentialAction":[{"@type":"ReadAction","target":["https:\/\/flyone.sk\/nas-tim\/"]}]},{"@type":"BreadcrumbList","@id":"https:\/\/flyone.sk\/nas-tim\/#breadcrumb","itemListElement":[{"@type":"ListItem","position":1,"name":"Home","item":"https:\/\/flyone.sk\/"},{"@type":"ListItem","position":2,"name":"N\u00e1\u0161 t\u00edm"}]},{"@type":"WebSite","@id":"https:\/\/flyone.sk\/#website","url":"https:\/\/flyone.sk\/","name":"Simulator letenja","description":"","publisher":{"@id":"https:\/\/flyone.sk\/#organization"},"potentialAction":[{"@type":"SearchAction","target":{"@type":"EntryPoint","urlTemplate":"https:\/\/flyone.sk\/?s={search_term_string}"},"query-input":{"@type":"PropertyValueSpecification","valueRequired":true,"valueName":"search_term_string"}}],"inLanguage":"de"},{"@type":"Organization","@id":"https:\/\/flyone.sk\/#organization","name":"Simulator letenja","url":"https:\/\/flyone.sk\/","logo":{"@type":"ImageObject","inLanguage":"de","@id":"https:\/\/flyone.sk\/#\/schema\/logo\/image\/","url":"https:\/\/flyone.sk\/wp-content\/uploads\/2025\/12\/fs1-logo-black.svg","contentUrl":"https:\/\/flyone.sk\/wp-content\/uploads\/2025\/12\/fs1-logo-black.svg","width":96,"height":55,"caption":"Simulator letenja"},"image":{"@id":"https:\/\/flyone.sk\/#\/schema\/logo\/image\/"}}]}},"_links":{"self":[{"href":"https:\/\/flyone.sk\/de\/wp-json\/wp\/v2\/pages\/258","targetHints":{"allow":["GET"]}}],"collection":[{"href":"https:\/\/flyone.sk\/de\/wp-json\/wp\/v2\/pages"}],"about":[{"href":"https:\/\/flyone.sk\/de\/wp-json\/wp\/v2\/types\/page"}],"author":[{"embeddable":true,"href":"https:\/\/flyone.sk\/de\/wp-json\/wp\/v2\/users\/1"}],"replies":[{"embeddable":true,"href":"https:\/\/flyone.sk\/de\/wp-json\/wp\/v2\/comments?post=258"}],"version-history":[{"count":16,"href":"https:\/\/flyone.sk\/de\/wp-json\/wp\/v2\/pages\/258\/revisions"}],"predecessor-version":[{"id":757,"href":"https:\/\/flyone.sk\/de\/wp-json\/wp\/v2\/pages\/258\/revisions\/757"}],"wp:attachment":[{"href":"https:\/\/flyone.sk\/de\/wp-json\/wp\/v2\/media?parent=258"}],"curies":[{"name":"wp","href":"https:\/\/api.w.org\/{rel}","templated":true}]}}