{"id":275,"date":"2025-12-01T12:08:55","date_gmt":"2025-12-01T12:08:55","guid":{"rendered":"https:\/\/flyone.sk\/?page_id=275"},"modified":"2026-01-18T12:38:17","modified_gmt":"2026-01-18T11:38:17","slug":"platba","status":"publish","type":"page","link":"https:\/\/flyone.sk\/de\/platba\/","title":{"rendered":"Zahlung"},"content":{"rendered":"<section class=\"bde-section-275-100 bde-section\">\n  \n  \n\t\n\n\n\n<div class=\"section-container\"><h1 class=\"bde-heading-275-101 bde-heading\">\nZahlung und Lieferung\n<\/h1><div class=\"bde-rich-text-275-102 bde-rich-text breakdance-rich-text-styles\">\n<p>Entdecken Sie eine einzigartige Gelegenheit, in die aufregende Welt der Luftfahrt einzutauchen, indem Sie bequem von zu Hause aus ein unkonventionelles Geschenk kaufen. Lassen Sie uns im Folgenden erl\u00e4utern, wie die Bestellung, Zahlung und Lieferung des Zertifikats verl\u00e4uft.<\/p>\n<\/div><\/div>\n<\/section><section class=\"bde-section-275-103 bde-section\">\n  \n  \n\t\n\n\n\n<div class=\"section-container\"><div class=\"bde-div-275-108 bde-div\">\n  \n  \n\t\n\n\n\n<div class=\"bde-rich-text-275-109 bde-rich-text breakdance-rich-text-styles\">\n<p><b>W\u00e4hlen Sie eine der Optionen f\u00fcr die Verwendung des Simulators und dr\u00fccken Sie die Schaltfl\u00e4che \"Bestellen\".<\/b><\/p>\n<\/div><div class=\"bde-rich-text-275-110 bde-rich-text breakdance-rich-text-styles\">\n<p><span style=\"font-weight: 400;\">Sie werden dann zu einer Seite weitergeleitet, auf der Sie Folgendes tun k\u00f6nnen:<\/span><\/p><ul><li style=\"font-weight: 400;\" aria-level=\"1\"><span style=\"font-weight: 400;\">Geben Sie Ihre Kontaktdaten (Name, E-Mail, Telefonnummer) ein<\/span><\/li><li style=\"font-weight: 400;\" aria-level=\"1\"><span style=\"font-weight: 400;\">Klicken Sie auf die Schaltfl\u00e4che \"Bestellen\" und dann werden Sie auf die Seite Payment Gateway weitergeleitet, wo Sie die Bestellung per Zahlungskarte bezahlen k\u00f6nnen<\/span><\/li><\/ul><p><b>Wenn es nicht m\u00f6glich ist, die Bestellung per Zahlungskarte von Ihrer Seite zu bezahlen, schreiben Sie uns bitte unter <a href=\"mailto:flyone@flyone.sk\">FlyOne@flyone.sk<\/a><\/b><b><\/b><b> Und wir stellen Ihnen eine Rechnung aus. Die Zahlung vor Ort, mit Hilfe eines Terminals, ist nicht m\u00f6glich.<\/b><\/p>\n<\/div>\n<\/div><div class=\"bde-fancy-divider-275-111 bde-fancy-divider\">\n\n\n<div class=\"bde-fancy-divider__wrapper\">\n  <div class=\"bde-fancy-divider__separator\">\n  \t  <\/div>\n<\/div>\n\n<\/div><div class=\"bde-div-275-115 bde-div\">\n  \n  \n\t\n\n\n\n<div class=\"bde-rich-text-275-116 bde-rich-text breakdance-rich-text-styles\">\n<p><b>Beschwerden<\/b><\/p>\n<\/div><div class=\"bde-rich-text-275-117 bde-rich-text breakdance-rich-text-styles\">\n<p><span style=\"font-weight: 400;\">Reklamationen k\u00f6nnen ausschlie\u00dflich \u00fcber Zahlungssysteme (Namen einf\u00fcgen) erfolgen. R\u00fcckerstattungen k\u00f6nnen nicht auf andere Weise (in bar usw.) erfolgen, wenn die Zahlung erfolgt ist, um die urspr\u00fcngliche Transaktion zu stornieren. Wenn das Konto f\u00fcr die Karte oder das separate Konto, von dem die Zahlung erfolgt ist, nicht mehr existiert, muss der Kunde in der R\u00fcckerstattungsanforderung die Kontonummer angeben, an die er den R\u00fcck\u00fcberweisungsbetrag verlangt. <\/span><\/p><p>F\u00fcr eine R\u00fcckerstattung kontaktieren Sie uns bitte unter <a href=\"mailto:flyone@flyone.sk\" target=\"_blank\" rel=\"noopener\">FlyOne@flyone.sk<\/a>.<\/p>\n<\/div>\n<\/div><div class=\"bde-fancy-divider-275-121 bde-fancy-divider\">\n\n\n<div class=\"bde-fancy-divider__wrapper\">\n  <div class=\"bde-fancy-divider__separator\">\n  \t  <\/div>\n<\/div>\n\n<\/div><div class=\"bde-div-275-118 bde-div\">\n  \n  \n\t\n\n\n\n<div class=\"bde-rich-text-275-119 bde-rich-text breakdance-rich-text-styles\">\n<p>\u00dcber Lieferung<\/p>\n<\/div><div class=\"bde-rich-text-275-120 bde-rich-text breakdance-rich-text-styles\">\n<p>Die Lieferung elektronischer Zertifikate erfolgt innerhalb von 1-2 Minuten nach dem Kauf per E-Mail, die beim Ausf\u00fcllen des Bestellformulars angegeben ist.<\/p><p>Wenn Sie keine E-Mail mit Ihrem Geschenkgutschein erhalten haben, \u00fcberpr\u00fcfen Sie bitte, ob Sie die richtige E-Mail eingegeben haben, da der Geschenkgutschein beim Kauf an die aufgef\u00fchrte E-Mail gesendet wird.<br \/>Wenn Sie Ihren Geschenkgutschein nicht erhalten haben, kontaktieren Sie uns bitte unter <a href=\"mailto:flyone@flyone.sk\" target=\"_blank\" rel=\"noopener\">FlyOne@flyone.sk<\/a><\/p>\n<\/div>\n<\/div><\/div>\n<\/section><section class=\"bde-section-275-122 bde-section\">\n  \n  \n\t\n\n\n\n<div class=\"section-container\"><div class=\"bde-gallery-275-124 bde-gallery\">\n\n\n  \n\n\n\n\n\n\n\n\n\n\n<div class=\"ee-gallery ee-gallery--default ee-gallery--grid ee-gallery--single ee-gallery--lightbox ee-gallery-- ee-gallery--caption- ee-gallery--caption-none ee-gallery--ratio\">\n                  \n      <a class=\"ee-gallery-item ee-gallery-item--image ee-gallery-item--single\" href=\"https:\/\/flyone.sk\/wp-content\/uploads\/2026\/01\/bon-flyone-no-bg-1-1.png\"  data-sub-html=\"<span><\/span>\" data-category=\"1\"                  data-lg-size=\"1875-1875\"\n\n      >\n        <figure class=\"ee-gallery-item-figure\">\n                        <img decoding=\"async\" class=\"breakdance-image-object\" src=\"https:\/\/flyone.sk\/wp-content\/uploads\/2026\/01\/bon-flyone-no-bg-1-1-1024x1024.png\" width=\"1024\" height=\"1024\" srcset=\"https:\/\/flyone.sk\/wp-content\/uploads\/2026\/01\/bon-flyone-no-bg-1-1.png 1875w, https:\/\/flyone.sk\/wp-content\/uploads\/2026\/01\/bon-flyone-no-bg-1-1-300x300.png 300w, https:\/\/flyone.sk\/wp-content\/uploads\/2026\/01\/bon-flyone-no-bg-1-1-1024x1024.png 1024w, https:\/\/flyone.sk\/wp-content\/uploads\/2026\/01\/bon-flyone-no-bg-1-1-150x150.png 150w, https:\/\/flyone.sk\/wp-content\/uploads\/2026\/01\/bon-flyone-no-bg-1-1-768x768.png 768w, https:\/\/flyone.sk\/wp-content\/uploads\/2026\/01\/bon-flyone-no-bg-1-1-1536x1536.png 1536w, https:\/\/flyone.sk\/wp-content\/uploads\/2026\/01\/bon-flyone-no-bg-1-1-60x60.png 60w, https:\/\/flyone.sk\/wp-content\/uploads\/2026\/01\/bon-flyone-no-bg-1-1-600x600.png 600w\" sizes=\"auto, (max-width: 1875px) 100vw, 1875px\" loading=\"lazy\">\n          \n                  <\/figure>\n      <\/a>\n\n                \n      <a class=\"ee-gallery-item ee-gallery-item--image ee-gallery-item--single\" href=\"https:\/\/flyone.sk\/wp-content\/uploads\/2026\/01\/Group-1-scaled.png\"  data-sub-html=\"<span><\/span>\" data-category=\"1\"                  data-lg-size=\"2560-1542\"\n\n      >\n        <figure class=\"ee-gallery-item-figure\">\n                        <img decoding=\"async\" class=\"breakdance-image-object\" src=\"https:\/\/flyone.sk\/wp-content\/uploads\/2026\/01\/Group-1-1024x617.png\" width=\"1024\" height=\"617\" srcset=\"https:\/\/flyone.sk\/wp-content\/uploads\/2026\/01\/Group-1-scaled.png 2560w, https:\/\/flyone.sk\/wp-content\/uploads\/2026\/01\/Group-1-300x181.png 300w, https:\/\/flyone.sk\/wp-content\/uploads\/2026\/01\/Group-1-1024x617.png 1024w, https:\/\/flyone.sk\/wp-content\/uploads\/2026\/01\/Group-1-768x463.png 768w, https:\/\/flyone.sk\/wp-content\/uploads\/2026\/01\/Group-1-1536x925.png 1536w, https:\/\/flyone.sk\/wp-content\/uploads\/2026\/01\/Group-1-2048x1234.png 2048w, https:\/\/flyone.sk\/wp-content\/uploads\/2026\/01\/Group-1-60x36.png 60w, https:\/\/flyone.sk\/wp-content\/uploads\/2026\/01\/Group-1-600x362.png 600w\" sizes=\"auto, (max-width: 2560px) 100vw, 2560px\" loading=\"lazy\">\n          \n                  <\/figure>\n      <\/a>\n\n      \n  <\/div>\n\n\n\n<\/div><\/div>\n<\/section>","protected":false},"excerpt":{"rendered":"<p>Platba a doru\u010denie Objavte jedine\u010dn\u00fa pr\u00edle\u017eitos\u0165 ponori\u0165 sa do vzru\u0161uj\u00faceho sveta letectva zak\u00fapen\u00edm netradi\u010dn\u00e9ho dar\u010deka z pohodlia domova. Dovo\u013ete n\u00e1m ni\u017e\u0161ie vysvetli\u0165, ako prebieha objedn\u00e1vka, platba a doru\u010denie certifik\u00e1tu. Vyberte si jednu z mo\u017enost\u00ed pou\u017eitia simul\u00e1tora a stla\u010dte tla\u010didlo \u201cOBJEDNA\u0164\u201d Potom budete presmerovan\u00ed na str\u00e1nku, kde m\u00f4\u017eete urobi\u0165 nasledovn\u00e9:zada\u0165 va\u0161e kontaktn\u00e9 \u00fadaje (meno, e-mail, telef\u00f3nne [&hellip;]<\/p>\n","protected":false},"author":1,"featured_media":0,"parent":0,"menu_order":0,"comment_status":"closed","ping_status":"closed","template":"","meta":{"_breakdance_hide_in_design_set":false,"_breakdance_tags":"","footnotes":""},"class_list":["post-275","page","type-page","status-publish","hentry"],"yoast_head":"<!-- This site is optimized with the Yoast SEO plugin v26.6 - https:\/\/yoast.com\/wordpress\/plugins\/seo\/ -->\n<title>Leteck\u00fd simul\u00e1tor \u2013 Platba a mo\u017enosti<\/title>\n<meta name=\"description\" content=\"Bezpe\u010dn\u00e9 a r\u00fdchle sp\u00f4soby platby pre rezerv\u00e1ciu letu. Dar\u010dekov\u00e9 poukazy dostupn\u00e9 online.\" \/>\n<meta name=\"robots\" content=\"index, follow, max-snippet:-1, max-image-preview:large, max-video-preview:-1\" \/>\n<link rel=\"canonical\" href=\"https:\/\/flyone.sk\/de\/platba\/\" \/>\n<meta property=\"og:locale\" content=\"de_DE\" \/>\n<meta property=\"og:type\" content=\"article\" \/>\n<meta property=\"og:title\" content=\"Leteck\u00fd simul\u00e1tor \u2013 Platba a mo\u017enosti\" \/>\n<meta property=\"og:description\" content=\"Bezpe\u010dn\u00e9 a r\u00fdchle sp\u00f4soby platby pre rezerv\u00e1ciu letu. Dar\u010dekov\u00e9 poukazy dostupn\u00e9 online.\" \/>\n<meta property=\"og:url\" content=\"https:\/\/flyone.sk\/de\/platba\/\" \/>\n<meta property=\"og:site_name\" content=\"Leteck\u00fd simul\u00e1tor\" \/>\n<meta property=\"article:modified_time\" content=\"2026-01-18T11:38:17+00:00\" \/>\n<meta name=\"twitter:card\" content=\"summary_large_image\" \/>\n<script type=\"application\/ld+json\" class=\"yoast-schema-graph\">{\"@context\":\"https:\/\/schema.org\",\"@graph\":[{\"@type\":\"WebPage\",\"@id\":\"https:\/\/flyone.sk\/platba\/\",\"url\":\"https:\/\/flyone.sk\/platba\/\",\"name\":\"Leteck\u00fd simul\u00e1tor \u2013 Platba a mo\u017enosti\",\"isPartOf\":{\"@id\":\"https:\/\/flyone.sk\/#website\"},\"datePublished\":\"2025-12-01T12:08:55+00:00\",\"dateModified\":\"2026-01-18T11:38:17+00:00\",\"description\":\"Bezpe\u010dn\u00e9 a r\u00fdchle sp\u00f4soby platby pre rezerv\u00e1ciu letu. Dar\u010dekov\u00e9 poukazy dostupn\u00e9 online.\",\"breadcrumb\":{\"@id\":\"https:\/\/flyone.sk\/platba\/#breadcrumb\"},\"inLanguage\":\"de\",\"potentialAction\":[{\"@type\":\"ReadAction\",\"target\":[\"https:\/\/flyone.sk\/platba\/\"]}]},{\"@type\":\"BreadcrumbList\",\"@id\":\"https:\/\/flyone.sk\/platba\/#breadcrumb\",\"itemListElement\":[{\"@type\":\"ListItem\",\"position\":1,\"name\":\"Home\",\"item\":\"https:\/\/flyone.sk\/\"},{\"@type\":\"ListItem\",\"position\":2,\"name\":\"Platba\"}]},{\"@type\":\"WebSite\",\"@id\":\"https:\/\/flyone.sk\/#website\",\"url\":\"https:\/\/flyone.sk\/\",\"name\":\"Simulator letenja\",\"description\":\"\",\"publisher\":{\"@id\":\"https:\/\/flyone.sk\/#organization\"},\"potentialAction\":[{\"@type\":\"SearchAction\",\"target\":{\"@type\":\"EntryPoint\",\"urlTemplate\":\"https:\/\/flyone.sk\/?s={search_term_string}\"},\"query-input\":{\"@type\":\"PropertyValueSpecification\",\"valueRequired\":true,\"valueName\":\"search_term_string\"}}],\"inLanguage\":\"de\"},{\"@type\":\"Organization\",\"@id\":\"https:\/\/flyone.sk\/#organization\",\"name\":\"Simulator letenja\",\"url\":\"https:\/\/flyone.sk\/\",\"logo\":{\"@type\":\"ImageObject\",\"inLanguage\":\"de\",\"@id\":\"https:\/\/flyone.sk\/#\/schema\/logo\/image\/\",\"url\":\"https:\/\/flyone.sk\/wp-content\/uploads\/2025\/12\/fs1-logo-black.svg\",\"contentUrl\":\"https:\/\/flyone.sk\/wp-content\/uploads\/2025\/12\/fs1-logo-black.svg\",\"width\":96,\"height\":55,\"caption\":\"Simulator letenja\"},\"image\":{\"@id\":\"https:\/\/flyone.sk\/#\/schema\/logo\/image\/\"}}]}<\/script>\n<!-- \/ Yoast SEO plugin. -->","yoast_head_json":{"title":"Leteck\u00fd simul\u00e1tor \u2013 Platba a mo\u017enosti","description":"Bezpe\u010dn\u00e9 a r\u00fdchle sp\u00f4soby platby pre rezerv\u00e1ciu letu. Dar\u010dekov\u00e9 poukazy dostupn\u00e9 online.","robots":{"index":"index","follow":"follow","max-snippet":"max-snippet:-1","max-image-preview":"max-image-preview:large","max-video-preview":"max-video-preview:-1"},"canonical":"https:\/\/flyone.sk\/de\/platba\/","og_locale":"de_DE","og_type":"article","og_title":"Leteck\u00fd simul\u00e1tor \u2013 Platba a mo\u017enosti","og_description":"Bezpe\u010dn\u00e9 a r\u00fdchle sp\u00f4soby platby pre rezerv\u00e1ciu letu. Dar\u010dekov\u00e9 poukazy dostupn\u00e9 online.","og_url":"https:\/\/flyone.sk\/de\/platba\/","og_site_name":"Leteck\u00fd simul\u00e1tor","article_modified_time":"2026-01-18T11:38:17+00:00","twitter_card":"summary_large_image","schema":{"@context":"https:\/\/schema.org","@graph":[{"@type":"WebPage","@id":"https:\/\/flyone.sk\/platba\/","url":"https:\/\/flyone.sk\/platba\/","name":"Leteck\u00fd simul\u00e1tor \u2013 Platba a mo\u017enosti","isPartOf":{"@id":"https:\/\/flyone.sk\/#website"},"datePublished":"2025-12-01T12:08:55+00:00","dateModified":"2026-01-18T11:38:17+00:00","description":"Bezpe\u010dn\u00e9 a r\u00fdchle sp\u00f4soby platby pre rezerv\u00e1ciu letu. Dar\u010dekov\u00e9 poukazy dostupn\u00e9 online.","breadcrumb":{"@id":"https:\/\/flyone.sk\/platba\/#breadcrumb"},"inLanguage":"de","potentialAction":[{"@type":"ReadAction","target":["https:\/\/flyone.sk\/platba\/"]}]},{"@type":"BreadcrumbList","@id":"https:\/\/flyone.sk\/platba\/#breadcrumb","itemListElement":[{"@type":"ListItem","position":1,"name":"Home","item":"https:\/\/flyone.sk\/"},{"@type":"ListItem","position":2,"name":"Platba"}]},{"@type":"WebSite","@id":"https:\/\/flyone.sk\/#website","url":"https:\/\/flyone.sk\/","name":"Simulator letenja","description":"","publisher":{"@id":"https:\/\/flyone.sk\/#organization"},"potentialAction":[{"@type":"SearchAction","target":{"@type":"EntryPoint","urlTemplate":"https:\/\/flyone.sk\/?s={search_term_string}"},"query-input":{"@type":"PropertyValueSpecification","valueRequired":true,"valueName":"search_term_string"}}],"inLanguage":"de"},{"@type":"Organization","@id":"https:\/\/flyone.sk\/#organization","name":"Simulator letenja","url":"https:\/\/flyone.sk\/","logo":{"@type":"ImageObject","inLanguage":"de","@id":"https:\/\/flyone.sk\/#\/schema\/logo\/image\/","url":"https:\/\/flyone.sk\/wp-content\/uploads\/2025\/12\/fs1-logo-black.svg","contentUrl":"https:\/\/flyone.sk\/wp-content\/uploads\/2025\/12\/fs1-logo-black.svg","width":96,"height":55,"caption":"Simulator letenja"},"image":{"@id":"https:\/\/flyone.sk\/#\/schema\/logo\/image\/"}}]}},"_links":{"self":[{"href":"https:\/\/flyone.sk\/de\/wp-json\/wp\/v2\/pages\/275","targetHints":{"allow":["GET"]}}],"collection":[{"href":"https:\/\/flyone.sk\/de\/wp-json\/wp\/v2\/pages"}],"about":[{"href":"https:\/\/flyone.sk\/de\/wp-json\/wp\/v2\/types\/page"}],"author":[{"embeddable":true,"href":"https:\/\/flyone.sk\/de\/wp-json\/wp\/v2\/users\/1"}],"replies":[{"embeddable":true,"href":"https:\/\/flyone.sk\/de\/wp-json\/wp\/v2\/comments?post=275"}],"version-history":[{"count":21,"href":"https:\/\/flyone.sk\/de\/wp-json\/wp\/v2\/pages\/275\/revisions"}],"predecessor-version":[{"id":798,"href":"https:\/\/flyone.sk\/de\/wp-json\/wp\/v2\/pages\/275\/revisions\/798"}],"wp:attachment":[{"href":"https:\/\/flyone.sk\/de\/wp-json\/wp\/v2\/media?parent=275"}],"curies":[{"name":"wp","href":"https:\/\/api.w.org\/{rel}","templated":true}]}}