{"id":287,"date":"2025-12-01T12:42:53","date_gmt":"2025-12-01T12:42:53","guid":{"rendered":"https:\/\/flyone.sk\/?page_id=287"},"modified":"2025-12-08T10:56:43","modified_gmt":"2025-12-08T08:56:43","slug":"informacie-pre-pilotov","status":"publish","type":"page","link":"https:\/\/flyone.sk\/de\/informacie-pre-pilotov\/","title":{"rendered":"Inform\u00e1cie pre pilotov vo v\u00fdcviku"},"content":{"rendered":"<section class=\"bde-section-287-100 bde-section\">\n  \n  \n\t\n\n\n\n<div class=\"section-container\"><h1 class=\"bde-heading-287-101 bde-heading\">\nProfessionelle Piloten- und Beratungsleistungen\n<\/h1><div class=\"bde-rich-text-287-102 bde-rich-text breakdance-rich-text-styles\">\n<p><span style=\"font-weight: 400;\">Vorbereitung auf Fluggesellschaften \/ Einf\u00fchrung in Boeing 737 NG-Systeme und Flugtechniken \/ -verfahren<\/span><\/p>\n<\/div><\/div>\n<\/section><section class=\"bde-section-287-103 bde-section\">\n  \n  \n\t\n\n\n\n<div class=\"section-container\"><div class=\"bde-rich-text-287-148 bde-rich-text breakdance-rich-text-styles\">\n<p><span style=\"font-weight: 400;\">Liebe Piloten,<\/span><\/p><p><span style=\"font-weight: 400;\">Unser Unternehmen bietet eine breite Palette von Beratungs- und Schulungsdienstleistungen an, um Ihre beruflichen F\u00e4higkeiten mit unserem Simulator und hochqualifizierten Instruktoren zu entwickeln.<\/span><\/p><p><span style=\"font-weight: 400;\">Unser Simulator ist eine identische Kopie des Boeing 737 NG Cockpits mit allen Funktionen eines echten Flugzeugs. Alle Systeme funktionieren nach der Logik des realen Flugzeugs oder FFS (Full Flight Simulator). Wir verwenden eine der fortschrittlichsten, modernsten Softwarel\u00f6sungen auf dem Markt, die t\u00e4glich aktualisiert wird.<\/span><\/p><p><span style=\"font-weight: 400;\">Einer unserer Hauptvorteile ist ein Team von Instruktoren. Die Konsultationen werden von hochqualifizierten Piloten-Instruktoren durchgef\u00fchrt, von denen die meisten Zehntausende von Stunden auf der Boeing 737 NG geflogen sind und Erfahrung im Simulatortraining haben. Wir bieten theoretische Vorbereitung und praktischen Flugkursen.<\/span><\/p>\n<\/div><div class=\"bde-div-287-108 bde-div\">\n  \n  \n\t\n\n\n\n<div class=\"bde-rich-text-287-150 bde-rich-text breakdance-rich-text-styles\">\n<p><b>Unsere Dienstleistungen umfassen<\/b><\/p>\n<\/div><div class=\"bde-rich-text-287-110 bde-rich-text breakdance-rich-text-styles\">\n<ul><li><span style=\"font-weight: 400;\"> Dating-Kurs mit einem Boeing 737 NG-Flugzeug - Von grundlegenden Informationen \u00fcber das Flugzeug bis zu Systemen und Verfahren.<\/span><span style=\"font-weight: 400;\"><br \/><\/span><\/li><li><span style=\"font-weight: 400;\">Vorbereitung auf Interviews bei Fluggesellschaften - von der Grundvorbereitung bis zur Aktualisierung von FO zu CPT.<\/span><span style=\"font-weight: 400;\"><br \/><\/span><\/li><li><span style=\"font-weight: 400;\">\u00dcbende Verfahren - von normal \u00fcber erg\u00e4nzend bis nicht standardm\u00e4\u00dfig.<\/span><span style=\"font-weight: 400;\"><br \/><\/span><\/li><li><span style=\"font-weight: 400;\">Einf\u00fchrung in den MCC-Kurs Wenn Sie an einer Ausbildung zur Boeing 737 NG interessiert sind.<\/span><\/li><\/ul>\n<\/div>\n<\/div><div class=\"bde-rich-text-287-151 bde-rich-text breakdance-rich-text-styles\">\n<p><span style=\"font-weight: 400;\">Unsere erfahrenen Instruktoren werden Sie mit den allgemeinen Anforderungen an Flugzeuge sowie mit spezifischen Verfahren bei verschiedenen Fluggesellschaften vertraut machen, bei denen Sie eine Stelle oder ein Bewerbungsgespr\u00e4ch beantragen m\u00f6chten. Wir garantieren erstklassige Beratungen zu einem vern\u00fcnftigen Preis mit einem flexiblen Zeitplan, der auf Ihre individuellen Bed\u00fcrfnisse zugeschnitten ist.<\/span><\/p>\n<\/div><div class=\"bde-div-287-152 bde-div\">\n  \n  \n\t\n\n\n\n<div class=\"bde-rich-text-287-153 bde-rich-text breakdance-rich-text-styles\">\n<p><b>Preisliste<\/b><\/p>\n<\/div><div class=\"bde-rich-text-287-154 bde-rich-text breakdance-rich-text-styles\">\n<ul><li><span style=\"font-weight: 400;\">5% Rabatt f\u00fcr Pakete innerhalb von 5 Stunden.<\/span><span style=\"font-weight: 400;\"><br \/><\/span><\/li><li><span style=\"font-weight: 400;\">10% Rabatt f\u00fcr Pakete bis zu 10 Stunden.<\/span><\/li><\/ul>\n<\/div>\n<\/div><div class=\"bde-rich-text-287-155 bde-rich-text breakdance-rich-text-styles\">\n<p>Wir helfen Ihnen gerne weiter als Pilot.<\/p>\n<\/div><div class=\"bde-div-287-157 bde-div\">\n  \n  \n\t\n\n\n\n<div class=\"bde-rich-text-287-156 bde-rich-text breakdance-rich-text-styles\">\n<p><span style=\"font-weight: 400;\">Sie k\u00f6nnen uns Ihre Anfragen an die angegebene E-Mail-Adresse senden oder uns telefonisch kontaktieren<\/span><\/p><p><a href=\"mailto:flyone@flyone.sk\">FlyOne@flyone.sk<\/a><br \/><a href=\"tel:+421 232 137 501\">+421 232 137 501<\/a><\/p>\n<\/div>\n<\/div><\/div>\n<\/section>","protected":false},"excerpt":{"rendered":"<p>Profesion\u00e1lne \u0161kolenie pilotov a konzulta\u010dn\u00e9 slu\u017eby Pr\u00edprava na pohovory do leteck\u00fdch spolo\u010dnost\u00ed \/ \u00davod do syst\u00e9mov Boeing 737 NG a letov\u00fdch techn\u00edk \/ postupy V\u00e1\u017een\u00ed piloti,Na\u0161a spolo\u010dnos\u0165 pon\u00faka \u0161irok\u00e9 spektrum konzulta\u010dn\u00fdch a \u0161koliacich slu\u017eieb na rozvoj va\u0161ich profesion\u00e1lnych zru\u010dnost\u00ed s vyu\u017eit\u00edm n\u00e1\u0161ho simul\u00e1tora a vysoko kvalifikovan\u00fdch in\u0161truktorov.N\u00e1\u0161 simul\u00e1tor je identick\u00e1 k\u00f3pia kokpitu Boeing 737 NG [&hellip;]<\/p>\n","protected":false},"author":1,"featured_media":0,"parent":0,"menu_order":0,"comment_status":"closed","ping_status":"closed","template":"","meta":{"_breakdance_hide_in_design_set":false,"_breakdance_tags":"","footnotes":""},"class_list":["post-287","page","type-page","status-publish","hentry"],"yoast_head":"<!-- This site is optimized with the Yoast SEO plugin v26.6 - https:\/\/yoast.com\/wordpress\/plugins\/seo\/ -->\n<title>Leteck\u00fd simul\u00e1tor \u2013 Inform\u00e1cie pre pilotov v tr\u00e9ningu<\/title>\n<meta name=\"description\" content=\"V\u0161etky potrebn\u00e9 inform\u00e1cie pre pilotov vo v\u00fdcviku: simul\u00e1cie, technika a odpor\u00fa\u010dania od profesion\u00e1lov.\" \/>\n<meta name=\"robots\" content=\"index, follow, max-snippet:-1, max-image-preview:large, max-video-preview:-1\" \/>\n<link rel=\"canonical\" href=\"https:\/\/flyone.sk\/de\/informacie-pre-pilotov\/\" \/>\n<meta property=\"og:locale\" content=\"de_DE\" \/>\n<meta property=\"og:type\" content=\"article\" \/>\n<meta property=\"og:title\" content=\"Leteck\u00fd simul\u00e1tor \u2013 Inform\u00e1cie pre pilotov v tr\u00e9ningu\" \/>\n<meta property=\"og:description\" content=\"V\u0161etky potrebn\u00e9 inform\u00e1cie pre pilotov vo v\u00fdcviku: simul\u00e1cie, technika a odpor\u00fa\u010dania od profesion\u00e1lov.\" \/>\n<meta property=\"og:url\" content=\"https:\/\/flyone.sk\/de\/informacie-pre-pilotov\/\" \/>\n<meta property=\"og:site_name\" content=\"Leteck\u00fd simul\u00e1tor\" \/>\n<meta property=\"article:modified_time\" content=\"2025-12-08T08:56:43+00:00\" \/>\n<meta name=\"twitter:card\" content=\"summary_large_image\" \/>\n<script type=\"application\/ld+json\" class=\"yoast-schema-graph\">{\"@context\":\"https:\/\/schema.org\",\"@graph\":[{\"@type\":\"WebPage\",\"@id\":\"https:\/\/flyone.sk\/informacie-pre-pilotov\/\",\"url\":\"https:\/\/flyone.sk\/informacie-pre-pilotov\/\",\"name\":\"Leteck\u00fd simul\u00e1tor \u2013 Inform\u00e1cie pre pilotov v tr\u00e9ningu\",\"isPartOf\":{\"@id\":\"https:\/\/flyone.sk\/#website\"},\"datePublished\":\"2025-12-01T12:42:53+00:00\",\"dateModified\":\"2025-12-08T08:56:43+00:00\",\"description\":\"V\u0161etky potrebn\u00e9 inform\u00e1cie pre pilotov vo v\u00fdcviku: simul\u00e1cie, technika a odpor\u00fa\u010dania od profesion\u00e1lov.\",\"breadcrumb\":{\"@id\":\"https:\/\/flyone.sk\/informacie-pre-pilotov\/#breadcrumb\"},\"inLanguage\":\"de\",\"potentialAction\":[{\"@type\":\"ReadAction\",\"target\":[\"https:\/\/flyone.sk\/informacie-pre-pilotov\/\"]}]},{\"@type\":\"BreadcrumbList\",\"@id\":\"https:\/\/flyone.sk\/informacie-pre-pilotov\/#breadcrumb\",\"itemListElement\":[{\"@type\":\"ListItem\",\"position\":1,\"name\":\"Home\",\"item\":\"https:\/\/flyone.sk\/\"},{\"@type\":\"ListItem\",\"position\":2,\"name\":\"Inform\u00e1cie pre pilotov vo v\u00fdcviku\"}]},{\"@type\":\"WebSite\",\"@id\":\"https:\/\/flyone.sk\/#website\",\"url\":\"https:\/\/flyone.sk\/\",\"name\":\"Simulator letenja\",\"description\":\"\",\"publisher\":{\"@id\":\"https:\/\/flyone.sk\/#organization\"},\"potentialAction\":[{\"@type\":\"SearchAction\",\"target\":{\"@type\":\"EntryPoint\",\"urlTemplate\":\"https:\/\/flyone.sk\/?s={search_term_string}\"},\"query-input\":{\"@type\":\"PropertyValueSpecification\",\"valueRequired\":true,\"valueName\":\"search_term_string\"}}],\"inLanguage\":\"de\"},{\"@type\":\"Organization\",\"@id\":\"https:\/\/flyone.sk\/#organization\",\"name\":\"Simulator letenja\",\"url\":\"https:\/\/flyone.sk\/\",\"logo\":{\"@type\":\"ImageObject\",\"inLanguage\":\"de\",\"@id\":\"https:\/\/flyone.sk\/#\/schema\/logo\/image\/\",\"url\":\"https:\/\/flyone.sk\/wp-content\/uploads\/2025\/12\/fs1-logo-black.svg\",\"contentUrl\":\"https:\/\/flyone.sk\/wp-content\/uploads\/2025\/12\/fs1-logo-black.svg\",\"width\":96,\"height\":55,\"caption\":\"Simulator letenja\"},\"image\":{\"@id\":\"https:\/\/flyone.sk\/#\/schema\/logo\/image\/\"}}]}<\/script>\n<!-- \/ Yoast SEO plugin. -->","yoast_head_json":{"title":"Leteck\u00fd simul\u00e1tor \u2013 Inform\u00e1cie pre pilotov v tr\u00e9ningu","description":"V\u0161etky potrebn\u00e9 inform\u00e1cie pre pilotov vo v\u00fdcviku: simul\u00e1cie, technika a odpor\u00fa\u010dania od profesion\u00e1lov.","robots":{"index":"index","follow":"follow","max-snippet":"max-snippet:-1","max-image-preview":"max-image-preview:large","max-video-preview":"max-video-preview:-1"},"canonical":"https:\/\/flyone.sk\/de\/informacie-pre-pilotov\/","og_locale":"de_DE","og_type":"article","og_title":"Leteck\u00fd simul\u00e1tor \u2013 Inform\u00e1cie pre pilotov v tr\u00e9ningu","og_description":"V\u0161etky potrebn\u00e9 inform\u00e1cie pre pilotov vo v\u00fdcviku: simul\u00e1cie, technika a odpor\u00fa\u010dania od profesion\u00e1lov.","og_url":"https:\/\/flyone.sk\/de\/informacie-pre-pilotov\/","og_site_name":"Leteck\u00fd simul\u00e1tor","article_modified_time":"2025-12-08T08:56:43+00:00","twitter_card":"summary_large_image","schema":{"@context":"https:\/\/schema.org","@graph":[{"@type":"WebPage","@id":"https:\/\/flyone.sk\/informacie-pre-pilotov\/","url":"https:\/\/flyone.sk\/informacie-pre-pilotov\/","name":"Leteck\u00fd simul\u00e1tor \u2013 Inform\u00e1cie pre pilotov v tr\u00e9ningu","isPartOf":{"@id":"https:\/\/flyone.sk\/#website"},"datePublished":"2025-12-01T12:42:53+00:00","dateModified":"2025-12-08T08:56:43+00:00","description":"V\u0161etky potrebn\u00e9 inform\u00e1cie pre pilotov vo v\u00fdcviku: simul\u00e1cie, technika a odpor\u00fa\u010dania od profesion\u00e1lov.","breadcrumb":{"@id":"https:\/\/flyone.sk\/informacie-pre-pilotov\/#breadcrumb"},"inLanguage":"de","potentialAction":[{"@type":"ReadAction","target":["https:\/\/flyone.sk\/informacie-pre-pilotov\/"]}]},{"@type":"BreadcrumbList","@id":"https:\/\/flyone.sk\/informacie-pre-pilotov\/#breadcrumb","itemListElement":[{"@type":"ListItem","position":1,"name":"Home","item":"https:\/\/flyone.sk\/"},{"@type":"ListItem","position":2,"name":"Inform\u00e1cie pre pilotov vo v\u00fdcviku"}]},{"@type":"WebSite","@id":"https:\/\/flyone.sk\/#website","url":"https:\/\/flyone.sk\/","name":"Simulator letenja","description":"","publisher":{"@id":"https:\/\/flyone.sk\/#organization"},"potentialAction":[{"@type":"SearchAction","target":{"@type":"EntryPoint","urlTemplate":"https:\/\/flyone.sk\/?s={search_term_string}"},"query-input":{"@type":"PropertyValueSpecification","valueRequired":true,"valueName":"search_term_string"}}],"inLanguage":"de"},{"@type":"Organization","@id":"https:\/\/flyone.sk\/#organization","name":"Simulator letenja","url":"https:\/\/flyone.sk\/","logo":{"@type":"ImageObject","inLanguage":"de","@id":"https:\/\/flyone.sk\/#\/schema\/logo\/image\/","url":"https:\/\/flyone.sk\/wp-content\/uploads\/2025\/12\/fs1-logo-black.svg","contentUrl":"https:\/\/flyone.sk\/wp-content\/uploads\/2025\/12\/fs1-logo-black.svg","width":96,"height":55,"caption":"Simulator letenja"},"image":{"@id":"https:\/\/flyone.sk\/#\/schema\/logo\/image\/"}}]}},"_links":{"self":[{"href":"https:\/\/flyone.sk\/de\/wp-json\/wp\/v2\/pages\/287","targetHints":{"allow":["GET"]}}],"collection":[{"href":"https:\/\/flyone.sk\/de\/wp-json\/wp\/v2\/pages"}],"about":[{"href":"https:\/\/flyone.sk\/de\/wp-json\/wp\/v2\/types\/page"}],"author":[{"embeddable":true,"href":"https:\/\/flyone.sk\/de\/wp-json\/wp\/v2\/users\/1"}],"replies":[{"embeddable":true,"href":"https:\/\/flyone.sk\/de\/wp-json\/wp\/v2\/comments?post=287"}],"version-history":[{"count":12,"href":"https:\/\/flyone.sk\/de\/wp-json\/wp\/v2\/pages\/287\/revisions"}],"predecessor-version":[{"id":562,"href":"https:\/\/flyone.sk\/de\/wp-json\/wp\/v2\/pages\/287\/revisions\/562"}],"wp:attachment":[{"href":"https:\/\/flyone.sk\/de\/wp-json\/wp\/v2\/media?parent=287"}],"curies":[{"name":"wp","href":"https:\/\/api.w.org\/{rel}","templated":true}]}}