{"id":301,"date":"2025-12-01T12:53:51","date_gmt":"2025-12-01T12:53:51","guid":{"rendered":"https:\/\/flyone.sk\/?page_id=301"},"modified":"2025-12-01T13:00:11","modified_gmt":"2025-12-01T13:00:11","slug":"priprava-na-let","status":"publish","type":"page","link":"https:\/\/flyone.sk\/de\/priprava-na-let\/","title":{"rendered":"Pr\u00edprava na let \/ Briefing"},"content":{"rendered":"<section class=\"bde-section-301-100 bde-section\">\n  \n  \n\t\n\n\n\n<div class=\"section-container\"><h1 class=\"bde-heading-301-101 bde-heading\">\nBriefing s in\u0161truktorom \u2013 Z\u00e1klady riadenia lietadla v letovom simul\u00e1tore\n<\/h1><div class=\"bde-rich-text-301-102 bde-rich-text breakdance-rich-text-styles\">\n<p><span style=\"font-weight: 400;\">V tomto videu in\u0161truktor vysvet\u013euje z\u00e1klady ovl\u00e1dania lietadla. Je ide\u00e1lne pre t\u00fdch, ktor\u00ed na simul\u00e1tore bud\u00fa letie\u0165 po prv\u00fdkr\u00e1t.<\/span><\/p>\n<\/div><\/div>\n<\/section><section class=\"bde-section-301-103 bde-section\">\n  \n  \n\t\n\n\n\n<div class=\"section-container\"><div class=\"bde-video-301-106 bde-video\">\n<div class=\"ee-video-container\">\n            \n                                                    \n                                <div class=\"ee-video ee-vimeo\">\n                    <iframe\n                            class=\"ee-video lozad\"\n                    title=\"\"\n                    data-src=\n                    \"https:\/\/player.vimeo.com\/video\/1084329369?dnt=1&amp;app_id=122963&controls=1&playsinline=0                    \"\n                    width=\"100%\" height=\"100%\" frameborder=\"0\"\n                    allow=\"autoplay; fullscreen; picture-in-picture\" allowfullscreen>\n                    <\/iframe>\n                <\/div>\n                    \n            \n    <\/div>\n\n<\/div><\/div>\n<\/section><section class=\"bde-section-301-107 bde-section\">\n  \n  \n\t\n\n\n\n<div class=\"section-container\"><div class=\"bde-text-301-109 bde-text\">\nPr\u00edstroje v kokpite \u2013 Zauj\u00edmavosti z pilotnej kab\u00edny\n<\/div><div class=\"bde-text-301-110 bde-text\">\nZozn\u00e1mte sa s najd\u00f4le\u017eitej\u0161\u00edmi pr\u00edstrojmi v kokpite. In\u0161truktor v\u00e1m vysvetl\u00ed, na \u010do sl\u00fa\u017eia a ako sa vyu\u017e\u00edvaj\u00fa po\u010das letu.\n<\/div><div class=\"bde-video-301-108 bde-video\">\n<div class=\"ee-video-container\">\n            \n                                                    \n                                <div class=\"ee-video ee-vimeo\">\n                    <iframe\n                            class=\"ee-video lozad\"\n                    title=\"\"\n                    data-src=\n                    \"https:\/\/player.vimeo.com\/video\/1084338740?dnt=1&amp;app_id=122963&controls=1&playsinline=0                    \"\n                    width=\"100%\" height=\"100%\" frameborder=\"0\"\n                    allow=\"autoplay; fullscreen; picture-in-picture\" allowfullscreen>\n                    <\/iframe>\n                <\/div>\n                    \n            \n    <\/div>\n\n<\/div><\/div>\n<\/section><section class=\"bde-section-301-115 bde-section\">\n  \n  \n\t\n\n\n\n<div class=\"section-container\"><div class=\"bde-text-301-116 bde-text\">\nPr\u00edstroje v kokpite \u2013 Zauj\u00edmavosti z pilotnej kab\u00edny\n<\/div><div class=\"bde-text-301-117 bde-text\">\nZozn\u00e1mte sa s najd\u00f4le\u017eitej\u0161\u00edmi pr\u00edstrojmi v kokpite. In\u0161truktor v\u00e1m vysvetl\u00ed, na \u010do sl\u00fa\u017eia a ako sa vyu\u017e\u00edvaj\u00fa po\u010das letu.\n<\/div><div class=\"bde-video-301-118 bde-video\">\n<div class=\"ee-video-container\">\n            \n                                                    \n                                <div class=\"ee-video ee-vimeo\">\n                    <iframe\n                            class=\"ee-video lozad\"\n                    title=\"\"\n                    data-src=\n                    \"https:\/\/player.vimeo.com\/video\/1084338740?dnt=1&amp;app_id=122963&controls=1&playsinline=0                    \"\n                    width=\"100%\" height=\"100%\" frameborder=\"0\"\n                    allow=\"autoplay; fullscreen; picture-in-picture\" allowfullscreen>\n                    <\/iframe>\n                <\/div>\n                    \n            \n    <\/div>\n\n<\/div><\/div>\n<\/section><section class=\"bde-section-301-111 bde-section\">\n  \n  \n\t\n\n\n\n<div class=\"section-container\"><div class=\"bde-text-301-112 bde-text\">\nVzlet s in\u0161truktorom \u2013 Z\u00e1\u017eitok z letu v simul\u00e1tore\n<\/div><div class=\"bde-text-301-113 bde-text\">\nZa\u017eite naozajstn\u00fd vzlet za podpory profesion\u00e1lneho pilota. V tomto videu uvid\u00edte, ako vyzer\u00e1 vzlet z poh\u013eadu pilota.<br><br>Po\u010das v\u00e1\u0161ho z\u00e1\u017eitku sa m\u00f4\u017eete usilova\u0165 o rovnak\u00fa presnos\u0165, ako ste videli vo videu, alebo si m\u00f4\u017eete jednoducho zalieta\u0165 po svojom. M\u00f4\u017eete si sk\u00fasi\u0165 r\u00f4zne man\u00e9vre, alebo len u\u017e\u00edva\u0165 v\u00fdh\u013ead a atmosf\u00e9ru. <br><br>Simul\u00e1tor je va\u0161a z\u00f3na slobody. Tu neexistuj\u00fa chyby. Iba vami navrhnut\u00e9 vzru\u0161uj\u00face z\u00e1\u017eitky.<br>\n<\/div><div class=\"bde-video-301-114 bde-video\">\n<div class=\"ee-video-container\">\n            \n                                                    \n                                <div class=\"ee-video ee-vimeo\">\n                    <iframe\n                            class=\"ee-video lozad\"\n                    title=\"\"\n                    data-src=\n                    \"https:\/\/player.vimeo.com\/video\/1084342593?dnt=1&amp;app_id=122963&controls=1&playsinline=0                    \"\n                    width=\"100%\" height=\"100%\" frameborder=\"0\"\n                    allow=\"autoplay; fullscreen; picture-in-picture\" allowfullscreen>\n                    <\/iframe>\n                <\/div>\n                    \n            \n    <\/div>\n\n<\/div><\/div>\n<\/section>","protected":false},"excerpt":{"rendered":"<p>Briefing s in\u0161truktorom \u2013 Z\u00e1klady riadenia lietadla v letovom simul\u00e1tore V tomto videu in\u0161truktor vysvet\u013euje z\u00e1klady ovl\u00e1dania lietadla. Je ide\u00e1lne pre t\u00fdch, ktor\u00ed na simul\u00e1tore bud\u00fa letie\u0165 po prv\u00fdkr\u00e1t. Pr\u00edstroje v kokpite \u2013 Zauj\u00edmavosti z pilotnej kab\u00edny Zozn\u00e1mte sa s najd\u00f4le\u017eitej\u0161\u00edmi pr\u00edstrojmi v kokpite. In\u0161truktor v\u00e1m vysvetl\u00ed, na \u010do sl\u00fa\u017eia a ako sa vyu\u017e\u00edvaj\u00fa po\u010das [&hellip;]<\/p>\n","protected":false},"author":1,"featured_media":0,"parent":0,"menu_order":0,"comment_status":"closed","ping_status":"closed","template":"","meta":{"_breakdance_hide_in_design_set":false,"_breakdance_tags":"","footnotes":""},"class_list":["post-301","page","type-page","status-publish","hentry"],"yoast_head":"<!-- This site is optimized with the Yoast SEO plugin v26.6 - https:\/\/yoast.com\/wordpress\/plugins\/seo\/ -->\n<title>Leteck\u00fd simul\u00e1tor \u2013 Pr\u00edprava na let<\/title>\n<meta name=\"description\" content=\"Zistite, ako sa pripravi\u0165 na let na simul\u00e1tore, briefing a tipy od na\u0161ich in\u0161truktorov.\" \/>\n<meta name=\"robots\" content=\"index, follow, max-snippet:-1, max-image-preview:large, max-video-preview:-1\" \/>\n<link rel=\"canonical\" href=\"https:\/\/flyone.sk\/de\/priprava-na-let\/\" \/>\n<meta property=\"og:locale\" content=\"de_DE\" \/>\n<meta property=\"og:type\" content=\"article\" \/>\n<meta property=\"og:title\" content=\"Leteck\u00fd simul\u00e1tor \u2013 Pr\u00edprava na let\" \/>\n<meta property=\"og:description\" content=\"Zistite, ako sa pripravi\u0165 na let na simul\u00e1tore, briefing a tipy od na\u0161ich in\u0161truktorov.\" \/>\n<meta property=\"og:url\" content=\"https:\/\/flyone.sk\/de\/priprava-na-let\/\" \/>\n<meta property=\"og:site_name\" content=\"Leteck\u00fd simul\u00e1tor\" \/>\n<meta property=\"article:modified_time\" content=\"2025-12-01T13:00:11+00:00\" \/>\n<meta name=\"twitter:card\" content=\"summary_large_image\" \/>\n<script type=\"application\/ld+json\" class=\"yoast-schema-graph\">{\"@context\":\"https:\/\/schema.org\",\"@graph\":[{\"@type\":\"WebPage\",\"@id\":\"https:\/\/flyone.sk\/priprava-na-let\/\",\"url\":\"https:\/\/flyone.sk\/priprava-na-let\/\",\"name\":\"Leteck\u00fd simul\u00e1tor \u2013 Pr\u00edprava na let\",\"isPartOf\":{\"@id\":\"https:\/\/flyone.sk\/#website\"},\"datePublished\":\"2025-12-01T12:53:51+00:00\",\"dateModified\":\"2025-12-01T13:00:11+00:00\",\"description\":\"Zistite, ako sa pripravi\u0165 na let na simul\u00e1tore, briefing a tipy od na\u0161ich in\u0161truktorov.\",\"breadcrumb\":{\"@id\":\"https:\/\/flyone.sk\/priprava-na-let\/#breadcrumb\"},\"inLanguage\":\"de\",\"potentialAction\":[{\"@type\":\"ReadAction\",\"target\":[\"https:\/\/flyone.sk\/priprava-na-let\/\"]}]},{\"@type\":\"BreadcrumbList\",\"@id\":\"https:\/\/flyone.sk\/priprava-na-let\/#breadcrumb\",\"itemListElement\":[{\"@type\":\"ListItem\",\"position\":1,\"name\":\"Home\",\"item\":\"https:\/\/flyone.sk\/\"},{\"@type\":\"ListItem\",\"position\":2,\"name\":\"Pr\u00edprava na let \/ Briefing\"}]},{\"@type\":\"WebSite\",\"@id\":\"https:\/\/flyone.sk\/#website\",\"url\":\"https:\/\/flyone.sk\/\",\"name\":\"Simulator letenja\",\"description\":\"\",\"publisher\":{\"@id\":\"https:\/\/flyone.sk\/#organization\"},\"potentialAction\":[{\"@type\":\"SearchAction\",\"target\":{\"@type\":\"EntryPoint\",\"urlTemplate\":\"https:\/\/flyone.sk\/?s={search_term_string}\"},\"query-input\":{\"@type\":\"PropertyValueSpecification\",\"valueRequired\":true,\"valueName\":\"search_term_string\"}}],\"inLanguage\":\"de\"},{\"@type\":\"Organization\",\"@id\":\"https:\/\/flyone.sk\/#organization\",\"name\":\"Simulator letenja\",\"url\":\"https:\/\/flyone.sk\/\",\"logo\":{\"@type\":\"ImageObject\",\"inLanguage\":\"de\",\"@id\":\"https:\/\/flyone.sk\/#\/schema\/logo\/image\/\",\"url\":\"https:\/\/flyone.sk\/wp-content\/uploads\/2025\/12\/fs1-logo-black.svg\",\"contentUrl\":\"https:\/\/flyone.sk\/wp-content\/uploads\/2025\/12\/fs1-logo-black.svg\",\"width\":96,\"height\":55,\"caption\":\"Simulator letenja\"},\"image\":{\"@id\":\"https:\/\/flyone.sk\/#\/schema\/logo\/image\/\"}}]}<\/script>\n<!-- \/ Yoast SEO plugin. -->","yoast_head_json":{"title":"Leteck\u00fd simul\u00e1tor \u2013 Pr\u00edprava na let","description":"Zistite, ako sa pripravi\u0165 na let na simul\u00e1tore, briefing a tipy od na\u0161ich in\u0161truktorov.","robots":{"index":"index","follow":"follow","max-snippet":"max-snippet:-1","max-image-preview":"max-image-preview:large","max-video-preview":"max-video-preview:-1"},"canonical":"https:\/\/flyone.sk\/de\/priprava-na-let\/","og_locale":"de_DE","og_type":"article","og_title":"Leteck\u00fd simul\u00e1tor \u2013 Pr\u00edprava na let","og_description":"Zistite, ako sa pripravi\u0165 na let na simul\u00e1tore, briefing a tipy od na\u0161ich in\u0161truktorov.","og_url":"https:\/\/flyone.sk\/de\/priprava-na-let\/","og_site_name":"Leteck\u00fd simul\u00e1tor","article_modified_time":"2025-12-01T13:00:11+00:00","twitter_card":"summary_large_image","schema":{"@context":"https:\/\/schema.org","@graph":[{"@type":"WebPage","@id":"https:\/\/flyone.sk\/priprava-na-let\/","url":"https:\/\/flyone.sk\/priprava-na-let\/","name":"Leteck\u00fd simul\u00e1tor \u2013 Pr\u00edprava na let","isPartOf":{"@id":"https:\/\/flyone.sk\/#website"},"datePublished":"2025-12-01T12:53:51+00:00","dateModified":"2025-12-01T13:00:11+00:00","description":"Zistite, ako sa pripravi\u0165 na let na simul\u00e1tore, briefing a tipy od na\u0161ich in\u0161truktorov.","breadcrumb":{"@id":"https:\/\/flyone.sk\/priprava-na-let\/#breadcrumb"},"inLanguage":"de","potentialAction":[{"@type":"ReadAction","target":["https:\/\/flyone.sk\/priprava-na-let\/"]}]},{"@type":"BreadcrumbList","@id":"https:\/\/flyone.sk\/priprava-na-let\/#breadcrumb","itemListElement":[{"@type":"ListItem","position":1,"name":"Home","item":"https:\/\/flyone.sk\/"},{"@type":"ListItem","position":2,"name":"Pr\u00edprava na let \/ Briefing"}]},{"@type":"WebSite","@id":"https:\/\/flyone.sk\/#website","url":"https:\/\/flyone.sk\/","name":"Simulator letenja","description":"","publisher":{"@id":"https:\/\/flyone.sk\/#organization"},"potentialAction":[{"@type":"SearchAction","target":{"@type":"EntryPoint","urlTemplate":"https:\/\/flyone.sk\/?s={search_term_string}"},"query-input":{"@type":"PropertyValueSpecification","valueRequired":true,"valueName":"search_term_string"}}],"inLanguage":"de"},{"@type":"Organization","@id":"https:\/\/flyone.sk\/#organization","name":"Simulator letenja","url":"https:\/\/flyone.sk\/","logo":{"@type":"ImageObject","inLanguage":"de","@id":"https:\/\/flyone.sk\/#\/schema\/logo\/image\/","url":"https:\/\/flyone.sk\/wp-content\/uploads\/2025\/12\/fs1-logo-black.svg","contentUrl":"https:\/\/flyone.sk\/wp-content\/uploads\/2025\/12\/fs1-logo-black.svg","width":96,"height":55,"caption":"Simulator letenja"},"image":{"@id":"https:\/\/flyone.sk\/#\/schema\/logo\/image\/"}}]}},"_links":{"self":[{"href":"https:\/\/flyone.sk\/de\/wp-json\/wp\/v2\/pages\/301","targetHints":{"allow":["GET"]}}],"collection":[{"href":"https:\/\/flyone.sk\/de\/wp-json\/wp\/v2\/pages"}],"about":[{"href":"https:\/\/flyone.sk\/de\/wp-json\/wp\/v2\/types\/page"}],"author":[{"embeddable":true,"href":"https:\/\/flyone.sk\/de\/wp-json\/wp\/v2\/users\/1"}],"replies":[{"embeddable":true,"href":"https:\/\/flyone.sk\/de\/wp-json\/wp\/v2\/comments?post=301"}],"version-history":[{"count":9,"href":"https:\/\/flyone.sk\/de\/wp-json\/wp\/v2\/pages\/301\/revisions"}],"predecessor-version":[{"id":310,"href":"https:\/\/flyone.sk\/de\/wp-json\/wp\/v2\/pages\/301\/revisions\/310"}],"wp:attachment":[{"href":"https:\/\/flyone.sk\/de\/wp-json\/wp\/v2\/media?parent=301"}],"curies":[{"name":"wp","href":"https:\/\/api.w.org\/{rel}","templated":true}]}}