{"id":312,"date":"2025-12-01T13:00:55","date_gmt":"2025-12-01T13:00:55","guid":{"rendered":"https:\/\/flyone.sk\/?page_id=312"},"modified":"2025-12-15T16:36:44","modified_gmt":"2025-12-15T14:36:44","slug":"kontakt","status":"publish","type":"page","link":"https:\/\/flyone.sk\/de\/kontakt\/","title":{"rendered":"Kontakt"},"content":{"rendered":"<section class=\"bde-section-312-100 bde-section\">\n  \n  \n\t\n\n\n\n<div class=\"section-container\"><div class=\"bde-text-312-103 bde-text\">\nKontakty leteck\u00e9ho tr\u00e9ningov\u00e9ho centra\n<\/div><h1 class=\"bde-heading-312-101 bde-heading\">\nFlight simulator #1\n<\/h1><div class=\"bde-rich-text-312-102 bde-rich-text breakdance-rich-text-styles\">\n<p><span style=\"font-weight: 400;\">Lety s\u00fa na objedn\u00e1vku:<\/span><\/p><p>\u0160tvrtok a piatok od 16:00 do 22:00 <br \/>Sobota od 10:00 do 22:00 <br \/>Nede\u013ea od 10:00 do 16:00<\/p><p><span style=\"font-weight: 400;\">Po\u010das vo\u013en\u00fdch dn\u00ed a sviatkov sa \u010dasy m\u00f4\u017eu meni\u0165.<\/span><\/p><p><span style=\"font-weight: 400;\">Na\u0161e call centrum je dostupn\u00e9 denne od 10:00 do 19:00<\/span><\/p>\n<\/div><div class=\"bde-rich-text-312-104 bde-rich-text breakdance-rich-text-styles\">\n<p><span style=\"font-weight: 400;\">Podpora<\/span>: <a href=\"mailto:flyone@flyone.sk\">flyone@flyone.sk<\/a><br \/>Tel: <a href=\"tel:+421 232 137 501\">+421 232 137 501<\/a><\/p>\n<\/div><div class=\"bde-google-map-312-106 bde-google-map\">\r\n<iframe width=\"100%\" height=\"100%\" style=\"border:0\" loading=\"lazy\" title=\"Map\" src=\"https:\/\/maps.google.com\/maps?q=Such%C3%A9+m%C3%BDto+1%2C+811+03+Bratislava-Star%C3%A9+Mesto&t=m&z=14&output=embed&iwloc=near\" allowfullscreen><\/iframe>\n<\/div><\/div>\n<\/section><section class=\"bde-section-312-105 bde-section\">\n  \n  \n\t\n\n\n\n<div class=\"section-container\"><div class=\"bde-text-312-107 bde-text\">\nParkovanie\n<\/div><div class=\"bde-rich-text-312-108 bde-rich-text breakdance-rich-text-styles\">\n<p>Po\u010das v\u00e1\u0161ho leteck\u00e9ho z\u00e1\u017eitku m\u00f4\u017eete bezplatne zaparkova\u0165 auto v gar\u00e1\u017ei pod budovou, maxim\u00e1lne na 2 hodiny.<br \/>Podrobn\u00e9 in\u0161trukcie, ako sa dosta\u0165 do gar\u00e1\u017ee a kde presne zaparkova\u0165, v\u00e1m po\u0161leme v potvrdzuj\u00facom e-maile k va\u0161ej rezerv\u00e1cii.<br \/>Ni\u017e\u0161ie n\u00e1jdete aj odkaz zobrazuj\u00faci vjazd do gar\u00e1\u017ee.<\/p>\n<\/div><\/div>\n<\/section><section class=\"bde-section-312-114 bde-section\">\n  \n  \n\t\n\n\n\n<div class=\"section-container\"><div class=\"bde-text-312-115 bde-text\">\nKontakt\n<\/div><div class=\"bde-rich-text-312-116 bde-rich-text breakdance-rich-text-styles\">\n<p>Letecky simulator s.r.o.<br \/>Such\u00e9 m\u00fdto 1, 811 03 Bratislava-Star\u00e9 Mesto<br \/>V zast.: Marjetka Lucija Prelog, riadite\u013e<br \/>I\u010cO: 57272158<br \/>DI\u010c: 2122637286<br \/>I\u010c DPH: nevz\u0165ahuje sa<br \/>Spolo\u010dnos\u0165 Letecky simulator s.r.o. je zap\u00edsan\u00e1 v Obchodnom registri Mestsk\u00e9ho s\u00fadu Bratislava III, Oddiel : Sro, Vlo\u017eka \u010d\u00edslo : 19261\/B<br \/><br \/><strong>Bankov\u00fd \u00fa\u010det otvoren\u00fd v banke:<\/strong><br \/>Wise, Rue du Tr\u00f4ne 100, 3rd floor, Brussels, 1050, Belgium<br \/>IBAN: BE06905771927522<\/p>\n<\/div><\/div>\n<\/section><section class=\"bde-section-312-118 bde-section\">\n  \n  \n\t\n\n\n\n<div class=\"section-container\"><div class=\"bde-columns-312-119 bde-columns\"><div class=\"bde-column-312-120 bde-column\">\n  \n  \n\t\n\n\n\n<img decoding=\"async\" class=\"bde-image2-312-122 bde-image2\" src=\"https:\/\/flyone.sk\/wp-content\/uploads\/2025\/12\/form-img.jpeg\" loading=\"lazy\" srcset=\"https:\/\/flyone.sk\/wp-content\/uploads\/2025\/12\/form-img.jpeg 1500w, https:\/\/flyone.sk\/wp-content\/uploads\/2025\/12\/form-img-300x300.jpeg 300w, https:\/\/flyone.sk\/wp-content\/uploads\/2025\/12\/form-img-1024x1024.jpeg 1024w, https:\/\/flyone.sk\/wp-content\/uploads\/2025\/12\/form-img-150x150.jpeg 150w, https:\/\/flyone.sk\/wp-content\/uploads\/2025\/12\/form-img-768x768.jpeg 768w\" sizes=\"(max-width: 1500px) 100vw, 1500px\">\n<\/div><div class=\"bde-column-312-121 bde-column\">\n  \n  \n\t\n\n\n\n<h1 class=\"bde-heading-312-123 bde-heading\">\nM\u00e1te ot\u00e1zky?\n<\/h1><div class=\"bde-form-builder-312-124 bde-form-builder\">\n\n<form id=\"contact-form124\" class=\"breakdance-form breakdance-form--vertical\" data-options=\"{&quot;slug&quot;:&quot;custom&quot;,&quot;name&quot;:&quot;Contact Form&quot;,&quot;ajaxUrl&quot;:&quot;https:\\\/\\\/flyone.sk\\\/wp-admin\\\/admin-ajax.php&quot;,&quot;clearOnSuccess&quot;:true,&quot;hideOnSuccess&quot;:false,&quot;successMessage&quot;:&quot;Va\\u0161a spr\\u00e1va bola prijat\\u00e1!&quot;,&quot;errorMessage&quot;:&quot;Nie\\u010do sa pokazilo&quot;,&quot;redirect&quot;:false,&quot;redirectUrl&quot;:&quot;&quot;,&quot;customJavaScript&quot;:&quot;&quot;,&quot;recaptcha&quot;:{&quot;key&quot;:&quot;&quot;,&quot;enabled&quot;:false},&quot;honeypot_enabled&quot;:false,&quot;popupsOnSuccess&quot;:[],&quot;popupsOnError&quot;:[]}\" data-steps=\"0\" >\n  \n  \n  \n<div class=\"breakdance-form-field breakdance-form-field--email\" >\n    \n    \n            <label class=\"breakdance-form-field__label\" for=\"email\">\n            V\u00e1\u0161 email<span class=\"breakdance-form-field__required\">*<\/span>\n        <\/label>\n    \n    <input\n    class=\"breakdance-form-field__input\"\n    id=\"email\"\n    aria-describedby=\"email\"\n    type=\"email\"\n    name=\"fields[email]\"\n    placeholder=\"\"\n    value=\"\"\n                \n        \n        \n    required\n    \n    \n    \n>\n\n\n    \n    \n<\/div>\n\n\n<div class=\"breakdance-form-field breakdance-form-field--text\" >\n    \n    \n            <label class=\"breakdance-form-field__label\" for=\"name\">\n            Va\u0161e meno<span class=\"breakdance-form-field__required\">*<\/span>\n        <\/label>\n    \n    <input\n    class=\"breakdance-form-field__input\"\n    id=\"name\"\n    aria-describedby=\"name\"\n    type=\"text\"\n    name=\"fields[name]\"\n    placeholder=\"\"\n    value=\"\"\n                \n        \n        \n    required\n    \n    \n    \n>\n\n\n    \n    \n<\/div>\n\n\n<div class=\"breakdance-form-field breakdance-form-field--text\" >\n    \n    \n            <label class=\"breakdance-form-field__label\" for=\"xeblml\">\n            Telef\u00f3nne \u010d\u00edslo\n        <\/label>\n    \n    <input\n    class=\"breakdance-form-field__input\"\n    id=\"xeblml\"\n    aria-describedby=\"xeblml\"\n    type=\"text\"\n    name=\"fields[xeblml]\"\n    placeholder=\"\"\n    value=\"\"\n                \n        \n        \n    \n    \n    \n    \n>\n\n\n    \n    \n<\/div>\n\n\n<div class=\"breakdance-form-field breakdance-form-field--textarea\" >\n    \n    \n            <label class=\"breakdance-form-field__label\" for=\"message\">\n            Va\u0161a spr\u00e1va<span class=\"breakdance-form-field__required\">*<\/span>\n        <\/label>\n    \n    <textarea\n    class=\"breakdance-form-field__input\"\n    id=\"message\"\n    aria-describedby=\"message\"\n    type=\"textarea\"\n    name=\"fields[message]\"\n        placeholder=\"\"\n    required\n    >\n<\/textarea>\n\n\n    \n    \n<\/div>\n\n\n  \n\n<div class=\"breakdance-form-field breakdance-form-footer\">\n    \n    \n                                    \n    \n    \n    \n    \n            \n            <button type=\"submit\" class=\"button-atom button-atom--primary breakdance-form-button breakdance-form-button__submit\"  >\n    \n        <span class=\"button-atom__text\">Odosla\u0165 formul\u00e1r<\/span>\n\n        \n        \n            <\/button>\n    \n    <input type=\"hidden\" name=\"form_id\" value=\"124\">\n    <input type=\"hidden\" name=\"post_id\" value=\"312\">\n<\/div>\n\n  \n<\/form>\n\n\n<\/div>\n<\/div><\/div><\/div>\n<\/section>","protected":false},"excerpt":{"rendered":"<p>Kontakty leteck\u00e9ho tr\u00e9ningov\u00e9ho centra Flight simulator #1 Lety s\u00fa na objedn\u00e1vku:\u0160tvrtok a piatok od 16:00 do 22:00 Sobota od 10:00 do 22:00 Nede\u013ea od 10:00 do 16:00Po\u010das vo\u013en\u00fdch dn\u00ed a sviatkov sa \u010dasy m\u00f4\u017eu meni\u0165.Na\u0161e call centrum je dostupn\u00e9 denne od 10:00 do 19:00 Podpora: flyone@flyone.skTel: +421 232 137 501 Parkovanie Po\u010das v\u00e1\u0161ho leteck\u00e9ho z\u00e1\u017eitku [&hellip;]<\/p>\n","protected":false},"author":1,"featured_media":0,"parent":0,"menu_order":0,"comment_status":"closed","ping_status":"closed","template":"","meta":{"_breakdance_hide_in_design_set":false,"_breakdance_tags":"","footnotes":""},"class_list":["post-312","page","type-page","status-publish","hentry"],"yoast_head":"<!-- This site is optimized with the Yoast SEO plugin v26.6 - https:\/\/yoast.com\/wordpress\/plugins\/seo\/ -->\n<title>Leteck\u00fd simul\u00e1tor \u2013 Kontakty<\/title>\n<meta name=\"description\" content=\"Kontaktujte n\u00e1s pre rezerv\u00e1cie, ot\u00e1zky alebo firemn\u00e9 akcie. Radi v\u00e1m pom\u00f4\u017eeme pripravi\u0165 nezabudnute\u013en\u00fd z\u00e1\u017eitok.\" \/>\n<meta name=\"robots\" content=\"index, follow, max-snippet:-1, max-image-preview:large, max-video-preview:-1\" \/>\n<link rel=\"canonical\" href=\"https:\/\/flyone.sk\/de\/kontakt\/\" \/>\n<meta property=\"og:locale\" content=\"de_DE\" \/>\n<meta property=\"og:type\" content=\"article\" \/>\n<meta property=\"og:title\" content=\"Leteck\u00fd simul\u00e1tor \u2013 Kontakty\" \/>\n<meta property=\"og:description\" content=\"Kontaktujte n\u00e1s pre rezerv\u00e1cie, ot\u00e1zky alebo firemn\u00e9 akcie. Radi v\u00e1m pom\u00f4\u017eeme pripravi\u0165 nezabudnute\u013en\u00fd z\u00e1\u017eitok.\" \/>\n<meta property=\"og:url\" content=\"https:\/\/flyone.sk\/de\/kontakt\/\" \/>\n<meta property=\"og:site_name\" content=\"Leteck\u00fd simul\u00e1tor\" \/>\n<meta property=\"article:modified_time\" content=\"2025-12-15T14:36:44+00:00\" \/>\n<meta name=\"twitter:card\" content=\"summary_large_image\" \/>\n<meta name=\"twitter:label1\" content=\"Gesch\u00e4tzte Lesezeit\" \/>\n\t<meta name=\"twitter:data1\" content=\"1\u00a0Minute\" \/>\n<script type=\"application\/ld+json\" class=\"yoast-schema-graph\">{\"@context\":\"https:\/\/schema.org\",\"@graph\":[{\"@type\":\"WebPage\",\"@id\":\"https:\/\/flyone.sk\/kontakt\/\",\"url\":\"https:\/\/flyone.sk\/kontakt\/\",\"name\":\"Leteck\u00fd simul\u00e1tor \u2013 Kontakty\",\"isPartOf\":{\"@id\":\"https:\/\/flyone.sk\/#website\"},\"datePublished\":\"2025-12-01T13:00:55+00:00\",\"dateModified\":\"2025-12-15T14:36:44+00:00\",\"description\":\"Kontaktujte n\u00e1s pre rezerv\u00e1cie, ot\u00e1zky alebo firemn\u00e9 akcie. Radi v\u00e1m pom\u00f4\u017eeme pripravi\u0165 nezabudnute\u013en\u00fd z\u00e1\u017eitok.\",\"breadcrumb\":{\"@id\":\"https:\/\/flyone.sk\/kontakt\/#breadcrumb\"},\"inLanguage\":\"de\",\"potentialAction\":[{\"@type\":\"ReadAction\",\"target\":[\"https:\/\/flyone.sk\/kontakt\/\"]}]},{\"@type\":\"BreadcrumbList\",\"@id\":\"https:\/\/flyone.sk\/kontakt\/#breadcrumb\",\"itemListElement\":[{\"@type\":\"ListItem\",\"position\":1,\"name\":\"Home\",\"item\":\"https:\/\/flyone.sk\/\"},{\"@type\":\"ListItem\",\"position\":2,\"name\":\"Kontakt\"}]},{\"@type\":\"WebSite\",\"@id\":\"https:\/\/flyone.sk\/#website\",\"url\":\"https:\/\/flyone.sk\/\",\"name\":\"Simulator letenja\",\"description\":\"\",\"publisher\":{\"@id\":\"https:\/\/flyone.sk\/#organization\"},\"potentialAction\":[{\"@type\":\"SearchAction\",\"target\":{\"@type\":\"EntryPoint\",\"urlTemplate\":\"https:\/\/flyone.sk\/?s={search_term_string}\"},\"query-input\":{\"@type\":\"PropertyValueSpecification\",\"valueRequired\":true,\"valueName\":\"search_term_string\"}}],\"inLanguage\":\"de\"},{\"@type\":\"Organization\",\"@id\":\"https:\/\/flyone.sk\/#organization\",\"name\":\"Simulator letenja\",\"url\":\"https:\/\/flyone.sk\/\",\"logo\":{\"@type\":\"ImageObject\",\"inLanguage\":\"de\",\"@id\":\"https:\/\/flyone.sk\/#\/schema\/logo\/image\/\",\"url\":\"https:\/\/flyone.sk\/wp-content\/uploads\/2025\/12\/fs1-logo-black.svg\",\"contentUrl\":\"https:\/\/flyone.sk\/wp-content\/uploads\/2025\/12\/fs1-logo-black.svg\",\"width\":96,\"height\":55,\"caption\":\"Simulator letenja\"},\"image\":{\"@id\":\"https:\/\/flyone.sk\/#\/schema\/logo\/image\/\"}}]}<\/script>\n<!-- \/ Yoast SEO plugin. -->","yoast_head_json":{"title":"Leteck\u00fd simul\u00e1tor \u2013 Kontakty","description":"Kontaktujte n\u00e1s pre rezerv\u00e1cie, ot\u00e1zky alebo firemn\u00e9 akcie. Radi v\u00e1m pom\u00f4\u017eeme pripravi\u0165 nezabudnute\u013en\u00fd z\u00e1\u017eitok.","robots":{"index":"index","follow":"follow","max-snippet":"max-snippet:-1","max-image-preview":"max-image-preview:large","max-video-preview":"max-video-preview:-1"},"canonical":"https:\/\/flyone.sk\/de\/kontakt\/","og_locale":"de_DE","og_type":"article","og_title":"Leteck\u00fd simul\u00e1tor \u2013 Kontakty","og_description":"Kontaktujte n\u00e1s pre rezerv\u00e1cie, ot\u00e1zky alebo firemn\u00e9 akcie. Radi v\u00e1m pom\u00f4\u017eeme pripravi\u0165 nezabudnute\u013en\u00fd z\u00e1\u017eitok.","og_url":"https:\/\/flyone.sk\/de\/kontakt\/","og_site_name":"Leteck\u00fd simul\u00e1tor","article_modified_time":"2025-12-15T14:36:44+00:00","twitter_card":"summary_large_image","twitter_misc":{"Gesch\u00e4tzte Lesezeit":"1\u00a0Minute"},"schema":{"@context":"https:\/\/schema.org","@graph":[{"@type":"WebPage","@id":"https:\/\/flyone.sk\/kontakt\/","url":"https:\/\/flyone.sk\/kontakt\/","name":"Leteck\u00fd simul\u00e1tor \u2013 Kontakty","isPartOf":{"@id":"https:\/\/flyone.sk\/#website"},"datePublished":"2025-12-01T13:00:55+00:00","dateModified":"2025-12-15T14:36:44+00:00","description":"Kontaktujte n\u00e1s pre rezerv\u00e1cie, ot\u00e1zky alebo firemn\u00e9 akcie. Radi v\u00e1m pom\u00f4\u017eeme pripravi\u0165 nezabudnute\u013en\u00fd z\u00e1\u017eitok.","breadcrumb":{"@id":"https:\/\/flyone.sk\/kontakt\/#breadcrumb"},"inLanguage":"de","potentialAction":[{"@type":"ReadAction","target":["https:\/\/flyone.sk\/kontakt\/"]}]},{"@type":"BreadcrumbList","@id":"https:\/\/flyone.sk\/kontakt\/#breadcrumb","itemListElement":[{"@type":"ListItem","position":1,"name":"Home","item":"https:\/\/flyone.sk\/"},{"@type":"ListItem","position":2,"name":"Kontakt"}]},{"@type":"WebSite","@id":"https:\/\/flyone.sk\/#website","url":"https:\/\/flyone.sk\/","name":"Simulator letenja","description":"","publisher":{"@id":"https:\/\/flyone.sk\/#organization"},"potentialAction":[{"@type":"SearchAction","target":{"@type":"EntryPoint","urlTemplate":"https:\/\/flyone.sk\/?s={search_term_string}"},"query-input":{"@type":"PropertyValueSpecification","valueRequired":true,"valueName":"search_term_string"}}],"inLanguage":"de"},{"@type":"Organization","@id":"https:\/\/flyone.sk\/#organization","name":"Simulator letenja","url":"https:\/\/flyone.sk\/","logo":{"@type":"ImageObject","inLanguage":"de","@id":"https:\/\/flyone.sk\/#\/schema\/logo\/image\/","url":"https:\/\/flyone.sk\/wp-content\/uploads\/2025\/12\/fs1-logo-black.svg","contentUrl":"https:\/\/flyone.sk\/wp-content\/uploads\/2025\/12\/fs1-logo-black.svg","width":96,"height":55,"caption":"Simulator letenja"},"image":{"@id":"https:\/\/flyone.sk\/#\/schema\/logo\/image\/"}}]}},"_links":{"self":[{"href":"https:\/\/flyone.sk\/de\/wp-json\/wp\/v2\/pages\/312","targetHints":{"allow":["GET"]}}],"collection":[{"href":"https:\/\/flyone.sk\/de\/wp-json\/wp\/v2\/pages"}],"about":[{"href":"https:\/\/flyone.sk\/de\/wp-json\/wp\/v2\/types\/page"}],"author":[{"embeddable":true,"href":"https:\/\/flyone.sk\/de\/wp-json\/wp\/v2\/users\/1"}],"replies":[{"embeddable":true,"href":"https:\/\/flyone.sk\/de\/wp-json\/wp\/v2\/comments?post=312"}],"version-history":[{"count":27,"href":"https:\/\/flyone.sk\/de\/wp-json\/wp\/v2\/pages\/312\/revisions"}],"predecessor-version":[{"id":661,"href":"https:\/\/flyone.sk\/de\/wp-json\/wp\/v2\/pages\/312\/revisions\/661"}],"wp:attachment":[{"href":"https:\/\/flyone.sk\/de\/wp-json\/wp\/v2\/media?parent=312"}],"curies":[{"name":"wp","href":"https:\/\/api.w.org\/{rel}","templated":true}]}}