{"id":332,"date":"2025-12-01T13:21:13","date_gmt":"2025-12-01T13:21:13","guid":{"rendered":"https:\/\/flyone.sk\/?page_id=332"},"modified":"2025-12-08T11:15:45","modified_gmt":"2025-12-08T09:15:45","slug":"podmienky","status":"publish","type":"page","link":"https:\/\/flyone.sk\/de\/podmienky\/","title":{"rendered":"Podmienky"},"content":{"rendered":"<section class=\"bde-section-332-100 bde-section\">\n  \n  \n\t\n\n\n\n<div class=\"section-container\"><h1 class=\"bde-heading-332-101 bde-heading\">\nGesch\u00e4ftsbedingungen f\u00fcr Flugsimulator-Service (Slowakei)\n<\/h1><div class=\"bde-rich-text-332-103 bde-rich-text breakdance-rich-text-styles\">\n<p><b>G\u00fcltigkeitsdatum:<\/b><span style=\"font-weight: 400;\"> 4. 12. 2025<\/span><span style=\"font-weight: 400;\"><br \/><\/span><b>G\u00fcltig bis:<\/b><span style=\"font-weight: 400;\"> Berufungen<\/span><span style=\"font-weight: 400;\"><br \/><\/span><b>Verk\u00e4ufer \/ Anbieter:<\/b><span style=\"font-weight: 400;\"> Letecky Simulator s.r.o., Sucher M\u00fdto 1, 811 03 Bratislava-Star\u00e9 Mesto, ID: 57272158, Airetecky Simulator s.r.o. Es ist im Handelsregister des Amtsgerichts Bratislava III eingetragen, Abschnitt: sro, Nummer einf\u00fcgen: 19261\/B<\/span><span style=\"font-weight: 400;\"><br \/><\/span><b>Dienst:<\/b><span style=\"font-weight: 400;\"> Ein Erlebnis eines Flugsimulators, Spa\u00df und Erlebnisse sowie der Verkauf von Geschenkgutscheinen als Service.<\/span><\/p><h2><b>1. Akzeptanz der Bedingungen<\/b><\/h2><p><b>1.1.<\/b><span style=\"font-weight: 400;\"> Durch die Buchung eines Termins, den Kauf eines Geschenkgutscheins oder die Nutzung der Website best\u00e4tigt der K\u00e4ufer, dass er diese Allgemeinen Gesch\u00e4ftsbedingungen gelesen, verstanden und akzeptiert hat.<\/span><\/p><p><b>1.2.<\/b><span style=\"font-weight: 400;\"> Die Bedingungen sind auf der Website verf\u00fcgbar und k\u00f6nnen gelegentlich aktualisiert werden. Die zum Zeitpunkt der Buchung g\u00fcltigen Bedingungen werden verwendet.<\/span><\/p><h2><b>2. Die Art des Dienstes<\/b><\/h2><p><b>2.1.<\/b><span style=\"font-weight: 400;\"> Der Simulator ist ein unterhaltsamer und erfahrungsorientierter Service, der Cockpit-Erlebnisse simuliert.<\/span><\/p><p><b>2.2.<\/b><span style=\"font-weight: 400;\"> Der Simulator ist nicht und repr\u00e4sentiert nicht:<\/span><\/p><ul><li style=\"font-weight: 400;\" aria-level=\"1\"><span style=\"font-weight: 400;\">Flugtraining,<\/span><\/li><li style=\"font-weight: 400;\" aria-level=\"1\"><span style=\"font-weight: 400;\">Pilotenschule,<\/span><\/li><li style=\"font-weight: 400;\" aria-level=\"1\"><span style=\"font-weight: 400;\">Berufsausbildung,<\/span><\/li><li style=\"font-weight: 400;\" aria-level=\"1\"><span style=\"font-weight: 400;\">Erlangung einer Lizenz oder Luftfahrtqualifikationen.<\/span><\/li><\/ul><p><b>2.3.<\/b><span style=\"font-weight: 400;\"> Informationen, Erkl\u00e4rungen und Verfahren w\u00e4hrend der Simulation k\u00f6nnen sein:<\/span><\/p><ul><li style=\"font-weight: 400;\" aria-level=\"1\"><span style=\"font-weight: 400;\">vereinfacht,<\/span><\/li><li style=\"font-weight: 400;\" aria-level=\"1\"><span style=\"font-weight: 400;\">Demonstration,<\/span><\/li><li style=\"font-weight: 400;\" aria-level=\"1\"><span style=\"font-weight: 400;\">interpretierend,<\/span><\/li><li style=\"font-weight: 400;\" aria-level=\"1\"><span style=\"font-weight: 400;\">Teil eines interaktiven Erlebnisses.<\/span><\/li><\/ul><p><span style=\"font-weight: 400;\">Wir garantieren nicht die vollst\u00e4ndige Einhaltung der tats\u00e4chlichen Luftverfahren, Regeln oder Funkkommunikation.<\/span><\/p><h2><b>3. Buchung und Zahlung<\/b><\/h2><p><b>3.1.<\/b><span style=\"font-weight: 400;\"> Bei der Buchung zahlt der K\u00e4ufer immer 100% des Betrags im Voraus.<\/span><\/p><p><b>3.2.<\/b><span style=\"font-weight: 400;\"> Durch Zahlung wird das Datum best\u00e4tigt und der Servicevertrag ist abgeschlossen.<\/span><\/p><p><b>3.3.<\/b><span style=\"font-weight: 400;\"> Die Preise sind in EUR angegeben und enthalten die Mehrwertsteuer.<\/span><\/p><h2><b>4. Widerrufsrecht - Ausnahme f\u00fcr Termdienste<\/b><\/h2><p><b>4.1.<\/b><span style=\"font-weight: 400;\"> Da es sich um eine an ein vorbestimmte Datum und Uhrzeit gebundene Dienstleistung handelt, gilt das 14-t\u00e4gige Widerrufsrecht nicht gem\u00e4\u00df der EU und der slowakischen Verbraucherrichtlinie f\u00fcr Begriffsdienstleistungen.<\/span><\/p><p><b>4.2.<\/b><span style=\"font-weight: 400;\"> Mit Ausnahme des Widerrufsrechts stimmt der K\u00e4ufer durch Zusendung der Reservierung ausdr\u00fccklich zu.<\/span><\/p><h2><b>5. Datums\u00e4nderung durch den K\u00e4ufer<\/b><\/h2><p><b>5.1.<\/b><span style=\"font-weight: 400;\"> Der K\u00e4ufer kann das Datum einmal kostenlos, jedoch sp\u00e4testens 24 Stunden vor dem vereinbarten Termin verschieben.<\/span><\/p><p><b>5.2.<\/b><span style=\"font-weight: 400;\"> Der Umzug nach Frist ist nicht Aufgabe des Anbieters.<\/span><\/p><p><b>5.3.<\/b><span style=\"font-weight: 400;\"> Weitere Bewegungen \u00fcber 1x werden nicht ausgef\u00fchrt.<\/span><\/p><h2><b>6. Non-Show<\/b><\/h2><p><b>6.1.<\/b><span style=\"font-weight: 400;\"> Erscheint der K\u00e4ufer nicht oder storniert ihn weniger als 24 Stunden vor Ablauf der Frist, gilt der Service als erbracht.<\/span><\/p><p><b>6.2.<\/b><span style=\"font-weight: 400;\"> In diesem Fall hat der K\u00e4ufer keinen Anspruch auf R\u00fcckerstattung. Wir m\u00fcssen auch keinen neuen Begriff zuweisen.<\/span><\/p><h2><b>7. Datums\u00e4nderung durch den Anbieter<\/b><\/h2><p><b>7.1.<\/b><span style=\"font-weight: 400;\"> Der Anbieter beh\u00e4lt sich das Recht vor, den Termin innerhalb desselben Tages um \u00b1 60 Minuten zu verschieben, sofern dies aus organisatorischen oder technischen Gr\u00fcnden erforderlich ist.<\/span><\/p><p><b>7.2.<\/b><span style=\"font-weight: 400;\"> Bei h\u00f6herer Gewalt (z.B. technische St\u00f6rungen, Krankheit, Sicherheitsgr\u00fcnde) beh\u00e4lt sich der Anbieter das Recht vor, das Datum zu \u00e4ndern.<\/span><\/p><p><b>7.3.<\/b><span style=\"font-weight: 400;\"> In diesem Fall hat der K\u00e4ufer Anspruch auf einen alternativen Termin, jedoch nicht auf eine R\u00fcckerstattung oder Entsch\u00e4digung.<\/span><\/p><h2><b>8. Geschenkgutscheine<\/b><\/h2><p><b>8.1.<\/b><span style=\"font-weight: 400;\"> Der Geschenkgutschein ist ab dem Ausstellungsdatum 18 Monate g\u00fcltig, sofern nicht anders f\u00fcr Werbeaktionen angegeben.<\/span><\/p><p><b>8.2.<\/b><span style=\"font-weight: 400;\"> Nach Ablauf kann der Gutschein nicht entsch\u00e4digungslos verl\u00e4ngert, zur\u00fcckgegeben und verwirkt werden.<\/span><\/p><p><b>8.3.<\/b><span style=\"font-weight: 400;\"> Der Gutschein ist tragbar und kann von jeder Person verwendet werden.<\/span><\/p><p><b>8.4.<\/b><span style=\"font-weight: 400;\"> Die Umwandlung eines Gutscheins in Geld ist nicht m\u00f6glich.<\/span><\/p><p><b>8.5.<\/b><span style=\"font-weight: 400;\"> Die R\u00fcckerstattung des Kaufpreises f\u00fcr den Gutschein ist nur m\u00f6glich, wenn:<\/span><\/p><ul><li style=\"font-weight: 400;\" aria-level=\"1\"><span style=\"font-weight: 400;\">Der Gutschein wurde nicht verwendet und<\/span><\/li><li style=\"font-weight: 400;\" aria-level=\"1\"><span style=\"font-weight: 400;\">Der Antrag wurde innerhalb der gesetzlichen Frist eingereicht, die 14 Tage ab Kaufdatum ist.<\/span><\/li><\/ul><p><b>8.6.<\/b><span style=\"font-weight: 400;\"> Bei Verwendung des Gutscheins ist eine R\u00fcckerstattung nicht m\u00f6glich.<\/span><\/p><h2><b>9. Altersbeschr\u00e4nkungen<\/b><\/h2><p><b>9.1.<\/b><span style=\"font-weight: 400;\"> Der Simulator ist ab einem Alter von 9 Jahren oder einer Mindesth\u00f6he von 140 cm geeignet.<\/span><\/p><p><b>9.2.<\/b><span style=\"font-weight: 400;\"> J\u00fcnger als 9 Jahre kann ausschlie\u00dflich als Zuschauer fungieren oder auf den Knien des F\u00fchrers sitzen.<\/span><\/p><p><b>9.3.<\/b><span style=\"font-weight: 400;\"> Minderj\u00e4hrige m\u00fcssen von einem Elternteil oder Erziehungsberechtigten begleitet werden.<\/span><\/p><h2><b>10. Lustige Natur und Interpretation von Informationen<\/b><\/h2><p><b>10.1.<\/b><span style=\"font-weight: 400;\"> Der Service macht ausschlie\u00dflich Spa\u00df und stellt keine Luftfahrt-Ausbildung oder -ausbildung dar.<\/span><\/p><p><b>10.2.<\/b><span style=\"font-weight: 400;\"> Prozeduren, Erkl\u00e4rungen, Befehle oder Pr\u00e4sentationen, die w\u00e4hrend der Simulation verwendet werden:<\/span><\/p><ul><li style=\"font-weight: 400;\" aria-level=\"1\"><span style=\"font-weight: 400;\">sind nicht zertifiziert<\/span><\/li><li style=\"font-weight: 400;\" aria-level=\"1\"><span style=\"font-weight: 400;\">Nicht anwendbar bei realen Flugbedingungen,<\/span><\/li><li style=\"font-weight: 400;\" aria-level=\"1\"><span style=\"font-weight: 400;\">Sie k\u00f6nnen Vereinfachungen oder Interpretationen enthalten.<\/span><\/li><\/ul><p><b>10.3.<\/b><span style=\"font-weight: 400;\"> Der Teilnehmer verpflichtet sich ausdr\u00fccklich, die angezeigten Elemente nicht als fachlich erworbenes Luftfahrtwissen darzustellen.<\/span><\/p><h2><b>11. Scannen und Verwenden von Inhalten<\/b><\/h2><p><b>11.1.<\/b><span style=\"font-weight: 400;\"> Das Fotografieren oder Filmen ist nur f\u00fcr den privaten Gebrauch gestattet.<\/span><\/p><p><b>11.2.<\/b><span style=\"font-weight: 400;\"> Die Verwendung von Bildern f\u00fcr kommerzielle Zwecke, \u00f6ffentliche Verbreitung oder professionelle Pr\u00e4sentation ohne vorherige Genehmigung ist nicht gestattet.<\/span><\/p><h2><b>12. Beschwerden<\/b><\/h2><p><b>12.1.<\/b><span style=\"font-weight: 400;\"> Reklamationen werden schriftlich per E-Mail an die Adresse flyone@flyone.sk eingegangen.<\/span><\/p><p><b>12.2.<\/b><span style=\"font-weight: 400;\"> Der Anbieter ist verpflichtet, innerhalb von 30 Tagen gem\u00e4\u00df der EU-Verbrauchergesetzgebung zu antworten.<\/span><\/p><h2><b>13. Schlussbestimmungen<\/b><\/h2><p><b>13.1.<\/b><span style=\"font-weight: 400;\"> F\u00fcr alle Streitigkeiten entspricht die zust\u00e4ndige slowakische Beh\u00f6rde f\u00fcr die au\u00dfergerichtliche Beilegung von Verbraucherstreitigkeiten den EU-OS-Richtlinien.<\/span><\/p><p><b>13.2.<\/b><span style=\"font-weight: 400;\"> Die Bedingungen sind f\u00fcr alle Reservierungen \u00fcber die Website, E-Mail oder Telefon verbindlich.<\/span><\/p><p><b>\u00dcbersetzungshinweise:<\/b><\/p><ul><li style=\"font-weight: 400;\" aria-level=\"1\"><span style=\"font-weight: 400;\">Formale, f\u00fcr slowakische Gesch\u00e4ftsbedingungen typisch verwendete Rechtssprache<\/span><\/li><li style=\"font-weight: 400;\" aria-level=\"1\"><span style=\"font-weight: 400;\">Konservierte Struktur und Nummerierung des Originaldokuments<\/span><\/li><li style=\"font-weight: 400;\" aria-level=\"1\"><span style=\"font-weight: 400;\">SEO-Schl\u00fcsselw\u00f6rter: Gesch\u00e4ftsbedingungen, Flugsimulator, Geschenkgutschein, Buchung<\/span><\/li><li style=\"font-weight: 400;\" aria-level=\"1\"><span style=\"font-weight: 400;\">Terminologie nach slowakischer Verbrauchergesetzgebung<\/span><\/li><li style=\"font-weight: 400;\" aria-level=\"1\"><span style=\"font-weight: 400;\">E-Mail-Adresse bearbeitet unter flyone@flyone.sk (slowakische Domain)<\/span><\/li><\/ul>\n<\/div><\/div>\n<\/section>","protected":false},"excerpt":{"rendered":"<p>OBCHODN\u00c9 PODMIENKY pre slu\u017ebu leteck\u00e9ho simul\u00e1tora (Slovensko) D\u00e1tum platnosti: 4. 12. 2025Plat\u00ed do: odvolaniaPred\u00e1vaj\u00faci \/ Poskytovate\u013e: Letecky simulator s.r.o., Such\u00e9 m\u00fdto 1, 811 03 Bratislava-Star\u00e9 Mesto, I\u010cO: 57272158, Spolo\u010dnos\u0165 Letecky simulator s.r.o. je zap\u00edsan\u00e1 v Obchodnom registri Mestsk\u00e9ho s\u00fadu Bratislava III, Oddiel : Sro, Vlo\u017eka \u010d\u00edslo : 19261\/BSlu\u017eba: z\u00e1\u017eitok z leteck\u00e9ho simul\u00e1tora, z\u00e1bavn\u00e9ho a z\u00e1\u017eitkov\u00e9ho [&hellip;]<\/p>\n","protected":false},"author":1,"featured_media":0,"parent":0,"menu_order":0,"comment_status":"closed","ping_status":"closed","template":"","meta":{"_breakdance_hide_in_design_set":false,"_breakdance_tags":"","footnotes":""},"class_list":["post-332","page","type-page","status-publish","hentry"],"yoast_head":"<!-- This site is optimized with the Yoast SEO plugin v26.6 - https:\/\/yoast.com\/wordpress\/plugins\/seo\/ -->\n<title>Podmienky - Leteck\u00fd simul\u00e1tor<\/title>\n<meta name=\"robots\" content=\"index, follow, max-snippet:-1, max-image-preview:large, max-video-preview:-1\" \/>\n<link rel=\"canonical\" href=\"https:\/\/flyone.sk\/de\/podmienky\/\" \/>\n<meta property=\"og:locale\" content=\"de_DE\" \/>\n<meta property=\"og:type\" content=\"article\" \/>\n<meta property=\"og:title\" content=\"Podmienky - Leteck\u00fd simul\u00e1tor\" \/>\n<meta property=\"og:description\" content=\"OBCHODN\u00c9 PODMIENKY pre slu\u017ebu leteck\u00e9ho simul\u00e1tora (Slovensko) D\u00e1tum platnosti: 4. 12. 2025Plat\u00ed do: odvolaniaPred\u00e1vaj\u00faci \/ Poskytovate\u013e: Letecky simulator s.r.o., Such\u00e9 m\u00fdto 1, 811 03 Bratislava-Star\u00e9 Mesto, I\u010cO: 57272158, Spolo\u010dnos\u0165 Letecky simulator s.r.o. je zap\u00edsan\u00e1 v Obchodnom registri Mestsk\u00e9ho s\u00fadu Bratislava III, Oddiel : Sro, Vlo\u017eka \u010d\u00edslo : 19261\/BSlu\u017eba: z\u00e1\u017eitok z leteck\u00e9ho simul\u00e1tora, z\u00e1bavn\u00e9ho a z\u00e1\u017eitkov\u00e9ho [&hellip;]\" \/>\n<meta property=\"og:url\" content=\"https:\/\/flyone.sk\/de\/podmienky\/\" \/>\n<meta property=\"og:site_name\" content=\"Leteck\u00fd simul\u00e1tor\" \/>\n<meta property=\"article:modified_time\" content=\"2025-12-08T09:15:45+00:00\" \/>\n<meta name=\"twitter:card\" content=\"summary_large_image\" \/>\n<script type=\"application\/ld+json\" class=\"yoast-schema-graph\">{\"@context\":\"https:\/\/schema.org\",\"@graph\":[{\"@type\":\"WebPage\",\"@id\":\"https:\/\/flyone.sk\/podmienky\/\",\"url\":\"https:\/\/flyone.sk\/podmienky\/\",\"name\":\"Podmienky - Leteck\u00fd simul\u00e1tor\",\"isPartOf\":{\"@id\":\"https:\/\/flyone.sk\/#website\"},\"datePublished\":\"2025-12-01T13:21:13+00:00\",\"dateModified\":\"2025-12-08T09:15:45+00:00\",\"breadcrumb\":{\"@id\":\"https:\/\/flyone.sk\/podmienky\/#breadcrumb\"},\"inLanguage\":\"de\",\"potentialAction\":[{\"@type\":\"ReadAction\",\"target\":[\"https:\/\/flyone.sk\/podmienky\/\"]}]},{\"@type\":\"BreadcrumbList\",\"@id\":\"https:\/\/flyone.sk\/podmienky\/#breadcrumb\",\"itemListElement\":[{\"@type\":\"ListItem\",\"position\":1,\"name\":\"Home\",\"item\":\"https:\/\/flyone.sk\/\"},{\"@type\":\"ListItem\",\"position\":2,\"name\":\"Podmienky\"}]},{\"@type\":\"WebSite\",\"@id\":\"https:\/\/flyone.sk\/#website\",\"url\":\"https:\/\/flyone.sk\/\",\"name\":\"Simulator letenja\",\"description\":\"\",\"publisher\":{\"@id\":\"https:\/\/flyone.sk\/#organization\"},\"potentialAction\":[{\"@type\":\"SearchAction\",\"target\":{\"@type\":\"EntryPoint\",\"urlTemplate\":\"https:\/\/flyone.sk\/?s={search_term_string}\"},\"query-input\":{\"@type\":\"PropertyValueSpecification\",\"valueRequired\":true,\"valueName\":\"search_term_string\"}}],\"inLanguage\":\"de\"},{\"@type\":\"Organization\",\"@id\":\"https:\/\/flyone.sk\/#organization\",\"name\":\"Simulator letenja\",\"url\":\"https:\/\/flyone.sk\/\",\"logo\":{\"@type\":\"ImageObject\",\"inLanguage\":\"de\",\"@id\":\"https:\/\/flyone.sk\/#\/schema\/logo\/image\/\",\"url\":\"https:\/\/flyone.sk\/wp-content\/uploads\/2025\/12\/fs1-logo-black.svg\",\"contentUrl\":\"https:\/\/flyone.sk\/wp-content\/uploads\/2025\/12\/fs1-logo-black.svg\",\"width\":96,\"height\":55,\"caption\":\"Simulator letenja\"},\"image\":{\"@id\":\"https:\/\/flyone.sk\/#\/schema\/logo\/image\/\"}}]}<\/script>\n<!-- \/ Yoast SEO plugin. -->","yoast_head_json":{"title":"Podmienky - Leteck\u00fd simul\u00e1tor","robots":{"index":"index","follow":"follow","max-snippet":"max-snippet:-1","max-image-preview":"max-image-preview:large","max-video-preview":"max-video-preview:-1"},"canonical":"https:\/\/flyone.sk\/de\/podmienky\/","og_locale":"de_DE","og_type":"article","og_title":"Podmienky - Leteck\u00fd simul\u00e1tor","og_description":"OBCHODN\u00c9 PODMIENKY pre slu\u017ebu leteck\u00e9ho simul\u00e1tora (Slovensko) D\u00e1tum platnosti: 4. 12. 2025Plat\u00ed do: odvolaniaPred\u00e1vaj\u00faci \/ Poskytovate\u013e: Letecky simulator s.r.o., Such\u00e9 m\u00fdto 1, 811 03 Bratislava-Star\u00e9 Mesto, I\u010cO: 57272158, Spolo\u010dnos\u0165 Letecky simulator s.r.o. je zap\u00edsan\u00e1 v Obchodnom registri Mestsk\u00e9ho s\u00fadu Bratislava III, Oddiel : Sro, Vlo\u017eka \u010d\u00edslo : 19261\/BSlu\u017eba: z\u00e1\u017eitok z leteck\u00e9ho simul\u00e1tora, z\u00e1bavn\u00e9ho a z\u00e1\u017eitkov\u00e9ho [&hellip;]","og_url":"https:\/\/flyone.sk\/de\/podmienky\/","og_site_name":"Leteck\u00fd simul\u00e1tor","article_modified_time":"2025-12-08T09:15:45+00:00","twitter_card":"summary_large_image","schema":{"@context":"https:\/\/schema.org","@graph":[{"@type":"WebPage","@id":"https:\/\/flyone.sk\/podmienky\/","url":"https:\/\/flyone.sk\/podmienky\/","name":"Podmienky - Leteck\u00fd simul\u00e1tor","isPartOf":{"@id":"https:\/\/flyone.sk\/#website"},"datePublished":"2025-12-01T13:21:13+00:00","dateModified":"2025-12-08T09:15:45+00:00","breadcrumb":{"@id":"https:\/\/flyone.sk\/podmienky\/#breadcrumb"},"inLanguage":"de","potentialAction":[{"@type":"ReadAction","target":["https:\/\/flyone.sk\/podmienky\/"]}]},{"@type":"BreadcrumbList","@id":"https:\/\/flyone.sk\/podmienky\/#breadcrumb","itemListElement":[{"@type":"ListItem","position":1,"name":"Home","item":"https:\/\/flyone.sk\/"},{"@type":"ListItem","position":2,"name":"Podmienky"}]},{"@type":"WebSite","@id":"https:\/\/flyone.sk\/#website","url":"https:\/\/flyone.sk\/","name":"Simulator letenja","description":"","publisher":{"@id":"https:\/\/flyone.sk\/#organization"},"potentialAction":[{"@type":"SearchAction","target":{"@type":"EntryPoint","urlTemplate":"https:\/\/flyone.sk\/?s={search_term_string}"},"query-input":{"@type":"PropertyValueSpecification","valueRequired":true,"valueName":"search_term_string"}}],"inLanguage":"de"},{"@type":"Organization","@id":"https:\/\/flyone.sk\/#organization","name":"Simulator letenja","url":"https:\/\/flyone.sk\/","logo":{"@type":"ImageObject","inLanguage":"de","@id":"https:\/\/flyone.sk\/#\/schema\/logo\/image\/","url":"https:\/\/flyone.sk\/wp-content\/uploads\/2025\/12\/fs1-logo-black.svg","contentUrl":"https:\/\/flyone.sk\/wp-content\/uploads\/2025\/12\/fs1-logo-black.svg","width":96,"height":55,"caption":"Simulator letenja"},"image":{"@id":"https:\/\/flyone.sk\/#\/schema\/logo\/image\/"}}]}},"_links":{"self":[{"href":"https:\/\/flyone.sk\/de\/wp-json\/wp\/v2\/pages\/332","targetHints":{"allow":["GET"]}}],"collection":[{"href":"https:\/\/flyone.sk\/de\/wp-json\/wp\/v2\/pages"}],"about":[{"href":"https:\/\/flyone.sk\/de\/wp-json\/wp\/v2\/types\/page"}],"author":[{"embeddable":true,"href":"https:\/\/flyone.sk\/de\/wp-json\/wp\/v2\/users\/1"}],"replies":[{"embeddable":true,"href":"https:\/\/flyone.sk\/de\/wp-json\/wp\/v2\/comments?post=332"}],"version-history":[{"count":5,"href":"https:\/\/flyone.sk\/de\/wp-json\/wp\/v2\/pages\/332\/revisions"}],"predecessor-version":[{"id":582,"href":"https:\/\/flyone.sk\/de\/wp-json\/wp\/v2\/pages\/332\/revisions\/582"}],"wp:attachment":[{"href":"https:\/\/flyone.sk\/de\/wp-json\/wp\/v2\/media?parent=332"}],"curies":[{"name":"wp","href":"https:\/\/api.w.org\/{rel}","templated":true}]}}