{"id":336,"date":"2025-12-01T13:27:22","date_gmt":"2025-12-01T13:27:22","guid":{"rendered":"https:\/\/flyone.sk\/?page_id=336"},"modified":"2025-12-14T14:18:21","modified_gmt":"2025-12-14T12:18:21","slug":"budovanie-timu","status":"publish","type":"page","link":"https:\/\/flyone.sk\/de\/budovanie-timu\/","title":{"rendered":"Budovanie t\u00edmu"},"content":{"rendered":"<section class=\"bde-section-336-100 bde-section\">\n  \n  \n\t\n\n\n\n<div class=\"section-container\"><div class=\"bde-text-336-101 bde-text\">\nPre obchodn\u00e9 a z\u00e1bavn\u00e9 \u00fa\u010dely a turistick\u00e9 skupiny\n<\/div><h1 class=\"bde-heading-336-102 bde-heading\">\nTeambuilding\n<\/h1><div class=\"bde-rich-text-336-103 bde-rich-text breakdance-rich-text-styles\">\n<p>Ka\u017ed\u00fd m\u00e1 mo\u017enos\u0165 sta\u0165 sa pilotom!<\/p>\n<\/div><\/div>\n<\/section><section class=\"bde-section-336-106 bde-section\">\n  \n  \n\t\n\n\n\n<div class=\"section-container\"><div class=\"bde-grid-336-109 bde-grid\">\n  \n  \n\t\n\n\n\n<div class=\"bde-div-336-110 bde-div\">\n  \n  \n\t\n\n\n\n<div class=\"bde-text-336-111 bde-text\">\nNezabudnute\u013en\u00e9\n<\/div><div class=\"bde-text-336-112 bde-text\">\nPon\u00fakame nezabudnute\u013en\u00e9 z\u00e1\u017eitky pre skupiny 4 a\u017e 5 os\u00f4b.<br>Ka\u017ed\u00e1 lekcia trv\u00e1 2 hodiny.<br>Pre v\u00e4\u010d\u0161ie skupiny rozdel\u00edme \u00fa\u010dastn\u00edkov do men\u0161\u00edch t\u00edmov a priprav\u00edme roz\u0161\u00edren\u00fd event.\n<\/div>\n<\/div><div class=\"bde-div-336-113 bde-div\">\n  \n  \n\t\n\n\n\n<img decoding=\"async\" class=\"bde-image2-336-114 bde-image2\" src=\"https:\/\/flyone.sk\/wp-content\/uploads\/2025\/12\/2024-10-20_203053.jpg\" loading=\"lazy\" srcset=\"https:\/\/flyone.sk\/wp-content\/uploads\/2025\/12\/2024-10-20_203053.jpg 960w, https:\/\/flyone.sk\/wp-content\/uploads\/2025\/12\/2024-10-20_203053-225x300.jpg 225w, https:\/\/flyone.sk\/wp-content\/uploads\/2025\/12\/2024-10-20_203053-768x1024.jpg 768w\" sizes=\"(max-width: 960px) 100vw, 960px\"><div class=\"bde-icon-336-115 bde-icon\">\n\n    \n            <div class=\"bde-icon-icon breakdance-icon-atom\" >\n    \n                    <svg xmlns=\"http:\/\/www.w3.org\/2000\/svg\" id=\"icon-arrow-right\" viewBox=\"0 0 32 32\">\n<path d=\"M31 16l-15-15v9h-16v12h16v9z\"\/>\n<\/svg>\n        \n        \n        \n            <\/div>\n    \n\n\n<\/div>\n<\/div><div class=\"bde-div-336-116 bde-div\">\n  \n  \n\t\n\n\n\n<div class=\"bde-text-336-117 bde-text\">\nSpolu\n<\/div><div class=\"bde-text-336-118 bde-text\">\nKa\u017ed\u00fd \u00fa\u010dastn\u00edk bude ma\u0165 mo\u017enos\u0165 lieta\u0165 s in\u0161truktorom a spolupracovn\u00edkmi.\n<\/div>\n<\/div><div class=\"bde-div-336-119 bde-div\">\n  \n  \n\t\n\n\n\n<img decoding=\"async\" class=\"bde-image2-336-120 bde-image2\" src=\"https:\/\/flyone.sk\/wp-content\/uploads\/2025\/12\/2024-10-20_203104.jpg\" loading=\"lazy\" srcset=\"https:\/\/flyone.sk\/wp-content\/uploads\/2025\/12\/2024-10-20_203104.jpg 1024w, https:\/\/flyone.sk\/wp-content\/uploads\/2025\/12\/2024-10-20_203104-300x169.jpg 300w, https:\/\/flyone.sk\/wp-content\/uploads\/2025\/12\/2024-10-20_203104-768x432.jpg 768w\" sizes=\"(max-width: 1024px) 100vw, 1024px\"><div class=\"bde-icon-336-121 bde-icon\">\n\n    \n            <div class=\"bde-icon-icon breakdance-icon-atom\" >\n    \n                    <svg xmlns=\"http:\/\/www.w3.org\/2000\/svg\" id=\"icon-arrow-right\" viewBox=\"0 0 32 32\">\n<path d=\"M31 16l-15-15v9h-16v12h16v9z\"\/>\n<\/svg>\n        \n        \n        \n            <\/div>\n    \n\n\n<\/div>\n<\/div><div class=\"bde-div-336-122 bde-div\">\n  \n  \n\t\n\n\n\n<img decoding=\"async\" class=\"bde-image2-336-123 bde-image2\" src=\"https:\/\/flyone.sk\/wp-content\/uploads\/2025\/12\/2024-10-20_203111.jpg\" loading=\"lazy\" srcset=\"https:\/\/flyone.sk\/wp-content\/uploads\/2025\/12\/2024-10-20_203111.jpg 1280w, https:\/\/flyone.sk\/wp-content\/uploads\/2025\/12\/2024-10-20_203111-300x225.jpg 300w, https:\/\/flyone.sk\/wp-content\/uploads\/2025\/12\/2024-10-20_203111-1024x768.jpg 1024w, https:\/\/flyone.sk\/wp-content\/uploads\/2025\/12\/2024-10-20_203111-768x576.jpg 768w\" sizes=\"(max-width: 1280px) 100vw, 1280px\"><div class=\"bde-icon-336-124 bde-icon\">\n\n                \n            <div class=\"bde-icon-icon breakdance-icon-atom\" style=\"--eeiTransform: rotate(180deg);\">\n    \n                    <svg xmlns=\"http:\/\/www.w3.org\/2000\/svg\" id=\"icon-arrow-right\" viewBox=\"0 0 32 32\">\n<path d=\"M31 16l-15-15v9h-16v12h16v9z\"\/>\n<\/svg>\n        \n        \n        \n            <\/div>\n    \n\n\n<\/div>\n<\/div><div class=\"bde-div-336-125 bde-div\">\n  \n  \n\t\n\n\n\n<div class=\"bde-text-336-126 bde-text\">\nIndividu\u00e1lne\n<\/div><div class=\"bde-text-336-127 bde-text\">\nKa\u017ed\u00fd \u00fa\u010dastn\u00edk bude ma\u0165 mo\u017enos\u0165 sta\u0165 sa pilotom.\n<\/div>\n<\/div><div class=\"bde-div-336-128 bde-div\">\n  \n  \n\t\n\n\n\n<img decoding=\"async\" class=\"bde-image2-336-129 bde-image2\" src=\"https:\/\/flyone.sk\/wp-content\/uploads\/2025\/12\/flyght-029.jpeg\" loading=\"lazy\" srcset=\"https:\/\/flyone.sk\/wp-content\/uploads\/2025\/12\/flyght-029.jpeg 400w, https:\/\/flyone.sk\/wp-content\/uploads\/2025\/12\/flyght-029-300x298.jpeg 300w, https:\/\/flyone.sk\/wp-content\/uploads\/2025\/12\/flyght-029-150x150.jpeg 150w\" sizes=\"(max-width: 400px) 100vw, 400px\"><div class=\"bde-icon-336-130 bde-icon\">\n\n                \n            <div class=\"bde-icon-icon breakdance-icon-atom\" style=\"--eeiTransform: rotate(180deg);\">\n    \n                    <svg xmlns=\"http:\/\/www.w3.org\/2000\/svg\" id=\"icon-arrow-right\" viewBox=\"0 0 32 32\">\n<path d=\"M31 16l-15-15v9h-16v12h16v9z\"\/>\n<\/svg>\n        \n        \n        \n            <\/div>\n    \n\n\n<\/div>\n<\/div><div class=\"bde-div-336-131 bde-div\">\n  \n  \n\t\n\n\n\n<div class=\"bde-text-336-132 bde-text\">\nProfesion\u00e1lne\n<\/div><div class=\"bde-text-336-133 bde-text\">\nProfesion\u00e1lny in\u0161truktor v\u00e1s zozn\u00e1mi s lietadlom a pom\u00f4\u017ee v\u00e1m z\u00edska\u0165 pilotn\u00e9 sk\u00fasenosti.\n<\/div>\n<\/div>\n<\/div><\/div>\n<\/section><section class=\"bde-section-336-134 bde-section\">\n  \n  \n\t\n\n\n\n<div class=\"section-container\"><div class=\"bde-grid-336-135 bde-grid\">\n  \n  \n\t\n\n\n\n<div class=\"bde-div-336-136 bde-div\">\n  \n  \n\t\n\n\n\n<img decoding=\"async\" class=\"bde-image2-336-137 bde-image2\" src=\"https:\/\/flyone.sk\/wp-content\/uploads\/2025\/11\/Tilda_Icons_37_Finance_technologies_identification.svg\" loading=\"lazy\" sizes=\"(max-width: 100px) 100vw, 100px\"><div class=\"bde-text-336-138 bde-text\">\nRealistick\u00e1 vizualiz\u00e1cia\n<\/div><div class=\"bde-text-336-139 bde-text\">\nObraz na ve\u013ekej panoramatickej obrazovke odha\u013euje pr\u00edrodn\u00e9 scen\u00e9rie a z\u00e1vis\u00ed od zvolenej dennej doby, typu po\u010dasia, ro\u010dn\u00e9ho obdobia at\u010f.\n<\/div>\n<\/div><div class=\"bde-div-336-140 bde-div\">\n  \n  \n\t\n\n\n\n<img decoding=\"async\" class=\"bde-image2-336-141 bde-image2\" src=\"https:\/\/flyone.sk\/wp-content\/uploads\/2025\/11\/Tilda_Icons_44_travel_plane.svg\" loading=\"lazy\" sizes=\"(max-width: 100px) 100vw, 100px\"><div class=\"bde-text-336-142 bde-text\">\nPresn\u00e1 k\u00f3pia kab\u00edny lietadla\n<\/div><div class=\"bde-text-336-143 bde-text\">\nInteri\u00e9r simul\u00e1tora Boeingu 737, sedadl\u00e1 pilotov, v\u0161etky tla\u010didl\u00e1 a displeje opakuj\u00fa skuto\u010dn\u00fa kab\u00ednu. V\u0161etky syst\u00e9my virtu\u00e1lneho lietadla funguj\u00fa rovnako ako tie skuto\u010dn\u00e9, tak\u017ee ka\u017ed\u00fd pilot ako vy si m\u00f4\u017ee za\u017ei\u0165 realitu letu.\n<\/div>\n<\/div><div class=\"bde-div-336-144 bde-div\">\n  \n  \n\t\n\n\n\n<img decoding=\"async\" class=\"bde-image2-336-145 bde-image2\" src=\"https:\/\/flyone.sk\/wp-content\/uploads\/2025\/11\/Tilda_Icons_44_travel_earth.svg\" loading=\"lazy\" sizes=\"(max-width: 100px) 100vw, 100px\"><div class=\"bde-text-336-146 bde-text\">\nV\u0161etky mest\u00e1 a letisk\u00e1 na svete\n<\/div><div class=\"bde-text-336-147 bde-text\">\nKe\u010f ste v Slovensku, m\u00f4\u017eete si vybra\u0165 na let takmer ak\u00e9ko\u013evek miesto na svete. Pri prvom pokuse v\u00e1m odpor\u00fa\u010dame zvoli\u0165 si jednoduch\u00fa trasu nad zn\u00e1mym letiskom, aby ste si simul\u00e1ciu letu u\u017eili \u010do najviac.\n<\/div>\n<\/div>\n<\/div><div class=\"bde-rich-text-336-160 bde-rich-text breakdance-rich-text-styles\">\n<p>Presk\u00famajte r\u00f4zne letisk\u00e1, vysk\u00fa\u0161ajte si z\u00e1bavn\u00e9 prist\u00e1vacie v\u00fdzvy a \u2013 na po\u017eiadanie \u2013 za\u017eite jedine\u010dn\u00e9 scen\u00e1re prezentovan\u00e9 vo forme misi\u00ed alebo s\u00fa\u0165a\u017e\u00ed. Darujte sebe a svojim kolegom v\u00fdnimo\u010dn\u00fd dar\u010dek pilotovan\u00edm komer\u010dn\u00e9ho lietadla v na\u0161om neuverite\u013ene realistickom leteckom simul\u00e1tore.<\/p>\n<\/div><\/div>\n<\/section><section class=\"bde-section-336-161 bde-section\">\n  \n  \n\t\n\n\n\n<div class=\"section-container\"><div class=\"bde-text-336-162 bde-text\">\nLeteck\u00fd z\u00e1\u017eitok je dostupn\u00fd po\u010das prev\u00e1dzkov\u00fdch hod\u00edn simul\u00e1tora prostredn\u00edctvom rezerv\u00e1cie na webovej str\u00e1nke a po dohode, v z\u00e1vislosti od dostupnosti in\u0161truktora po\u010das otv\u00e1rac\u00edch hod\u00edn. Pre z\u00e1ujem mimo otvoren\u00fdch term\u00ednov na webe n\u00e1m nap\u00ed\u0161te e-mail na flyone@flyone.sk alebo n\u00e1s kontaktujte telefonicky na +421 232 137 501.\n<\/div><\/div>\n<\/section><div class=\"bde-globalblock-336-163 bde-globalblock\"><section class=\"bde-section-349-100-349-1 bde-section bde-section-349-100\">\n  \n  \n\t\n\n\n\n<div class=\"section-container\"><div class=\"bde-columns-349-101-349-1 bde-columns bde-columns-349-101\"><div class=\"bde-column-349-102-349-1 bde-column bde-column-349-102\">\n  \n  \n\t\n\n\n\n<img decoding=\"async\" class=\"bde-image2-349-103-349-1 bde-image2 bde-image2-349-103\" src=\"https:\/\/flyone.sk\/wp-content\/uploads\/2025\/12\/form-img.jpeg\" loading=\"lazy\" srcset=\"https:\/\/flyone.sk\/wp-content\/uploads\/2025\/12\/form-img.jpeg 1500w, https:\/\/flyone.sk\/wp-content\/uploads\/2025\/12\/form-img-300x300.jpeg 300w, https:\/\/flyone.sk\/wp-content\/uploads\/2025\/12\/form-img-1024x1024.jpeg 1024w, https:\/\/flyone.sk\/wp-content\/uploads\/2025\/12\/form-img-150x150.jpeg 150w, https:\/\/flyone.sk\/wp-content\/uploads\/2025\/12\/form-img-768x768.jpeg 768w\" sizes=\"(max-width: 1500px) 100vw, 1500px\">\n<\/div><div class=\"bde-column-349-104-349-1 bde-column bde-column-349-104\">\n  \n  \n\t\n\n\n\n<h1 class=\"bde-heading-349-105-349-1 bde-heading bde-heading-349-105\">\nM\u00e1te ot\u00e1zky?\n<\/h1><div class=\"bde-form-builder-349-106-349-1 bde-form-builder bde-form-builder-349-106\">\n\n<form id=\"kontakt106\" class=\"breakdance-form breakdance-form--vertical\" data-options=\"{&quot;slug&quot;:&quot;custom&quot;,&quot;name&quot;:&quot;Kontakt&quot;,&quot;ajaxUrl&quot;:&quot;https:\\\/\\\/flyone.sk\\\/wp-admin\\\/admin-ajax.php&quot;,&quot;clearOnSuccess&quot;:true,&quot;hideOnSuccess&quot;:false,&quot;successMessage&quot;:&quot;Va\\u0161a spr\\u00e1va bola prijat\\u00e1!&quot;,&quot;errorMessage&quot;:&quot;Nie\\u010do sa pokazilo&quot;,&quot;redirect&quot;:false,&quot;redirectUrl&quot;:&quot;&quot;,&quot;customJavaScript&quot;:&quot;&quot;,&quot;recaptcha&quot;:{&quot;key&quot;:&quot;&quot;,&quot;enabled&quot;:false},&quot;honeypot_enabled&quot;:false,&quot;popupsOnSuccess&quot;:[],&quot;popupsOnError&quot;:[]}\" data-steps=\"0\" >\n  \n  \n  \n<div class=\"breakdance-form-field breakdance-form-field--email\" >\n    \n    \n            <label class=\"breakdance-form-field__label\" for=\"email\">\n            V\u00e1\u0161 email<span class=\"breakdance-form-field__required\">*<\/span>\n        <\/label>\n    \n    <input\n    class=\"breakdance-form-field__input\"\n    id=\"email\"\n    aria-describedby=\"email\"\n    type=\"email\"\n    name=\"fields[email]\"\n    placeholder=\"\"\n    value=\"\"\n                \n        \n        \n    required\n    \n    \n    \n>\n\n\n    \n    \n<\/div>\n\n\n<div class=\"breakdance-form-field breakdance-form-field--text\" >\n    \n    \n            <label class=\"breakdance-form-field__label\" for=\"name\">\n            Va\u0161e meno<span class=\"breakdance-form-field__required\">*<\/span>\n        <\/label>\n    \n    <input\n    class=\"breakdance-form-field__input\"\n    id=\"name\"\n    aria-describedby=\"name\"\n    type=\"text\"\n    name=\"fields[name]\"\n    placeholder=\"\"\n    value=\"\"\n                \n        \n        \n    required\n    \n    \n    \n>\n\n\n    \n    \n<\/div>\n\n\n<div class=\"breakdance-form-field breakdance-form-field--text\" >\n    \n    \n            <label class=\"breakdance-form-field__label\" for=\"xeblml\">\n            Telef\u00f3nne \u010d\u00edslo\n        <\/label>\n    \n    <input\n    class=\"breakdance-form-field__input\"\n    id=\"xeblml\"\n    aria-describedby=\"xeblml\"\n    type=\"text\"\n    name=\"fields[xeblml]\"\n    placeholder=\"\"\n    value=\"\"\n                \n        \n        \n    \n    \n    \n    \n>\n\n\n    \n    \n<\/div>\n\n\n<div class=\"breakdance-form-field breakdance-form-field--textarea\" >\n    \n    \n            <label class=\"breakdance-form-field__label\" for=\"message\">\n            Va\u0161a spr\u00e1va<span class=\"breakdance-form-field__required\">*<\/span>\n        <\/label>\n    \n    <textarea\n    class=\"breakdance-form-field__input\"\n    id=\"message\"\n    aria-describedby=\"message\"\n    type=\"textarea\"\n    name=\"fields[message]\"\n        placeholder=\"\"\n    required\n    >\n<\/textarea>\n\n\n    \n    \n<\/div>\n\n\n  \n\n<div class=\"breakdance-form-field breakdance-form-footer\">\n    \n    \n                                    \n    \n    \n    \n    \n            \n            <button type=\"submit\" class=\"button-atom button-atom--primary breakdance-form-button breakdance-form-button__submit\"  >\n    \n        <span class=\"button-atom__text\">Odosla\u0165 formul\u00e1r<\/span>\n\n        \n        \n            <\/button>\n    \n    <input type=\"hidden\" name=\"form_id\" value=\"106\">\n    <input type=\"hidden\" name=\"post_id\" value=\"349\">\n<\/div>\n\n  \n<\/form>\n\n\n<\/div>\n<\/div><\/div><\/div>\n<\/section><\/div>","protected":false},"excerpt":{"rendered":"<p>Pre obchodn\u00e9 a z\u00e1bavn\u00e9 \u00fa\u010dely a turistick\u00e9 skupiny Teambuilding Ka\u017ed\u00fd m\u00e1 mo\u017enos\u0165 sta\u0165 sa pilotom! Nezabudnute\u013en\u00e9 Pon\u00fakame nezabudnute\u013en\u00e9 z\u00e1\u017eitky pre skupiny 4 a\u017e 5 os\u00f4b.Ka\u017ed\u00e1 lekcia trv\u00e1 2 hodiny.Pre v\u00e4\u010d\u0161ie skupiny rozdel\u00edme \u00fa\u010dastn\u00edkov do men\u0161\u00edch t\u00edmov a priprav\u00edme roz\u0161\u00edren\u00fd event. Spolu Ka\u017ed\u00fd \u00fa\u010dastn\u00edk bude ma\u0165 mo\u017enos\u0165 lieta\u0165 s in\u0161truktorom a spolupracovn\u00edkmi. Individu\u00e1lne Ka\u017ed\u00fd \u00fa\u010dastn\u00edk bude [&hellip;]<\/p>\n","protected":false},"author":1,"featured_media":0,"parent":0,"menu_order":0,"comment_status":"closed","ping_status":"closed","template":"","meta":{"_breakdance_hide_in_design_set":false,"_breakdance_tags":"","footnotes":""},"class_list":["post-336","page","type-page","status-publish","hentry"],"yoast_head":"<!-- This site is optimized with the Yoast SEO plugin v26.6 - https:\/\/yoast.com\/wordpress\/plugins\/seo\/ -->\n<title>Budovanie t\u00edmu - Leteck\u00fd simul\u00e1tor<\/title>\n<meta name=\"robots\" content=\"index, follow, max-snippet:-1, max-image-preview:large, max-video-preview:-1\" \/>\n<link rel=\"canonical\" href=\"https:\/\/flyone.sk\/de\/budovanie-timu\/\" \/>\n<meta property=\"og:locale\" content=\"de_DE\" \/>\n<meta property=\"og:type\" content=\"article\" \/>\n<meta property=\"og:title\" content=\"Budovanie t\u00edmu - Leteck\u00fd simul\u00e1tor\" \/>\n<meta property=\"og:description\" content=\"Pre obchodn\u00e9 a z\u00e1bavn\u00e9 \u00fa\u010dely a turistick\u00e9 skupiny Teambuilding Ka\u017ed\u00fd m\u00e1 mo\u017enos\u0165 sta\u0165 sa pilotom! Nezabudnute\u013en\u00e9 Pon\u00fakame nezabudnute\u013en\u00e9 z\u00e1\u017eitky pre skupiny 4 a\u017e 5 os\u00f4b.Ka\u017ed\u00e1 lekcia trv\u00e1 2 hodiny.Pre v\u00e4\u010d\u0161ie skupiny rozdel\u00edme \u00fa\u010dastn\u00edkov do men\u0161\u00edch t\u00edmov a priprav\u00edme roz\u0161\u00edren\u00fd event. Spolu Ka\u017ed\u00fd \u00fa\u010dastn\u00edk bude ma\u0165 mo\u017enos\u0165 lieta\u0165 s in\u0161truktorom a spolupracovn\u00edkmi. Individu\u00e1lne Ka\u017ed\u00fd \u00fa\u010dastn\u00edk bude [&hellip;]\" \/>\n<meta property=\"og:url\" content=\"https:\/\/flyone.sk\/de\/budovanie-timu\/\" \/>\n<meta property=\"og:site_name\" content=\"Leteck\u00fd simul\u00e1tor\" \/>\n<meta property=\"article:modified_time\" content=\"2025-12-14T12:18:21+00:00\" \/>\n<meta name=\"twitter:card\" content=\"summary_large_image\" \/>\n<script type=\"application\/ld+json\" class=\"yoast-schema-graph\">{\"@context\":\"https:\/\/schema.org\",\"@graph\":[{\"@type\":\"WebPage\",\"@id\":\"https:\/\/flyone.sk\/budovanie-timu\/\",\"url\":\"https:\/\/flyone.sk\/budovanie-timu\/\",\"name\":\"Budovanie t\u00edmu - Leteck\u00fd simul\u00e1tor\",\"isPartOf\":{\"@id\":\"https:\/\/flyone.sk\/#website\"},\"datePublished\":\"2025-12-01T13:27:22+00:00\",\"dateModified\":\"2025-12-14T12:18:21+00:00\",\"breadcrumb\":{\"@id\":\"https:\/\/flyone.sk\/budovanie-timu\/#breadcrumb\"},\"inLanguage\":\"de\",\"potentialAction\":[{\"@type\":\"ReadAction\",\"target\":[\"https:\/\/flyone.sk\/budovanie-timu\/\"]}]},{\"@type\":\"BreadcrumbList\",\"@id\":\"https:\/\/flyone.sk\/budovanie-timu\/#breadcrumb\",\"itemListElement\":[{\"@type\":\"ListItem\",\"position\":1,\"name\":\"Home\",\"item\":\"https:\/\/flyone.sk\/\"},{\"@type\":\"ListItem\",\"position\":2,\"name\":\"Budovanie t\u00edmu\"}]},{\"@type\":\"WebSite\",\"@id\":\"https:\/\/flyone.sk\/#website\",\"url\":\"https:\/\/flyone.sk\/\",\"name\":\"Simulator letenja\",\"description\":\"\",\"publisher\":{\"@id\":\"https:\/\/flyone.sk\/#organization\"},\"potentialAction\":[{\"@type\":\"SearchAction\",\"target\":{\"@type\":\"EntryPoint\",\"urlTemplate\":\"https:\/\/flyone.sk\/?s={search_term_string}\"},\"query-input\":{\"@type\":\"PropertyValueSpecification\",\"valueRequired\":true,\"valueName\":\"search_term_string\"}}],\"inLanguage\":\"de\"},{\"@type\":\"Organization\",\"@id\":\"https:\/\/flyone.sk\/#organization\",\"name\":\"Simulator letenja\",\"url\":\"https:\/\/flyone.sk\/\",\"logo\":{\"@type\":\"ImageObject\",\"inLanguage\":\"de\",\"@id\":\"https:\/\/flyone.sk\/#\/schema\/logo\/image\/\",\"url\":\"https:\/\/flyone.sk\/wp-content\/uploads\/2025\/12\/fs1-logo-black.svg\",\"contentUrl\":\"https:\/\/flyone.sk\/wp-content\/uploads\/2025\/12\/fs1-logo-black.svg\",\"width\":96,\"height\":55,\"caption\":\"Simulator letenja\"},\"image\":{\"@id\":\"https:\/\/flyone.sk\/#\/schema\/logo\/image\/\"}}]}<\/script>\n<!-- \/ Yoast SEO plugin. -->","yoast_head_json":{"title":"Budovanie t\u00edmu - Leteck\u00fd simul\u00e1tor","robots":{"index":"index","follow":"follow","max-snippet":"max-snippet:-1","max-image-preview":"max-image-preview:large","max-video-preview":"max-video-preview:-1"},"canonical":"https:\/\/flyone.sk\/de\/budovanie-timu\/","og_locale":"de_DE","og_type":"article","og_title":"Budovanie t\u00edmu - Leteck\u00fd simul\u00e1tor","og_description":"Pre obchodn\u00e9 a z\u00e1bavn\u00e9 \u00fa\u010dely a turistick\u00e9 skupiny Teambuilding Ka\u017ed\u00fd m\u00e1 mo\u017enos\u0165 sta\u0165 sa pilotom! Nezabudnute\u013en\u00e9 Pon\u00fakame nezabudnute\u013en\u00e9 z\u00e1\u017eitky pre skupiny 4 a\u017e 5 os\u00f4b.Ka\u017ed\u00e1 lekcia trv\u00e1 2 hodiny.Pre v\u00e4\u010d\u0161ie skupiny rozdel\u00edme \u00fa\u010dastn\u00edkov do men\u0161\u00edch t\u00edmov a priprav\u00edme roz\u0161\u00edren\u00fd event. Spolu Ka\u017ed\u00fd \u00fa\u010dastn\u00edk bude ma\u0165 mo\u017enos\u0165 lieta\u0165 s in\u0161truktorom a spolupracovn\u00edkmi. Individu\u00e1lne Ka\u017ed\u00fd \u00fa\u010dastn\u00edk bude [&hellip;]","og_url":"https:\/\/flyone.sk\/de\/budovanie-timu\/","og_site_name":"Leteck\u00fd simul\u00e1tor","article_modified_time":"2025-12-14T12:18:21+00:00","twitter_card":"summary_large_image","schema":{"@context":"https:\/\/schema.org","@graph":[{"@type":"WebPage","@id":"https:\/\/flyone.sk\/budovanie-timu\/","url":"https:\/\/flyone.sk\/budovanie-timu\/","name":"Budovanie t\u00edmu - Leteck\u00fd simul\u00e1tor","isPartOf":{"@id":"https:\/\/flyone.sk\/#website"},"datePublished":"2025-12-01T13:27:22+00:00","dateModified":"2025-12-14T12:18:21+00:00","breadcrumb":{"@id":"https:\/\/flyone.sk\/budovanie-timu\/#breadcrumb"},"inLanguage":"de","potentialAction":[{"@type":"ReadAction","target":["https:\/\/flyone.sk\/budovanie-timu\/"]}]},{"@type":"BreadcrumbList","@id":"https:\/\/flyone.sk\/budovanie-timu\/#breadcrumb","itemListElement":[{"@type":"ListItem","position":1,"name":"Home","item":"https:\/\/flyone.sk\/"},{"@type":"ListItem","position":2,"name":"Budovanie t\u00edmu"}]},{"@type":"WebSite","@id":"https:\/\/flyone.sk\/#website","url":"https:\/\/flyone.sk\/","name":"Simulator letenja","description":"","publisher":{"@id":"https:\/\/flyone.sk\/#organization"},"potentialAction":[{"@type":"SearchAction","target":{"@type":"EntryPoint","urlTemplate":"https:\/\/flyone.sk\/?s={search_term_string}"},"query-input":{"@type":"PropertyValueSpecification","valueRequired":true,"valueName":"search_term_string"}}],"inLanguage":"de"},{"@type":"Organization","@id":"https:\/\/flyone.sk\/#organization","name":"Simulator letenja","url":"https:\/\/flyone.sk\/","logo":{"@type":"ImageObject","inLanguage":"de","@id":"https:\/\/flyone.sk\/#\/schema\/logo\/image\/","url":"https:\/\/flyone.sk\/wp-content\/uploads\/2025\/12\/fs1-logo-black.svg","contentUrl":"https:\/\/flyone.sk\/wp-content\/uploads\/2025\/12\/fs1-logo-black.svg","width":96,"height":55,"caption":"Simulator letenja"},"image":{"@id":"https:\/\/flyone.sk\/#\/schema\/logo\/image\/"}}]}},"_links":{"self":[{"href":"https:\/\/flyone.sk\/de\/wp-json\/wp\/v2\/pages\/336","targetHints":{"allow":["GET"]}}],"collection":[{"href":"https:\/\/flyone.sk\/de\/wp-json\/wp\/v2\/pages"}],"about":[{"href":"https:\/\/flyone.sk\/de\/wp-json\/wp\/v2\/types\/page"}],"author":[{"embeddable":true,"href":"https:\/\/flyone.sk\/de\/wp-json\/wp\/v2\/users\/1"}],"replies":[{"embeddable":true,"href":"https:\/\/flyone.sk\/de\/wp-json\/wp\/v2\/comments?post=336"}],"version-history":[{"count":15,"href":"https:\/\/flyone.sk\/de\/wp-json\/wp\/v2\/pages\/336\/revisions"}],"predecessor-version":[{"id":650,"href":"https:\/\/flyone.sk\/de\/wp-json\/wp\/v2\/pages\/336\/revisions\/650"}],"wp:attachment":[{"href":"https:\/\/flyone.sk\/de\/wp-json\/wp\/v2\/media?parent=336"}],"curies":[{"name":"wp","href":"https:\/\/api.w.org\/{rel}","templated":true}]}}