{"id":454,"date":"2025-12-05T12:44:44","date_gmt":"2025-12-05T10:44:44","guid":{"rendered":"https:\/\/flyone.sk\/?post_type=product&#038;p=454"},"modified":"2025-12-12T15:23:57","modified_gmt":"2025-12-12T13:23:57","slug":"kratke-letecke-dobrodruzstvo-30-minutovy-let","status":"publish","type":"product","link":"https:\/\/flyone.sk\/de\/product\/kratke-letecke-dobrodruzstvo-30-minutovy-let\/","title":{"rendered":"Kurzes Flugabenteuer - 30-min\u00fctiger Flug"},"content":{"rendered":"<p><span data-sheets-root=\"1\">Diese 30-min\u00fctige Erfahrung ist f\u00fcr eine Person gedacht, die in die Welt der Luftfahrt eintreten m\u00f6chte. Sie k\u00f6nnen jeden Flughafen der Welt ausw\u00e4hlen, starten, grundlegende Flugman\u00f6ver durchf\u00fchren und sicher landen - alles unter der Anleitung eines erfahrenen Instruktors.<\/span><\/p>\n<p>Was ist im Paket enthalten:<\/p>\n<p>Eine theoretische Einf\u00fchrung mit einem Instruktor<\/p>\n<p>Wahl eines beliebigen Flughafens f\u00fcr Start und Landung<\/p>\n<p>Zeit, grundlegende Kontrollen und Man\u00f6ver zu \u00fcben<\/p>\n<p>M\u00f6glichkeit der Fotografie in Pilotuniform<\/p>\n<p>Ideal f\u00fcr: eine Person, die ein kurzes, aber aufregendes Flugerlebnis m\u00f6chte.<\/p>\n<p>Mehr Informationen<br \/>\nIhr Abenteuer im Flugsimulator beginnt mit einer kurzen theoretischen Einf\u00fchrung. Unser erfahrener Instruktor erkl\u00e4rt die Grundprinzipien der Pilotierung und macht Sie mit den Instrumenten und Bedienelementen im Cockpit vertraut. Die Einf\u00fchrung wird an Ihr Wissen, Ihre Interessen und Ihre Zeit angepasst. Wenn Sie einen l\u00e4ngeren Flug gebucht haben, k\u00f6nnen wir auch fortgeschrittenere Themen durchgehen - aber wir sorgen immer f\u00fcr maximale Zeit f\u00fcr das Fliegen selbst, was die Essenz der Erfahrung ist.<\/p>\n<p>Der Flug beginnt auf der Strecke, wo Sie das Flugzeug unter Aufsicht eines Ausbilders auf den Start vorbereiten. Nach dem Start haben Sie die M\u00f6glichkeit, das Flugzeug manuell zu steuern und die Funktionen des Autopiloten auszuprobieren. W\u00e4hrend des Fluges k\u00f6nnen Sie jeden Ort und jede Wetterlage w\u00e4hlen, was ein vollst\u00e4ndig angepasstes und realistisches Erlebnis schafft. Der Flug endet mit einer Landung am gew\u00e4hlten Flughafen.<\/p>\n<p>Unser moderner Flugsimulator bietet Ihnen die einmalige Gelegenheit zu erleben, wie es ist, ein Verkehrsflugzeug zu fahren - egal ob Sie ein Flugbegeisterter, ein zuk\u00fcnftiger Pilot oder einfach nur auf der Suche nach einem unvergesslichen Abenteuer sind.<\/p>","protected":false},"excerpt":{"rendered":"<p>Tento 30-min\u00fatov\u00fd z\u00e1\u017eitok je ur\u010den\u00fd pre jednu osobu, ktor\u00e1 chce vst\u00fapi\u0165 do sveta letectva. M\u00f4\u017eete si vybra\u0165 ak\u00e9ko\u013evek letisko na svete, vzlietnu\u0165, vykona\u0165 z\u00e1kladn\u00e9 letov\u00e9 man\u00e9vre a bezpe\u010dne prist\u00e1\u0165 \u2014 v\u0161etko pod veden\u00edm sk\u00fasen\u00e9ho in\u0161truktora. \u010co je s\u00fa\u010das\u0165ou bal\u00ed\u010dka: Teoretick\u00fd \u00favod s in\u0161truktorom Mo\u017enos\u0165 v\u00fdberu \u013eubovo\u013en\u00e9ho letiska na vzlet a prist\u00e1tie \u010cas na precvi\u010denie z\u00e1kladn\u00fdch [&hellip;]<\/p>\n","protected":false},"featured_media":629,"comment_status":"open","ping_status":"closed","template":"","meta":[],"product_brand":[],"product_cat":[15],"product_tag":[],"class_list":{"0":"post-454","1":"product","2":"type-product","3":"status-publish","4":"has-post-thumbnail","6":"product_cat-uncategorized","8":"first","9":"instock","10":"virtual","11":"sold-individually","12":"taxable","13":"purchasable","14":"product-type-simple"},"yoast_head":"<!-- This site is optimized with the Yoast SEO plugin v26.6 - https:\/\/yoast.com\/wordpress\/plugins\/seo\/ -->\n<title>Kr\u00e1tke leteck\u00e9 dobrodru\u017estvo \u2013 30-min\u00fatov\u00fd let - Leteck\u00fd simul\u00e1tor<\/title>\n<meta name=\"robots\" content=\"index, follow, max-snippet:-1, max-image-preview:large, max-video-preview:-1\" \/>\n<link rel=\"canonical\" href=\"https:\/\/flyone.sk\/de\/product\/kratke-letecke-dobrodruzstvo-30-minutovy-let\/\" \/>\n<meta property=\"og:locale\" content=\"de_DE\" \/>\n<meta property=\"og:type\" content=\"article\" \/>\n<meta property=\"og:title\" content=\"Kr\u00e1tke leteck\u00e9 dobrodru\u017estvo \u2013 30-min\u00fatov\u00fd let - Leteck\u00fd simul\u00e1tor\" \/>\n<meta property=\"og:description\" content=\"Tento 30-min\u00fatov\u00fd z\u00e1\u017eitok je ur\u010den\u00fd pre jednu osobu, ktor\u00e1 chce vst\u00fapi\u0165 do sveta letectva. M\u00f4\u017eete si vybra\u0165 ak\u00e9ko\u013evek letisko na svete, vzlietnu\u0165, vykona\u0165 z\u00e1kladn\u00e9 letov\u00e9 man\u00e9vre a bezpe\u010dne prist\u00e1\u0165 \u2014 v\u0161etko pod veden\u00edm sk\u00fasen\u00e9ho in\u0161truktora. \u010co je s\u00fa\u010das\u0165ou bal\u00ed\u010dka: Teoretick\u00fd \u00favod s in\u0161truktorom Mo\u017enos\u0165 v\u00fdberu \u013eubovo\u013en\u00e9ho letiska na vzlet a prist\u00e1tie \u010cas na precvi\u010denie z\u00e1kladn\u00fdch [&hellip;]\" \/>\n<meta property=\"og:url\" content=\"https:\/\/flyone.sk\/de\/product\/kratke-letecke-dobrodruzstvo-30-minutovy-let\/\" \/>\n<meta property=\"og:site_name\" content=\"Leteck\u00fd simul\u00e1tor\" \/>\n<meta property=\"article:modified_time\" content=\"2025-12-12T13:23:57+00:00\" \/>\n<meta property=\"og:image\" content=\"https:\/\/flyone.sk\/wp-content\/uploads\/2025\/12\/HDR_0387-1.jpg\" \/>\n\t<meta property=\"og:image:width\" content=\"1512\" \/>\n\t<meta property=\"og:image:height\" content=\"1006\" \/>\n\t<meta property=\"og:image:type\" content=\"image\/jpeg\" \/>\n<meta name=\"twitter:card\" content=\"summary_large_image\" \/>\n<meta name=\"twitter:label1\" content=\"Gesch\u00e4tzte Lesezeit\" \/>\n\t<meta name=\"twitter:data1\" content=\"2\u00a0Minuten\" \/>\n<script type=\"application\/ld+json\" class=\"yoast-schema-graph\">{\"@context\":\"https:\/\/schema.org\",\"@graph\":[{\"@type\":\"WebPage\",\"@id\":\"https:\/\/flyone.sk\/product\/kratke-letecke-dobrodruzstvo-30-minutovy-let\/\",\"url\":\"https:\/\/flyone.sk\/product\/kratke-letecke-dobrodruzstvo-30-minutovy-let\/\",\"name\":\"Kr\u00e1tke leteck\u00e9 dobrodru\u017estvo \u2013 30-min\u00fatov\u00fd let - Leteck\u00fd simul\u00e1tor\",\"isPartOf\":{\"@id\":\"https:\/\/flyone.sk\/#website\"},\"primaryImageOfPage\":{\"@id\":\"https:\/\/flyone.sk\/product\/kratke-letecke-dobrodruzstvo-30-minutovy-let\/#primaryimage\"},\"image\":{\"@id\":\"https:\/\/flyone.sk\/product\/kratke-letecke-dobrodruzstvo-30-minutovy-let\/#primaryimage\"},\"thumbnailUrl\":\"https:\/\/flyone.sk\/wp-content\/uploads\/2025\/12\/HDR_0387-1.jpg\",\"datePublished\":\"2025-12-05T10:44:44+00:00\",\"dateModified\":\"2025-12-12T13:23:57+00:00\",\"breadcrumb\":{\"@id\":\"https:\/\/flyone.sk\/product\/kratke-letecke-dobrodruzstvo-30-minutovy-let\/#breadcrumb\"},\"inLanguage\":\"de\",\"potentialAction\":[{\"@type\":\"ReadAction\",\"target\":[\"https:\/\/flyone.sk\/product\/kratke-letecke-dobrodruzstvo-30-minutovy-let\/\"]}]},{\"@type\":\"ImageObject\",\"inLanguage\":\"de\",\"@id\":\"https:\/\/flyone.sk\/product\/kratke-letecke-dobrodruzstvo-30-minutovy-let\/#primaryimage\",\"url\":\"https:\/\/flyone.sk\/wp-content\/uploads\/2025\/12\/HDR_0387-1.jpg\",\"contentUrl\":\"https:\/\/flyone.sk\/wp-content\/uploads\/2025\/12\/HDR_0387-1.jpg\",\"width\":1512,\"height\":1006},{\"@type\":\"BreadcrumbList\",\"@id\":\"https:\/\/flyone.sk\/product\/kratke-letecke-dobrodruzstvo-30-minutovy-let\/#breadcrumb\",\"itemListElement\":[{\"@type\":\"ListItem\",\"position\":1,\"name\":\"Home\",\"item\":\"https:\/\/flyone.sk\/\"},{\"@type\":\"ListItem\",\"position\":2,\"name\":\"Obchod\",\"item\":\"https:\/\/flyone.sk\/obchod\/\"},{\"@type\":\"ListItem\",\"position\":3,\"name\":\"Kr\u00e1tke leteck\u00e9 dobrodru\u017estvo \u2013 30-min\u00fatov\u00fd let\"}]},{\"@type\":\"WebSite\",\"@id\":\"https:\/\/flyone.sk\/#website\",\"url\":\"https:\/\/flyone.sk\/\",\"name\":\"Simulator letenja\",\"description\":\"\",\"publisher\":{\"@id\":\"https:\/\/flyone.sk\/#organization\"},\"potentialAction\":[{\"@type\":\"SearchAction\",\"target\":{\"@type\":\"EntryPoint\",\"urlTemplate\":\"https:\/\/flyone.sk\/?s={search_term_string}\"},\"query-input\":{\"@type\":\"PropertyValueSpecification\",\"valueRequired\":true,\"valueName\":\"search_term_string\"}}],\"inLanguage\":\"de\"},{\"@type\":\"Organization\",\"@id\":\"https:\/\/flyone.sk\/#organization\",\"name\":\"Simulator letenja\",\"url\":\"https:\/\/flyone.sk\/\",\"logo\":{\"@type\":\"ImageObject\",\"inLanguage\":\"de\",\"@id\":\"https:\/\/flyone.sk\/#\/schema\/logo\/image\/\",\"url\":\"https:\/\/flyone.sk\/wp-content\/uploads\/2025\/12\/fs1-logo-black.svg\",\"contentUrl\":\"https:\/\/flyone.sk\/wp-content\/uploads\/2025\/12\/fs1-logo-black.svg\",\"width\":96,\"height\":55,\"caption\":\"Simulator letenja\"},\"image\":{\"@id\":\"https:\/\/flyone.sk\/#\/schema\/logo\/image\/\"}}]}<\/script>\n<!-- \/ Yoast SEO plugin. -->","yoast_head_json":{"title":"Kr\u00e1tke leteck\u00e9 dobrodru\u017estvo \u2013 30-min\u00fatov\u00fd let - Leteck\u00fd simul\u00e1tor","robots":{"index":"index","follow":"follow","max-snippet":"max-snippet:-1","max-image-preview":"max-image-preview:large","max-video-preview":"max-video-preview:-1"},"canonical":"https:\/\/flyone.sk\/de\/product\/kratke-letecke-dobrodruzstvo-30-minutovy-let\/","og_locale":"de_DE","og_type":"article","og_title":"Kr\u00e1tke leteck\u00e9 dobrodru\u017estvo \u2013 30-min\u00fatov\u00fd let - Leteck\u00fd simul\u00e1tor","og_description":"Tento 30-min\u00fatov\u00fd z\u00e1\u017eitok je ur\u010den\u00fd pre jednu osobu, ktor\u00e1 chce vst\u00fapi\u0165 do sveta letectva. M\u00f4\u017eete si vybra\u0165 ak\u00e9ko\u013evek letisko na svete, vzlietnu\u0165, vykona\u0165 z\u00e1kladn\u00e9 letov\u00e9 man\u00e9vre a bezpe\u010dne prist\u00e1\u0165 \u2014 v\u0161etko pod veden\u00edm sk\u00fasen\u00e9ho in\u0161truktora. \u010co je s\u00fa\u010das\u0165ou bal\u00ed\u010dka: Teoretick\u00fd \u00favod s in\u0161truktorom Mo\u017enos\u0165 v\u00fdberu \u013eubovo\u013en\u00e9ho letiska na vzlet a prist\u00e1tie \u010cas na precvi\u010denie z\u00e1kladn\u00fdch [&hellip;]","og_url":"https:\/\/flyone.sk\/de\/product\/kratke-letecke-dobrodruzstvo-30-minutovy-let\/","og_site_name":"Leteck\u00fd simul\u00e1tor","article_modified_time":"2025-12-12T13:23:57+00:00","og_image":[{"width":1512,"height":1006,"url":"https:\/\/flyone.sk\/wp-content\/uploads\/2025\/12\/HDR_0387-1.jpg","type":"image\/jpeg"}],"twitter_card":"summary_large_image","twitter_misc":{"Gesch\u00e4tzte Lesezeit":"2\u00a0Minuten"},"schema":{"@context":"https:\/\/schema.org","@graph":[{"@type":"WebPage","@id":"https:\/\/flyone.sk\/product\/kratke-letecke-dobrodruzstvo-30-minutovy-let\/","url":"https:\/\/flyone.sk\/product\/kratke-letecke-dobrodruzstvo-30-minutovy-let\/","name":"Kr\u00e1tke leteck\u00e9 dobrodru\u017estvo \u2013 30-min\u00fatov\u00fd let - Leteck\u00fd simul\u00e1tor","isPartOf":{"@id":"https:\/\/flyone.sk\/#website"},"primaryImageOfPage":{"@id":"https:\/\/flyone.sk\/product\/kratke-letecke-dobrodruzstvo-30-minutovy-let\/#primaryimage"},"image":{"@id":"https:\/\/flyone.sk\/product\/kratke-letecke-dobrodruzstvo-30-minutovy-let\/#primaryimage"},"thumbnailUrl":"https:\/\/flyone.sk\/wp-content\/uploads\/2025\/12\/HDR_0387-1.jpg","datePublished":"2025-12-05T10:44:44+00:00","dateModified":"2025-12-12T13:23:57+00:00","breadcrumb":{"@id":"https:\/\/flyone.sk\/product\/kratke-letecke-dobrodruzstvo-30-minutovy-let\/#breadcrumb"},"inLanguage":"de","potentialAction":[{"@type":"ReadAction","target":["https:\/\/flyone.sk\/product\/kratke-letecke-dobrodruzstvo-30-minutovy-let\/"]}]},{"@type":"ImageObject","inLanguage":"de","@id":"https:\/\/flyone.sk\/product\/kratke-letecke-dobrodruzstvo-30-minutovy-let\/#primaryimage","url":"https:\/\/flyone.sk\/wp-content\/uploads\/2025\/12\/HDR_0387-1.jpg","contentUrl":"https:\/\/flyone.sk\/wp-content\/uploads\/2025\/12\/HDR_0387-1.jpg","width":1512,"height":1006},{"@type":"BreadcrumbList","@id":"https:\/\/flyone.sk\/product\/kratke-letecke-dobrodruzstvo-30-minutovy-let\/#breadcrumb","itemListElement":[{"@type":"ListItem","position":1,"name":"Home","item":"https:\/\/flyone.sk\/"},{"@type":"ListItem","position":2,"name":"Obchod","item":"https:\/\/flyone.sk\/obchod\/"},{"@type":"ListItem","position":3,"name":"Kr\u00e1tke leteck\u00e9 dobrodru\u017estvo \u2013 30-min\u00fatov\u00fd let"}]},{"@type":"WebSite","@id":"https:\/\/flyone.sk\/#website","url":"https:\/\/flyone.sk\/","name":"Simulator letenja","description":"","publisher":{"@id":"https:\/\/flyone.sk\/#organization"},"potentialAction":[{"@type":"SearchAction","target":{"@type":"EntryPoint","urlTemplate":"https:\/\/flyone.sk\/?s={search_term_string}"},"query-input":{"@type":"PropertyValueSpecification","valueRequired":true,"valueName":"search_term_string"}}],"inLanguage":"de"},{"@type":"Organization","@id":"https:\/\/flyone.sk\/#organization","name":"Simulator letenja","url":"https:\/\/flyone.sk\/","logo":{"@type":"ImageObject","inLanguage":"de","@id":"https:\/\/flyone.sk\/#\/schema\/logo\/image\/","url":"https:\/\/flyone.sk\/wp-content\/uploads\/2025\/12\/fs1-logo-black.svg","contentUrl":"https:\/\/flyone.sk\/wp-content\/uploads\/2025\/12\/fs1-logo-black.svg","width":96,"height":55,"caption":"Simulator letenja"},"image":{"@id":"https:\/\/flyone.sk\/#\/schema\/logo\/image\/"}}]}},"_links":{"self":[{"href":"https:\/\/flyone.sk\/de\/wp-json\/wp\/v2\/product\/454","targetHints":{"allow":["GET"]}}],"collection":[{"href":"https:\/\/flyone.sk\/de\/wp-json\/wp\/v2\/product"}],"about":[{"href":"https:\/\/flyone.sk\/de\/wp-json\/wp\/v2\/types\/product"}],"replies":[{"embeddable":true,"href":"https:\/\/flyone.sk\/de\/wp-json\/wp\/v2\/comments?post=454"}],"wp:featuredmedia":[{"embeddable":true,"href":"https:\/\/flyone.sk\/de\/wp-json\/wp\/v2\/media\/629"}],"wp:attachment":[{"href":"https:\/\/flyone.sk\/de\/wp-json\/wp\/v2\/media?parent=454"}],"wp:term":[{"taxonomy":"product_brand","embeddable":true,"href":"https:\/\/flyone.sk\/de\/wp-json\/wp\/v2\/product_brand?post=454"},{"taxonomy":"product_cat","embeddable":true,"href":"https:\/\/flyone.sk\/de\/wp-json\/wp\/v2\/product_cat?post=454"},{"taxonomy":"product_tag","embeddable":true,"href":"https:\/\/flyone.sk\/de\/wp-json\/wp\/v2\/product_tag?post=454"}],"curies":[{"name":"wp","href":"https:\/\/api.w.org\/{rel}","templated":true}]}}