{"id":457,"date":"2025-12-05T12:46:14","date_gmt":"2025-12-05T10:46:14","guid":{"rendered":"https:\/\/flyone.sk\/?post_type=product&#038;p=457"},"modified":"2025-12-12T15:27:08","modified_gmt":"2025-12-12T13:27:08","slug":"ultimatny-pilotny-zazitok-120-minutovy-let","status":"publish","type":"product","link":"https:\/\/flyone.sk\/de\/product\/ultimatny-pilotny-zazitok-120-minutovy-let\/","title":{"rendered":"Ultimative Pilot Experience - 120-min\u00fctiger Flug"},"content":{"rendered":"<p><span data-sheets-root=\"1\">Es spielt keine Rolle, ob Sie herausfordernde Luftfahrtman\u00f6ver ausprobieren oder ein Erlebnis mit Freunden teilen m\u00f6chten - eine erweiterte Simulation gibt Ihnen die vollst\u00e4ndige Kontrolle \u00fcber alle Aspekte des Fluges. Es ist ideal f\u00fcr Gruppen bis zu 5 Personen. Sie k\u00f6nnen das Flugzeug selbst auf den Start vorbereiten, fortschrittliche Pilottechniken ausprobieren und Notsituationen und anspruchsvolle Landungen bew\u00e4ltigen.<\/span><\/p>\n<p>Was ist im Paket enthalten:<\/p>\n<p>Detaillierte theoretische Einf\u00fchrung<\/p>\n<p>Komplette Piloterfahrung - von der Vorbereitung des Flugzeugs bis zur Landung<\/p>\n<p>Komplett ma\u00dfgeschneiderter Flug nach Ihren W\u00fcnschen<\/p>\n<p>Wahl eines jeden Flughafens der Welt<\/p>\n<p>Realistische Wetterbedingungen und technische Fehlersimulation<\/p>\n<p>Fotografie in Pilotenuniform<\/p>\n<p>Ideal f\u00fcr: Gruppen von bis zu 5 Personen, erfahrene Flugsimulator-Benutzer, Piloten und alle, die das realistischste Piloterlebnis w\u00fcnschen!<\/p>\n<p>Mehr Informationen<br \/>\nIhr Abenteuer im Flugsimulator beginnt mit einer kurzen theoretischen Einf\u00fchrung. Unser erfahrener Instruktor erkl\u00e4rt die Grundprinzipien der Pilotierung und macht Sie mit den Instrumenten und Bedienelementen im Cockpit vertraut. Die Einf\u00fchrung wird an Ihr Wissen, Ihre Interessen und Ihre Zeit angepasst. Wenn Sie einen l\u00e4ngeren Flug gebucht haben, k\u00f6nnen wir auch fortgeschrittenere Themen durchgehen - aber wir sorgen immer f\u00fcr maximale Zeit f\u00fcr das Fliegen selbst, was die Essenz der Erfahrung ist.<\/p>\n<p>Der Flug beginnt auf der Strecke, wo Sie das Flugzeug unter Aufsicht eines Ausbilders auf den Start vorbereiten. Nach dem Start haben Sie die M\u00f6glichkeit, das Flugzeug manuell zu steuern und die Funktionen des Autopiloten auszuprobieren. W\u00e4hrend des Fluges k\u00f6nnen Sie jeden Ort und jede Wetterlage w\u00e4hlen, was ein vollst\u00e4ndig angepasstes und realistisches Erlebnis schafft. Der Flug endet mit einer Landung am gew\u00e4hlten Flughafen.<\/p>\n<p>Unser moderner Flugsimulator bietet Ihnen die einmalige Gelegenheit zu erleben, wie es ist, ein Verkehrsflugzeug zu fahren - egal ob Sie ein Flugbegeisterter, ein zuk\u00fcnftiger Pilot oder einfach nur auf der Suche nach einem unvergesslichen Abenteuer sind.<\/p>","protected":false},"excerpt":{"rendered":"<p>Nez\u00e1le\u017e\u00ed na tom, \u010di chcete vysk\u00fa\u0161a\u0165 n\u00e1ro\u010dn\u00e9 leteck\u00e9 man\u00e9vre alebo zdie\u013ea\u0165 z\u00e1\u017eitok s priate\u013emi \u2014 pred\u013a\u017een\u00e1 simul\u00e1cia v\u00e1m poskytne \u00fapln\u00fa kontrolu nad v\u0161etk\u00fdmi aspektmi letu. Je ide\u00e1lna pre skupiny do 5 os\u00f4b. Sami priprav\u00edte lietadlo na vzlet, vysk\u00fa\u0161ate pokro\u010dil\u00e9 pilotn\u00e9 techniky a zvl\u00e1dnete mimoriadne situ\u00e1cie aj n\u00e1ro\u010dn\u00e9 prist\u00e1tia. \u010co je s\u00fa\u010das\u0165ou bal\u00ed\u010dka: Podrobn\u00fd teoretick\u00fd \u00favod [&hellip;]<\/p>\n","protected":false},"featured_media":631,"comment_status":"open","ping_status":"closed","template":"","meta":[],"product_brand":[],"product_cat":[15],"product_tag":[],"class_list":{"0":"post-457","1":"product","2":"type-product","3":"status-publish","4":"has-post-thumbnail","6":"product_cat-uncategorized","8":"first","9":"instock","10":"virtual","11":"sold-individually","12":"taxable","13":"purchasable","14":"product-type-simple"},"yoast_head":"<!-- This site is optimized with the Yoast SEO plugin v26.6 - https:\/\/yoast.com\/wordpress\/plugins\/seo\/ -->\n<title>Ultim\u00e1tny pilotn\u00fd z\u00e1\u017eitok \u2013 120-min\u00fatov\u00fd let - Leteck\u00fd simul\u00e1tor<\/title>\n<meta name=\"robots\" content=\"index, follow, max-snippet:-1, max-image-preview:large, max-video-preview:-1\" \/>\n<link rel=\"canonical\" href=\"https:\/\/flyone.sk\/de\/product\/ultimatny-pilotny-zazitok-120-minutovy-let\/\" \/>\n<meta property=\"og:locale\" content=\"de_DE\" \/>\n<meta property=\"og:type\" content=\"article\" \/>\n<meta property=\"og:title\" content=\"Ultim\u00e1tny pilotn\u00fd z\u00e1\u017eitok \u2013 120-min\u00fatov\u00fd let - Leteck\u00fd simul\u00e1tor\" \/>\n<meta property=\"og:description\" content=\"Nez\u00e1le\u017e\u00ed na tom, \u010di chcete vysk\u00fa\u0161a\u0165 n\u00e1ro\u010dn\u00e9 leteck\u00e9 man\u00e9vre alebo zdie\u013ea\u0165 z\u00e1\u017eitok s priate\u013emi \u2014 pred\u013a\u017een\u00e1 simul\u00e1cia v\u00e1m poskytne \u00fapln\u00fa kontrolu nad v\u0161etk\u00fdmi aspektmi letu. Je ide\u00e1lna pre skupiny do 5 os\u00f4b. Sami priprav\u00edte lietadlo na vzlet, vysk\u00fa\u0161ate pokro\u010dil\u00e9 pilotn\u00e9 techniky a zvl\u00e1dnete mimoriadne situ\u00e1cie aj n\u00e1ro\u010dn\u00e9 prist\u00e1tia. \u010co je s\u00fa\u010das\u0165ou bal\u00ed\u010dka: Podrobn\u00fd teoretick\u00fd \u00favod [&hellip;]\" \/>\n<meta property=\"og:url\" content=\"https:\/\/flyone.sk\/de\/product\/ultimatny-pilotny-zazitok-120-minutovy-let\/\" \/>\n<meta property=\"og:site_name\" content=\"Leteck\u00fd simul\u00e1tor\" \/>\n<meta property=\"article:modified_time\" content=\"2025-12-12T13:27:08+00:00\" \/>\n<meta property=\"og:image\" content=\"https:\/\/flyone.sk\/wp-content\/uploads\/2025\/12\/DSCF7195-1.jpg\" \/>\n\t<meta property=\"og:image:width\" content=\"1560\" \/>\n\t<meta property=\"og:image:height\" content=\"1040\" \/>\n\t<meta property=\"og:image:type\" content=\"image\/jpeg\" \/>\n<meta name=\"twitter:card\" content=\"summary_large_image\" \/>\n<meta name=\"twitter:label1\" content=\"Gesch\u00e4tzte Lesezeit\" \/>\n\t<meta name=\"twitter:data1\" content=\"2\u00a0Minuten\" \/>\n<script type=\"application\/ld+json\" class=\"yoast-schema-graph\">{\"@context\":\"https:\/\/schema.org\",\"@graph\":[{\"@type\":\"WebPage\",\"@id\":\"https:\/\/flyone.sk\/product\/ultimatny-pilotny-zazitok-120-minutovy-let\/\",\"url\":\"https:\/\/flyone.sk\/product\/ultimatny-pilotny-zazitok-120-minutovy-let\/\",\"name\":\"Ultim\u00e1tny pilotn\u00fd z\u00e1\u017eitok \u2013 120-min\u00fatov\u00fd let - Leteck\u00fd simul\u00e1tor\",\"isPartOf\":{\"@id\":\"https:\/\/flyone.sk\/#website\"},\"primaryImageOfPage\":{\"@id\":\"https:\/\/flyone.sk\/product\/ultimatny-pilotny-zazitok-120-minutovy-let\/#primaryimage\"},\"image\":{\"@id\":\"https:\/\/flyone.sk\/product\/ultimatny-pilotny-zazitok-120-minutovy-let\/#primaryimage\"},\"thumbnailUrl\":\"https:\/\/flyone.sk\/wp-content\/uploads\/2025\/12\/DSCF7195-1.jpg\",\"datePublished\":\"2025-12-05T10:46:14+00:00\",\"dateModified\":\"2025-12-12T13:27:08+00:00\",\"breadcrumb\":{\"@id\":\"https:\/\/flyone.sk\/product\/ultimatny-pilotny-zazitok-120-minutovy-let\/#breadcrumb\"},\"inLanguage\":\"de\",\"potentialAction\":[{\"@type\":\"ReadAction\",\"target\":[\"https:\/\/flyone.sk\/product\/ultimatny-pilotny-zazitok-120-minutovy-let\/\"]}]},{\"@type\":\"ImageObject\",\"inLanguage\":\"de\",\"@id\":\"https:\/\/flyone.sk\/product\/ultimatny-pilotny-zazitok-120-minutovy-let\/#primaryimage\",\"url\":\"https:\/\/flyone.sk\/wp-content\/uploads\/2025\/12\/DSCF7195-1.jpg\",\"contentUrl\":\"https:\/\/flyone.sk\/wp-content\/uploads\/2025\/12\/DSCF7195-1.jpg\",\"width\":1560,\"height\":1040},{\"@type\":\"BreadcrumbList\",\"@id\":\"https:\/\/flyone.sk\/product\/ultimatny-pilotny-zazitok-120-minutovy-let\/#breadcrumb\",\"itemListElement\":[{\"@type\":\"ListItem\",\"position\":1,\"name\":\"Home\",\"item\":\"https:\/\/flyone.sk\/\"},{\"@type\":\"ListItem\",\"position\":2,\"name\":\"Obchod\",\"item\":\"https:\/\/flyone.sk\/obchod\/\"},{\"@type\":\"ListItem\",\"position\":3,\"name\":\"Ultim\u00e1tny pilotn\u00fd z\u00e1\u017eitok \u2013 120-min\u00fatov\u00fd let\"}]},{\"@type\":\"WebSite\",\"@id\":\"https:\/\/flyone.sk\/#website\",\"url\":\"https:\/\/flyone.sk\/\",\"name\":\"Simulator letenja\",\"description\":\"\",\"publisher\":{\"@id\":\"https:\/\/flyone.sk\/#organization\"},\"potentialAction\":[{\"@type\":\"SearchAction\",\"target\":{\"@type\":\"EntryPoint\",\"urlTemplate\":\"https:\/\/flyone.sk\/?s={search_term_string}\"},\"query-input\":{\"@type\":\"PropertyValueSpecification\",\"valueRequired\":true,\"valueName\":\"search_term_string\"}}],\"inLanguage\":\"de\"},{\"@type\":\"Organization\",\"@id\":\"https:\/\/flyone.sk\/#organization\",\"name\":\"Simulator letenja\",\"url\":\"https:\/\/flyone.sk\/\",\"logo\":{\"@type\":\"ImageObject\",\"inLanguage\":\"de\",\"@id\":\"https:\/\/flyone.sk\/#\/schema\/logo\/image\/\",\"url\":\"https:\/\/flyone.sk\/wp-content\/uploads\/2025\/12\/fs1-logo-black.svg\",\"contentUrl\":\"https:\/\/flyone.sk\/wp-content\/uploads\/2025\/12\/fs1-logo-black.svg\",\"width\":96,\"height\":55,\"caption\":\"Simulator letenja\"},\"image\":{\"@id\":\"https:\/\/flyone.sk\/#\/schema\/logo\/image\/\"}}]}<\/script>\n<!-- \/ Yoast SEO plugin. -->","yoast_head_json":{"title":"Ultim\u00e1tny pilotn\u00fd z\u00e1\u017eitok \u2013 120-min\u00fatov\u00fd let - Leteck\u00fd simul\u00e1tor","robots":{"index":"index","follow":"follow","max-snippet":"max-snippet:-1","max-image-preview":"max-image-preview:large","max-video-preview":"max-video-preview:-1"},"canonical":"https:\/\/flyone.sk\/de\/product\/ultimatny-pilotny-zazitok-120-minutovy-let\/","og_locale":"de_DE","og_type":"article","og_title":"Ultim\u00e1tny pilotn\u00fd z\u00e1\u017eitok \u2013 120-min\u00fatov\u00fd let - Leteck\u00fd simul\u00e1tor","og_description":"Nez\u00e1le\u017e\u00ed na tom, \u010di chcete vysk\u00fa\u0161a\u0165 n\u00e1ro\u010dn\u00e9 leteck\u00e9 man\u00e9vre alebo zdie\u013ea\u0165 z\u00e1\u017eitok s priate\u013emi \u2014 pred\u013a\u017een\u00e1 simul\u00e1cia v\u00e1m poskytne \u00fapln\u00fa kontrolu nad v\u0161etk\u00fdmi aspektmi letu. Je ide\u00e1lna pre skupiny do 5 os\u00f4b. Sami priprav\u00edte lietadlo na vzlet, vysk\u00fa\u0161ate pokro\u010dil\u00e9 pilotn\u00e9 techniky a zvl\u00e1dnete mimoriadne situ\u00e1cie aj n\u00e1ro\u010dn\u00e9 prist\u00e1tia. \u010co je s\u00fa\u010das\u0165ou bal\u00ed\u010dka: Podrobn\u00fd teoretick\u00fd \u00favod [&hellip;]","og_url":"https:\/\/flyone.sk\/de\/product\/ultimatny-pilotny-zazitok-120-minutovy-let\/","og_site_name":"Leteck\u00fd simul\u00e1tor","article_modified_time":"2025-12-12T13:27:08+00:00","og_image":[{"width":1560,"height":1040,"url":"https:\/\/flyone.sk\/wp-content\/uploads\/2025\/12\/DSCF7195-1.jpg","type":"image\/jpeg"}],"twitter_card":"summary_large_image","twitter_misc":{"Gesch\u00e4tzte Lesezeit":"2\u00a0Minuten"},"schema":{"@context":"https:\/\/schema.org","@graph":[{"@type":"WebPage","@id":"https:\/\/flyone.sk\/product\/ultimatny-pilotny-zazitok-120-minutovy-let\/","url":"https:\/\/flyone.sk\/product\/ultimatny-pilotny-zazitok-120-minutovy-let\/","name":"Ultim\u00e1tny pilotn\u00fd z\u00e1\u017eitok \u2013 120-min\u00fatov\u00fd let - Leteck\u00fd simul\u00e1tor","isPartOf":{"@id":"https:\/\/flyone.sk\/#website"},"primaryImageOfPage":{"@id":"https:\/\/flyone.sk\/product\/ultimatny-pilotny-zazitok-120-minutovy-let\/#primaryimage"},"image":{"@id":"https:\/\/flyone.sk\/product\/ultimatny-pilotny-zazitok-120-minutovy-let\/#primaryimage"},"thumbnailUrl":"https:\/\/flyone.sk\/wp-content\/uploads\/2025\/12\/DSCF7195-1.jpg","datePublished":"2025-12-05T10:46:14+00:00","dateModified":"2025-12-12T13:27:08+00:00","breadcrumb":{"@id":"https:\/\/flyone.sk\/product\/ultimatny-pilotny-zazitok-120-minutovy-let\/#breadcrumb"},"inLanguage":"de","potentialAction":[{"@type":"ReadAction","target":["https:\/\/flyone.sk\/product\/ultimatny-pilotny-zazitok-120-minutovy-let\/"]}]},{"@type":"ImageObject","inLanguage":"de","@id":"https:\/\/flyone.sk\/product\/ultimatny-pilotny-zazitok-120-minutovy-let\/#primaryimage","url":"https:\/\/flyone.sk\/wp-content\/uploads\/2025\/12\/DSCF7195-1.jpg","contentUrl":"https:\/\/flyone.sk\/wp-content\/uploads\/2025\/12\/DSCF7195-1.jpg","width":1560,"height":1040},{"@type":"BreadcrumbList","@id":"https:\/\/flyone.sk\/product\/ultimatny-pilotny-zazitok-120-minutovy-let\/#breadcrumb","itemListElement":[{"@type":"ListItem","position":1,"name":"Home","item":"https:\/\/flyone.sk\/"},{"@type":"ListItem","position":2,"name":"Obchod","item":"https:\/\/flyone.sk\/obchod\/"},{"@type":"ListItem","position":3,"name":"Ultim\u00e1tny pilotn\u00fd z\u00e1\u017eitok \u2013 120-min\u00fatov\u00fd let"}]},{"@type":"WebSite","@id":"https:\/\/flyone.sk\/#website","url":"https:\/\/flyone.sk\/","name":"Simulator letenja","description":"","publisher":{"@id":"https:\/\/flyone.sk\/#organization"},"potentialAction":[{"@type":"SearchAction","target":{"@type":"EntryPoint","urlTemplate":"https:\/\/flyone.sk\/?s={search_term_string}"},"query-input":{"@type":"PropertyValueSpecification","valueRequired":true,"valueName":"search_term_string"}}],"inLanguage":"de"},{"@type":"Organization","@id":"https:\/\/flyone.sk\/#organization","name":"Simulator letenja","url":"https:\/\/flyone.sk\/","logo":{"@type":"ImageObject","inLanguage":"de","@id":"https:\/\/flyone.sk\/#\/schema\/logo\/image\/","url":"https:\/\/flyone.sk\/wp-content\/uploads\/2025\/12\/fs1-logo-black.svg","contentUrl":"https:\/\/flyone.sk\/wp-content\/uploads\/2025\/12\/fs1-logo-black.svg","width":96,"height":55,"caption":"Simulator letenja"},"image":{"@id":"https:\/\/flyone.sk\/#\/schema\/logo\/image\/"}}]}},"_links":{"self":[{"href":"https:\/\/flyone.sk\/de\/wp-json\/wp\/v2\/product\/457","targetHints":{"allow":["GET"]}}],"collection":[{"href":"https:\/\/flyone.sk\/de\/wp-json\/wp\/v2\/product"}],"about":[{"href":"https:\/\/flyone.sk\/de\/wp-json\/wp\/v2\/types\/product"}],"replies":[{"embeddable":true,"href":"https:\/\/flyone.sk\/de\/wp-json\/wp\/v2\/comments?post=457"}],"wp:featuredmedia":[{"embeddable":true,"href":"https:\/\/flyone.sk\/de\/wp-json\/wp\/v2\/media\/631"}],"wp:attachment":[{"href":"https:\/\/flyone.sk\/de\/wp-json\/wp\/v2\/media?parent=457"}],"wp:term":[{"taxonomy":"product_brand","embeddable":true,"href":"https:\/\/flyone.sk\/de\/wp-json\/wp\/v2\/product_brand?post=457"},{"taxonomy":"product_cat","embeddable":true,"href":"https:\/\/flyone.sk\/de\/wp-json\/wp\/v2\/product_cat?post=457"},{"taxonomy":"product_tag","embeddable":true,"href":"https:\/\/flyone.sk\/de\/wp-json\/wp\/v2\/product_tag?post=457"}],"curies":[{"name":"wp","href":"https:\/\/api.w.org\/{rel}","templated":true}]}}